{"id":26060,"date":"2025-02-11T14:50:35","date_gmt":"2025-02-11T14:50:35","guid":{"rendered":"https:\/\/pronjas.com\/?post_type=product&amp;p=26060"},"modified":"2025-02-11T14:50:35","modified_gmt":"2025-02-11T14:50:35","slug":"2-roll-plate-rolling-machine","status":"publish","type":"product","link":"https:\/\/pronjasmachinery.com\/es\/product\/2-roll-plate-rolling-machine\/","title":{"rendered":"M\u00e1quina laminadora de chapas de 2 rodillos"},"content":{"rendered":"<div data-elementor-type=\"wp-post\" data-elementor-id=\"26060\" class=\"elementor elementor-26060\" data-elementor-post-type=\"product\">\n\t\t\t\t<div class=\"elementor-element elementor-element-2892d497 e-con-full e-flex e-con e-parent\" data-id=\"2892d497\" data-element_type=\"container\">\n\t\t\t\t<div class=\"elementor-element elementor-element-e49f742 elementor-widget elementor-widget-text-editor\" data-id=\"e49f742\" data-element_type=\"widget\" data-widget_type=\"text-editor.default\">\n\t\t\t\t\t\t\t\t\t\n<h2 class=\"wp-block-heading\"><strong>Principio de funcionamiento de la m\u00e1quina roladora de placa de 2 rodillos<\/strong><\/h2>\n\n<p>Principio de funcionamiento de la m\u00e1quina roladora de chapas de 2 rodillos: El rodillo superior de la m\u00e1quina roladora de placas se encuentra en una posici\u00f3n sim\u00e9trica en el centro de los dos rodillos inferiores. El aceite hidr\u00e1ulico en el cilindro hidr\u00e1ulico act\u00faa sobre el pist\u00f3n para realizar movimientos verticales de elevaci\u00f3n y descenso. El engranaje final del reductor principal acciona los engranajes de los dos rodillos inferiores para que engranen y giren a fin de proporcionar par de torsi\u00f3n a la placa enrollada. La placa plana de metal pl\u00e1stico de la laminadora de placas pasa entre los tres rodillos de trabajo (dos rodillos inferiores y uno superior) del equipo. Con la ayuda de la presi\u00f3n hacia abajo del rodillo superior y el movimiento de rotaci\u00f3n del rodillo inferior, la placa de metal se dobla continuamente en m\u00faltiples pasadas, lo que resulta en una deformaci\u00f3n pl\u00e1stica permanente y se enrolla en el cilindro, cono o parte del mismo que se requiera.<\/p>\n\n<p>La m\u00e1quina laminadora de placas de dos rodillos es un equipo de laminaci\u00f3n de placas de dos rodillos. Se utiliza principalmente para doblar cilindros cil\u00edndricos de placa de metal con un espesor de 0.5-5mm, un ancho de 300mm-2000mm, y un l\u00edmite de rendimiento de menos de 350Mpa durante el uso en fr\u00edo. Es ampliamente utilizado en la producci\u00f3n de diversos cilindros cil\u00edndricos en autom\u00f3viles, maquinaria de alimentos, motores, equipos contra incendios y otras industrias. La m\u00e1quina laminadora de placa de dos rodillos se caracteriza por la alta precisi\u00f3n del producto, sin bordes rectos adicionales, y alta eficiencia de producci\u00f3n. El mayor error de precisi\u00f3n es inferior a 0,5 mm; la mayor eficiencia puede alcanzar las 400 piezas\/hora.<\/p>\n\n<p>El rodillo superior presiona la placa de acero entre el rodillo superior (dos rodillos) y el rodillo inferior (rodillo el\u00e1stico). La capa el\u00e1stica del rodillo inferior forma una concavidad para impulsar la placa de acero a doblarse, formando la curvatura. Seg\u00fan las diferentes formas estructurales y medios de control, se determinan las capacidades y la eficacia de la m\u00e1quina.<\/p>\n\n<h2 class=\"wp-block-heading\"><strong>Caracter\u00edsticas\u00a0<\/strong><strong>M\u00e1quina laminadora de chapa de 2 rodillos<\/strong><\/h2>\n\n<h2 class=\"wp-block-heading\"><strong>\u00a0<\/strong><\/h2>\n\n<p><strong>Balanceo de alta eficiencia<\/strong>: La m\u00e1quina laminadora de chapas de 2 rodillos adopta un reductor de serie K de alta velocidad de relaci\u00f3n y un motor de peque\u00f1a potencia de adaptaci\u00f3n, realizando un gran par y ahorro de energ\u00eda al mismo tiempo, la redondez acabada de los productos laminados es alta y el error de di\u00e1metro es \u22644\u2030.<\/p>\n\n<p><strong>Nivelaci\u00f3n autom\u00e1tica<\/strong>La tecnolog\u00eda de nivelaci\u00f3n autom\u00e1tica a ambos lados del eje del rodillo resuelve los problemas del ajuste manual y el borde err\u00f3neo de los productos acabados, lo que mejora enormemente la eficacia del trabajo.<\/p>\n\n<p><strong>Bastidor basculante hidr\u00e1ulico<\/strong>Equipado con un bastidor basculante hidr\u00e1ulico, ahorra mano de obra y mejora la eficiencia de la operaci\u00f3n, haciendo que la pieza de trabajo laminada est\u00e9 m\u00e1s relajada.<\/p>\n\n<p><strong>Control inteligente<\/strong>: Equipado con Siemens PLC y una pantalla t\u00e1ctil, se da cuenta de libre programaci\u00f3n de rodadura, que es conveniente para la operaci\u00f3n y mejora la eficiencia de la producci\u00f3n.<\/p>\n\n<p><strong>Aplicaci\u00f3n multifuncional<\/strong>M\u00e1quina laminadora de chapa de 2 rodillos : La m\u00e1quina laminadora de chapa de 2 rodillos es adecuada para laminar piezas redondas, de arco, c\u00f3nicas, cuadradas, de secci\u00f3n m\u00faltiple en forma de arco en las industrias de energ\u00eda, transporte, petr\u00f3leo, qu\u00edmica, calderas, construcci\u00f3n naval, hidroel\u00e9ctrica, estructuras met\u00e1licas y otras.<img decoding=\"async\" class=\"wp-image-5160 alignleft\" style=\"width: 500px;\" src=\"https:\/\/pronjas.com\/wp-content\/uploads\/2024\/03\/2-Rolls-Plate-Rolling-Machine-2-scaled-1.jpg\" alt=\"Laminadora de chapa de 2 rodillos\" height=\"375\" srcset=\"https:\/\/pronjasmachinery.com\/wp-content\/uploads\/2024\/03\/2-Rolls-Plate-Rolling-Machine-2-scaled-1.jpg 2560w, https:\/\/pronjasmachinery.com\/wp-content\/uploads\/2024\/03\/2-Rolls-Plate-Rolling-Machine-2-scaled-1-300x225.jpg 300w, https:\/\/pronjasmachinery.com\/wp-content\/uploads\/2024\/03\/2-Rolls-Plate-Rolling-Machine-2-scaled-1-1024x768.jpg 1024w, https:\/\/pronjasmachinery.com\/wp-content\/uploads\/2024\/03\/2-Rolls-Plate-Rolling-Machine-2-scaled-1-768x576.jpg 768w, https:\/\/pronjasmachinery.com\/wp-content\/uploads\/2024\/03\/2-Rolls-Plate-Rolling-Machine-2-scaled-1-1536x1152.jpg 1536w, https:\/\/pronjasmachinery.com\/wp-content\/uploads\/2024\/03\/2-Rolls-Plate-Rolling-Machine-2-scaled-1-2048x1536.jpg 2048w\" sizes=\"(max-width: 2560px) 100vw, 2560px\" \/><img fetchpriority=\"high\" decoding=\"async\" class=\"alignleft wp-image-5162\" style=\"width: 500px;\" src=\"https:\/\/pronjas.com\/wp-content\/uploads\/2024\/03\/2-Rolls-Plate-Rolling-Machine-4-scaled-1.jpg\" alt=\"Laminadora de chapa de 2 rodillos\" width=\"1600\" height=\"375\" \/><\/p>\n\n<h2 class=\"wp-block-heading\"><strong>Par\u00e1metros<\/strong><\/h2>\n<table width=\"914\">\n<tbody>\n<tr>\n<td rowspan=\"2\" width=\"147\">Modelo<\/td>\n<td rowspan=\"2\" width=\"144\">\u00a0L\u00edmite el\u00e1stico de la chapa (Mpa)<\/td>\n<td rowspan=\"2\" width=\"140\">Espesor m\u00e1ximo de laminado (mm)<\/td>\n<td rowspan=\"2\" width=\"123\">Anchura m\u00e1xima de laminado (mm)<\/td>\n<td rowspan=\"2\" width=\"114\">Velocidad de rodadura\uff08m\/min\uff09<\/td>\n<td rowspan=\"2\" width=\"110\">Potencia del motor el\u00e9ctrico (kw)<\/td>\n<td rowspan=\"2\" width=\"134\">Potencia del motor de la estaci\u00f3n hidr\u00e1ulica (kw)<\/td>\n<\/tr>\n<tr>\n<td width=\"147\">W10-1\u00d7300<\/td>\n<td width=\"144\">245<\/td>\n<td width=\"140\">1<\/td>\n<td width=\"123\">300<\/td>\n<td width=\"114\">4.5<\/td>\n<td width=\"110\">0.37<\/td>\n<td width=\"134\">2.2<\/td>\n<\/tr>\n<tr>\n<td width=\"147\">W10-2\u00d7400<\/td>\n<td width=\"144\">245<\/td>\n<td width=\"140\">2<\/td>\n<td width=\"123\">400<\/td>\n<td width=\"114\">4.5<\/td>\n<td width=\"110\">0.37<\/td>\n<td width=\"134\">2.2<\/td>\n<\/tr>\n<tr>\n<td width=\"147\">W10-2\u00d7600<\/td>\n<td width=\"144\">245<\/td>\n<td width=\"140\">2<\/td>\n<td width=\"123\">600<\/td>\n<td width=\"114\">4.5<\/td>\n<td width=\"110\">0.55<\/td>\n<td width=\"134\">2.2<\/td>\n<\/tr>\n<tr>\n<td width=\"147\">W10-3\u00d7700<\/td>\n<td width=\"144\">245<\/td>\n<td width=\"140\">3<\/td>\n<td width=\"123\">700<\/td>\n<td width=\"114\">4.5<\/td>\n<td width=\"110\">0.75<\/td>\n<td width=\"134\">3<\/td>\n<\/tr>\n<tr>\n<td width=\"147\">W10-3\u00d7800<\/td>\n<td width=\"144\">245<\/td>\n<td width=\"140\">3<\/td>\n<td width=\"123\">800<\/td>\n<td width=\"114\">4.5<\/td>\n<td width=\"110\">0.75<\/td>\n<td width=\"134\">3<\/td>\n<\/tr>\n<tr>\n<td width=\"147\">W10-3\u00d71000<\/td>\n<td width=\"144\">245<\/td>\n<td width=\"140\">3<\/td>\n<td width=\"123\">1000<\/td>\n<td width=\"114\">4.5<\/td>\n<td width=\"110\">1.1<\/td>\n<td width=\"134\">3<\/td>\n<\/tr>\n<tr>\n<td width=\"147\">W10-3\u00d71250<\/td>\n<td width=\"144\">245<\/td>\n<td width=\"140\">3<\/td>\n<td width=\"123\">1250<\/td>\n<td width=\"114\">4.5<\/td>\n<td width=\"110\">1.1<\/td>\n<td width=\"134\">3<\/td>\n<\/tr>\n<tr>\n<td width=\"147\">W10-4\u00d71300<\/td>\n<td width=\"144\">245<\/td>\n<td width=\"140\">4<\/td>\n<td width=\"123\">1300<\/td>\n<td width=\"114\">4.5<\/td>\n<td width=\"110\">1.1<\/td>\n<td width=\"134\">3<\/td>\n<\/tr>\n<tr>\n<td width=\"147\">W10-4\u00d71500<\/td>\n<td width=\"144\">245<\/td>\n<td width=\"140\">4<\/td>\n<td width=\"123\">1500<\/td>\n<td width=\"114\">4<\/td>\n<td width=\"110\">1.5<\/td>\n<td width=\"134\">3<\/td>\n<\/tr>\n<tr>\n<td width=\"147\">W10-3\u00d71800<\/td>\n<td width=\"144\">245<\/td>\n<td width=\"140\">3<\/td>\n<td width=\"123\">1800<\/td>\n<td width=\"114\">4<\/td>\n<td width=\"110\">1.5<\/td>\n<td width=\"134\">3<\/td>\n<\/tr>\n<tr>\n<td width=\"147\">W10-3\u00d72000<\/td>\n<td width=\"144\">245<\/td>\n<td width=\"140\">3<\/td>\n<td width=\"123\">2000<\/td>\n<td width=\"114\">4<\/td>\n<td width=\"110\">1.5<\/td>\n<td width=\"134\">3<\/td>\n<\/tr>\n<\/tbody>\n<\/table>\n\n<h2 class=\"wp-block-heading\"><strong>Detalles de la m\u00e1quina laminadora de chapas de 2 rodillos<\/strong><\/h2>\n\n<p><strong>Protecci\u00f3n del medio ambiente y ahorro de energ\u00eda<\/strong>: Adopta un reductor de la serie K de alta relaci\u00f3n de velocidad y un motor de peque\u00f1a potencia para conseguir un gran par y ahorrar energ\u00eda al mismo tiempo.<\/p>\n\n<p><strong>Enrollado autom\u00e1tico<\/strong>: Configurado con Siemens PLC y pantalla t\u00e1ctil para realizar libremente programable de rodadura para facilitar la operaci\u00f3n.<\/p>\n<p><strong>Sistema de empuje<\/strong>sistema de empuje, es conveniente para recoger materiales y ahorrar tiempo.<\/p>\n<p><img decoding=\"async\" class=\"alignnone size-medium wp-image-4532\" src=\"https:\/\/pronjas.com\/wp-content\/uploads\/2024\/03\/\u56fe\u72474-225x300.png\" alt=\"\" width=\"225\" height=\"300\" srcset=\"https:\/\/pronjasmachinery.com\/wp-content\/uploads\/2024\/03\/\u56fe\u72474-225x300.png 225w, https:\/\/pronjasmachinery.com\/wp-content\/uploads\/2024\/03\/\u56fe\u72474.png 468w\" sizes=\"(max-width: 225px) 100vw, 225px\" \/><img decoding=\"async\" class=\"alignnone size-medium wp-image-4531\" src=\"https:\/\/pronjas.com\/wp-content\/uploads\/2024\/03\/\u56fe\u72473-225x300.png\" alt=\"\" width=\"225\" height=\"300\" srcset=\"https:\/\/pronjasmachinery.com\/wp-content\/uploads\/2024\/03\/\u56fe\u72473-225x300.png 225w, https:\/\/pronjasmachinery.com\/wp-content\/uploads\/2024\/03\/\u56fe\u72473.png 475w\" sizes=\"(max-width: 225px) 100vw, 225px\" \/><img loading=\"lazy\" decoding=\"async\" class=\"alignnone size-medium wp-image-4530\" src=\"https:\/\/pronjas.com\/wp-content\/uploads\/2024\/03\/\u56fe\u72472-225x300.png\" alt=\"\" width=\"225\" height=\"300\" srcset=\"https:\/\/pronjasmachinery.com\/wp-content\/uploads\/2024\/03\/\u56fe\u72472-225x300.png 225w, https:\/\/pronjasmachinery.com\/wp-content\/uploads\/2024\/03\/\u56fe\u72472.png 478w\" sizes=\"(max-width: 225px) 100vw, 225px\" \/><img loading=\"lazy\" decoding=\"async\" class=\"alignnone size-medium wp-image-4529\" src=\"https:\/\/pronjas.com\/wp-content\/uploads\/2024\/03\/\u56fe\u72471-225x300.png\" alt=\"\" width=\"225\" height=\"300\" srcset=\"https:\/\/pronjasmachinery.com\/wp-content\/uploads\/2024\/03\/\u56fe\u72471-225x300.png 225w, https:\/\/pronjasmachinery.com\/wp-content\/uploads\/2024\/03\/\u56fe\u72471.png 572w\" sizes=\"(max-width: 225px) 100vw, 225px\" \/><\/p>\n\n<p><strong>Sistema de apoyo<\/strong>: con un sistema de soporte para el apoyo de cilindros grandes, mejorar la redondez del producto.<\/p>\n\n<p><strong>Nivelaci\u00f3n autom\u00e1tica<\/strong>con control de la posici\u00f3n de los rodillos y sistema de nivelaci\u00f3n autom\u00e1tica para garantizar la calidad y estabilidad del producto.<\/p>\n<p><img loading=\"lazy\" decoding=\"async\" class=\"wp-image-4533 alignleft\" src=\"https:\/\/pronjas.com\/wp-content\/uploads\/2024\/03\/\u56fe\u72475-300x225.png\" alt=\"\" width=\"351\" height=\"263\" srcset=\"https:\/\/pronjasmachinery.com\/wp-content\/uploads\/2024\/03\/\u56fe\u72475-300x225.png 300w, https:\/\/pronjasmachinery.com\/wp-content\/uploads\/2024\/03\/\u56fe\u72475.png 543w\" sizes=\"(max-width: 351px) 100vw, 351px\" \/><img loading=\"lazy\" decoding=\"async\" class=\"wp-image-4534 alignleft\" src=\"https:\/\/pronjas.com\/wp-content\/uploads\/2024\/03\/\u56fe\u72476-225x300.png\" alt=\"\" width=\"197\" height=\"263\" srcset=\"https:\/\/pronjasmachinery.com\/wp-content\/uploads\/2024\/03\/\u56fe\u72476-225x300.png 225w, https:\/\/pronjasmachinery.com\/wp-content\/uploads\/2024\/03\/\u56fe\u72476.png 409w\" sizes=\"(max-width: 197px) 100vw, 197px\" \/><img loading=\"lazy\" decoding=\"async\" class=\"wp-image-4535 alignnone\" src=\"https:\/\/pronjas.com\/wp-content\/uploads\/2024\/03\/\u56fe\u72477-300x165.png\" alt=\"\" width=\"478\" height=\"263\" srcset=\"https:\/\/pronjasmachinery.com\/wp-content\/uploads\/2024\/03\/\u56fe\u72477-300x165.png 300w, https:\/\/pronjasmachinery.com\/wp-content\/uploads\/2024\/03\/\u56fe\u72477.png 720w\" sizes=\"(max-width: 478px) 100vw, 478px\" \/><\/p>\n<p><strong>soporte basculante hidr\u00e1ulico<\/strong>: con soporte basculante hidr\u00e1ulico, que ahorra mano de obra y mejora la eficiencia.<\/p>\n\n<p><strong>Plataforma de alimentaci\u00f3n ajustable<\/strong>con una plataforma de alimentaci\u00f3n ajustable, conveniente para la alimentaci\u00f3n.<\/p>\n<p><img loading=\"lazy\" decoding=\"async\" class=\"size-medium wp-image-4536 alignleft\" src=\"https:\/\/pronjas.com\/wp-content\/uploads\/2024\/03\/\u56fe\u72478-225x300.png\" alt=\"\" width=\"225\" height=\"300\" srcset=\"https:\/\/pronjasmachinery.com\/wp-content\/uploads\/2024\/03\/\u56fe\u72478-225x300.png 225w, https:\/\/pronjasmachinery.com\/wp-content\/uploads\/2024\/03\/\u56fe\u72478.png 480w\" sizes=\"(max-width: 225px) 100vw, 225px\" \/><img loading=\"lazy\" decoding=\"async\" class=\"size-medium wp-image-4537 alignleft\" src=\"https:\/\/pronjas.com\/wp-content\/uploads\/2024\/03\/\u56fe\u72479-225x300.png\" alt=\"\" width=\"225\" height=\"300\" srcset=\"https:\/\/pronjasmachinery.com\/wp-content\/uploads\/2024\/03\/\u56fe\u72479-225x300.png 225w, https:\/\/pronjasmachinery.com\/wp-content\/uploads\/2024\/03\/\u56fe\u72479.png 493w\" sizes=\"(max-width: 225px) 100vw, 225px\" \/><\/p>\n\n<h2 class=\"wp-block-heading\"><strong>Aplicaciones\u00a0<\/strong><strong>M\u00e1quina laminadora de chapa de 2 rodillos<\/strong><\/h2>\n\n<p><strong>\u25cf Botellas para veh\u00edculos de GNL\u00a0<\/strong><\/p>\n\n<p><strong>\u25cf\u00a0<\/strong><strong>Industria de conductos de ventilaci\u00f3n<\/strong><\/p>\n\n<p><strong>\u25cf\u00a0<\/strong><strong>Industria del filtro<\/strong><\/p>\n<p><img loading=\"lazy\" decoding=\"async\" class=\"wp-image-4538 alignleft\" src=\"https:\/\/pronjas.com\/wp-content\/uploads\/2024\/03\/\u56fe\u724710-300x225.png\" alt=\"\" width=\"416\" height=\"312\" srcset=\"https:\/\/pronjasmachinery.com\/wp-content\/uploads\/2024\/03\/\u56fe\u724710-300x225.png 300w, https:\/\/pronjasmachinery.com\/wp-content\/uploads\/2024\/03\/\u56fe\u724710-1024x768.png 1024w, https:\/\/pronjasmachinery.com\/wp-content\/uploads\/2024\/03\/\u56fe\u724710-768x576.png 768w, https:\/\/pronjasmachinery.com\/wp-content\/uploads\/2024\/03\/\u56fe\u724710.png 1266w\" sizes=\"(max-width: 416px) 100vw, 416px\" \/><img loading=\"lazy\" decoding=\"async\" class=\"wp-image-4539 alignleft\" src=\"https:\/\/pronjas.com\/wp-content\/uploads\/2024\/03\/\u56fe\u724711-233x300.png\" alt=\"\" width=\"242\" height=\"312\" srcset=\"https:\/\/pronjasmachinery.com\/wp-content\/uploads\/2024\/03\/\u56fe\u724711-233x300.png 233w, https:\/\/pronjasmachinery.com\/wp-content\/uploads\/2024\/03\/\u56fe\u724711.png 428w\" sizes=\"(max-width: 242px) 100vw, 242px\" \/><img loading=\"lazy\" decoding=\"async\" class=\"wp-image-4540 alignnone\" src=\"https:\/\/pronjas.com\/wp-content\/uploads\/2024\/03\/\u56fe\u724712-300x225.png\" alt=\"\" width=\"416\" height=\"312\" srcset=\"https:\/\/pronjasmachinery.com\/wp-content\/uploads\/2024\/03\/\u56fe\u724712-300x225.png 300w, https:\/\/pronjasmachinery.com\/wp-content\/uploads\/2024\/03\/\u56fe\u724712.png 500w\" sizes=\"(max-width: 416px) 100vw, 416px\" \/><\/p>\n\n<p><strong>\u25cf Industria de las bombas\u00a0<\/strong><\/p>\n\n<p><strong>\u25cf\u00a0<\/strong><strong>Industria de extintores\u00a0<\/strong><\/p>\n\n<p><strong>\u25cf\u00a0<\/strong><strong>Industria de recipientes a presi\u00f3n<\/strong><\/p>\n<p><img loading=\"lazy\" decoding=\"async\" class=\"wp-image-4542 alignleft\" src=\"https:\/\/pronjas.com\/wp-content\/uploads\/2024\/03\/\u56fe\u724714-300x188.png\" alt=\"\" width=\"351\" height=\"220\" srcset=\"https:\/\/pronjasmachinery.com\/wp-content\/uploads\/2024\/03\/\u56fe\u724714-300x188.png 300w, https:\/\/pronjasmachinery.com\/wp-content\/uploads\/2024\/03\/\u56fe\u724714.png 720w\" sizes=\"(max-width: 351px) 100vw, 351px\" \/><img loading=\"lazy\" decoding=\"async\" class=\"wp-image-4545 alignleft\" src=\"https:\/\/pronjas.com\/wp-content\/uploads\/2024\/03\/\u56fe\u724717-300x224.png\" alt=\"\" width=\"294\" height=\"220\" srcset=\"https:\/\/pronjasmachinery.com\/wp-content\/uploads\/2024\/03\/\u56fe\u724717-300x224.png 300w, https:\/\/pronjasmachinery.com\/wp-content\/uploads\/2024\/03\/\u56fe\u724717.png 663w\" sizes=\"(max-width: 294px) 100vw, 294px\" \/><img loading=\"lazy\" decoding=\"async\" class=\"alignnone  wp-image-4541\" src=\"https:\/\/pronjas.com\/wp-content\/uploads\/2024\/03\/\u56fe\u724713-1.png\" alt=\"\" width=\"230\" height=\"220\" \/><\/p>\n\n<p><strong>\u25cf\u00a0<\/strong><strong>Industria automovil\u00edstica\u00a0 \u00a0<\/strong><\/p>\n\n<p><strong>\u25cf\u00a0<\/strong><strong>Industria de recipientes a presi\u00f3n para GLP<\/strong><\/p>\n\n<p>\u00a0<\/p>\n\t\t\t\t\t\t\t\t<\/div>\n\t\t\t\t<\/div>\n\t\t\t\t<\/div>","protected":false},"excerpt":{"rendered":"<p>Working Principle of 2 Rolls Plate Rolling Machine Working principle of 2 rolls plate rolling machine: The upper roller of [&hellip;]<\/p>","protected":false},"author":4,"featured_media":4521,"menu_order":0,"template":"","format":"standard","meta":{"_acf_changed":false,"site-sidebar-layout":"default","site-content-layout":"","ast-site-content-layout":"default","site-content-style":"default","site-sidebar-style":"default","ast-global-header-display":"","ast-banner-title-visibility":"","ast-main-header-display":"","ast-hfb-above-header-display":"","ast-hfb-below-header-display":"","ast-hfb-mobile-header-display":"","site-post-title":"","ast-breadcrumbs-content":"","ast-featured-img":"","footer-sml-layout":"","ast-disable-related-posts":"","theme-transparent-header-meta":"","adv-header-id-meta":"","stick-header-meta":"","header-above-stick-meta":"","header-main-stick-meta":"","header-below-stick-meta":"","astra-migrate-meta-layouts":"set","ast-page-background-enabled":"default","ast-page-background-meta":{"desktop":{"background-color":"","background-image":"","background-repeat":"repeat","background-position":"center center","background-size":"auto","background-attachment":"scroll","background-type":"","background-media":"","overlay-type":"","overlay-color":"","overlay-opacity":"","overlay-gradient":""},"tablet":{"background-color":"","background-image":"","background-repeat":"repeat","background-position":"center center","background-size":"auto","background-attachment":"scroll","background-type":"","background-media":"","overlay-type":"","overlay-color":"","overlay-opacity":"","overlay-gradient":""},"mobile":{"background-color":"","background-image":"","background-repeat":"repeat","background-position":"center center","background-size":"auto","background-attachment":"scroll","background-type":"","background-media":"","overlay-type":"","overlay-color":"","overlay-opacity":"","overlay-gradient":""}},"ast-content-background-meta":{"desktop":{"background-color":"var(--ast-global-color-5)","background-image":"","background-repeat":"repeat","background-position":"center center","background-size":"auto","background-attachment":"scroll","background-type":"","background-media":"","overlay-type":"","overlay-color":"","overlay-opacity":"","overlay-gradient":""},"tablet":{"background-color":"var(--ast-global-color-5)","background-image":"","background-repeat":"repeat","background-position":"center center","background-size":"auto","background-attachment":"scroll","background-type":"","background-media":"","overlay-type":"","overlay-color":"","overlay-opacity":"","overlay-gradient":""},"mobile":{"background-color":"var(--ast-global-color-5)","background-image":"","background-repeat":"repeat","background-position":"center center","background-size":"auto","background-attachment":"scroll","background-type":"","background-media":"","overlay-type":"","overlay-color":"","overlay-opacity":"","overlay-gradient":""}},"footnotes":""},"product-category":[29,30],"product-tag":[],"class_list":["post-26060","product","type-product","status-publish","format-standard","has-post-thumbnail","hentry","product-category-2-roller-rolling-machine","product-category-plate-rolling-machine"],"acf":[],"_links":{"self":[{"href":"https:\/\/pronjasmachinery.com\/es\/wp-json\/wp\/v2\/product\/26060","targetHints":{"allow":["GET"]}}],"collection":[{"href":"https:\/\/pronjasmachinery.com\/es\/wp-json\/wp\/v2\/product"}],"about":[{"href":"https:\/\/pronjasmachinery.com\/es\/wp-json\/wp\/v2\/types\/product"}],"author":[{"embeddable":true,"href":"https:\/\/pronjasmachinery.com\/es\/wp-json\/wp\/v2\/users\/4"}],"version-history":[{"count":0,"href":"https:\/\/pronjasmachinery.com\/es\/wp-json\/wp\/v2\/product\/26060\/revisions"}],"wp:featuredmedia":[{"embeddable":true,"href":"https:\/\/pronjasmachinery.com\/es\/wp-json\/wp\/v2\/media\/4521"}],"wp:attachment":[{"href":"https:\/\/pronjasmachinery.com\/es\/wp-json\/wp\/v2\/media?parent=26060"}],"wp:term":[{"taxonomy":"product-category","embeddable":true,"href":"https:\/\/pronjasmachinery.com\/es\/wp-json\/wp\/v2\/product-category?post=26060"},{"taxonomy":"product-tag","embeddable":true,"href":"https:\/\/pronjasmachinery.com\/es\/wp-json\/wp\/v2\/product-tag?post=26060"}],"curies":[{"name":"wp","href":"https:\/\/api.w.org\/{rel}","templated":true}]}}