{"id":26654,"date":"2025-02-24T05:18:48","date_gmt":"2025-02-24T05:18:48","guid":{"rendered":"https:\/\/pronjas.com\/?post_type=product&amp;p=26654"},"modified":"2025-02-24T05:18:48","modified_gmt":"2025-02-24T05:18:48","slug":"w11f-plate-rolling-machine","status":"publish","type":"product","link":"https:\/\/pronjasmachinery.com\/es\/product\/w11f-plate-rolling-machine\/","title":{"rendered":"M\u00e1quina laminadora de chapas W11F"},"content":{"rendered":"<div data-elementor-type=\"wp-post\" data-elementor-id=\"26654\" class=\"elementor elementor-26654\" data-elementor-post-type=\"product\">\n\t\t\t\t<div class=\"elementor-element elementor-element-3529314b e-flex e-con-boxed e-con e-parent\" data-id=\"3529314b\" data-element_type=\"container\">\n\t\t\t\t\t<div class=\"e-con-inner\">\n\t\t\t\t<div class=\"elementor-element elementor-element-682628c2 elementor-widget elementor-widget-text-editor\" data-id=\"682628c2\" data-element_type=\"widget\" data-widget_type=\"text-editor.default\">\n\t\t\t\t\t\t\t\t\t\n<p>La laminadora de chapas W11F es una m\u00e1quina metal\u00fargica de alta tecnolog\u00eda utilizada para curvar y moldear chapas con precisi\u00f3n. Sus tres rodillos de trabajo -superior, inferior y lateral- est\u00e1n instalados en una posici\u00f3n de disposici\u00f3n asim\u00e9trica que le confiere la capacidad de laminar chapas durante el funcionamiento con una amplia variaci\u00f3n de radios de curvatura. Los rodillos superior e inferior se utilizan como piezas motrices, es decir, giran en sentido inverso. El rodillo inferior sujeta la chapa, movi\u00e9ndose verticalmente para realizar la estabilidad y seguridad del material durante el laminado.<\/p>\n\n<h2 class=\"wp-block-heading\"><strong>Principio de funcionamiento de la m\u00e1quina laminadora de placas W11F<\/strong><\/h2>\n\n<p>En funcionamiento, la chapa se introduce entre los rodillos superior e inferior, tras lo cual los rodillos inferiores sujetan la chapa en posici\u00f3n vertical. El sistema hidr\u00e1ulico hace que los rodillos superior e inferior giren en direcciones tales que puedan pinzar la hoja respectivamente. Los rodillos laterales funcionan como seguidores y son capaces de inclinarse en relaci\u00f3n con el eje de los rodillos superior e inferior sobre la superficie de gu\u00eda, de modo que \u00e9stos suben o bajan para realizar la operaci\u00f3n de laminado con un radio de curvatura espec\u00edfico. Este dise\u00f1o hace que el laminado de chapas sea m\u00e1s adaptable, capaz de manejar chapas de diferentes espesores y formas.<\/p>\n\n<figure class=\"wp-block-image\"><img fetchpriority=\"high\" decoding=\"async\" class=\"wp-image-6021\" src=\"https:\/\/pronjasmachinery.com\/wp-content\/uploads\/2024\/10\/%E5%BE%AE%E4%BF%A1%E5%9B%BE%E7%89%87_20230806160026-300x225.jpg\" alt=\"Laminadora de chapas W11F\" width=\"375\" height=\"281\" \/><img decoding=\"async\" class=\"wp-image-6019\" src=\"https:\/\/pronjasmachinery.com\/wp-content\/uploads\/2024\/10\/%E5%BE%AE%E4%BF%A1%E5%9B%BE%E7%89%87_20230806155936-300x225.jpg\" alt=\"M\u00e1quina laminadora de placas de 3 rodillos W11F \" width=\"375\" height=\"281\" \/><\/figure>\n\n<h2 class=\"wp-block-heading\"><strong>Caracter\u00edsticas de la m\u00e1quina laminadora de placas W11F<\/strong><\/h2>\n\n<p><strong>Disposici\u00f3n asim\u00e9trica de los rodillos:<\/strong>\u00a0La exclusiva disposici\u00f3n asim\u00e9trica de los rodillos proporciona mayor flexibilidad y control para adaptarse a las distintas necesidades de laminado.<br \/><strong>Rodillos inferiores de movimiento vertical:<\/strong>\u00a0El dise\u00f1o de movimiento vertical de los rodillos inferiores permite una sujeci\u00f3n m\u00e1s precisa de la chapa y una mayor precisi\u00f3n de laminado.<br \/><strong>Rodillos superior e inferior girando en sentidos opuestos:<\/strong>\u00a0Los rodillos superior e inferior giran en direcciones opuestas, lo que proporciona un mejor control de la hoja y mejores resultados de formado.<br \/><strong>Movimiento de inclinaci\u00f3n lateral:<\/strong> Los rodillos laterales pueden inclinarse y desplazarse en el plano vertical para conseguir el radio de curvatura deseado para las chapas laminadas.<\/p>\n<h2><strong>Par\u00e1metros<\/strong><\/h2>\n<table>\n<tbody>\n<tr>\n<td width=\"259\">\n<p>Modelo<\/p>\n<\/td>\n<td width=\"117\">\n<p>L\u00edmite el\u00e1stico de la chapa (Mpa)<\/p>\n<\/td>\n<td width=\"137\">\n<p>Espesor m\u00e1ximo de laminado (mm)<\/p>\n<\/td>\n<td width=\"112\">\n<p>Anchura m\u00e1xima de laminado (mm)<\/p>\n<\/td>\n<td width=\"116\">\n<p>Velocidad de rodadura\uff08m\/min\uff09<\/p>\n<\/td>\n<td width=\"98\">\n<p>Di\u00e1metro del rodillo superior<\/p>\n<\/td>\n<td width=\"98\">\n<p>Motor el\u00e9ctrico principal<\/p>\n<\/td>\n<td width=\"218\">\n<p>Di\u00e1metro m\u00ednimo de rodadura con carga completa (mm)<\/p>\n<\/td>\n<\/tr>\n<tr>\n<td width=\"259\">\n<p>W11F-2\u00d71200<\/p>\n<\/td>\n<td width=\"117\">\n<p>245<\/p>\n<\/td>\n<td width=\"137\">\n<p>2<\/p>\n<\/td>\n<td width=\"112\">\n<p>1200<\/p>\n<\/td>\n<td width=\"116\">\n<p>5<\/p>\n<\/td>\n<td width=\"98\">\n<p>105<\/p>\n<\/td>\n<td width=\"98\">\n<p>2.2<\/p>\n<\/td>\n<td width=\"218\">\n<p>160<\/p>\n<\/td>\n<\/tr>\n<tr>\n<td width=\"259\">\n<p>W11F-2\u00d71500<\/p>\n<\/td>\n<td width=\"117\">\n<p>245<\/p>\n<\/td>\n<td width=\"137\">\n<p>2<\/p>\n<\/td>\n<td width=\"112\">\n<p>1500<\/p>\n<\/td>\n<td width=\"116\">\n<p>5<\/p>\n<\/td>\n<td width=\"98\">\n<p>108<\/p>\n<\/td>\n<td width=\"98\">\n<p>2.2<\/p>\n<\/td>\n<td width=\"218\">\n<p>180<\/p>\n<\/td>\n<\/tr>\n<tr>\n<td width=\"259\">\n<p>W11F-2\u00d72000<\/p>\n<\/td>\n<td width=\"117\">\n<p>245<\/p>\n<\/td>\n<td width=\"137\">\n<p>2<\/p>\n<\/td>\n<td width=\"112\">\n<p>2000<\/p>\n<\/td>\n<td width=\"116\">\n<p>5<\/p>\n<\/td>\n<td width=\"98\">\n<p>115<\/p>\n<\/td>\n<td width=\"98\">\n<p>2.2<\/p>\n<\/td>\n<td width=\"218\">\n<p>200<\/p>\n<\/td>\n<\/tr>\n<tr>\n<td width=\"259\">\n<p>W11F-4\u00d71000<\/p>\n<\/td>\n<td width=\"117\">\n<p>245<\/p>\n<\/td>\n<td width=\"137\">\n<p>4<\/p>\n<\/td>\n<td width=\"112\">\n<p>1000<\/p>\n<\/td>\n<td width=\"116\">\n<p>4.5<\/p>\n<\/td>\n<td width=\"98\">\n<p>125<\/p>\n<\/td>\n<td width=\"98\">\n<p>3<\/p>\n<\/td>\n<td width=\"218\">\n<p>250<\/p>\n<\/td>\n<\/tr>\n<tr>\n<td width=\"259\">\n<p>W11F-4\u00d71200<\/p>\n<\/td>\n<td width=\"117\">\n<p>245<\/p>\n<\/td>\n<td width=\"137\">\n<p>4<\/p>\n<\/td>\n<td width=\"112\">\n<p>1200<\/p>\n<\/td>\n<td width=\"116\">\n<p>4.5<\/p>\n<\/td>\n<td width=\"98\">\n<p>130<\/p>\n<\/td>\n<td width=\"98\">\n<p>3<\/p>\n<\/td>\n<td width=\"218\">\n<p>250<\/p>\n<\/td>\n<\/tr>\n<tr>\n<td width=\"259\">\n<p>W11F-4\u00d72000<\/p>\n<\/td>\n<td width=\"117\">\n<p>245<\/p>\n<\/td>\n<td width=\"137\">\n<p>4<\/p>\n<\/td>\n<td width=\"112\">\n<p>2000<\/p>\n<\/td>\n<td width=\"116\">\n<p>4.5<\/p>\n<\/td>\n<td width=\"98\">\n<p>140<\/p>\n<\/td>\n<td width=\"98\">\n<p>3<\/p>\n<\/td>\n<td width=\"218\">\n<p>280<\/p>\n<\/td>\n<\/tr>\n<tr>\n<td width=\"259\">\n<p>W11F-6\u00d71000<\/p>\n<\/td>\n<td width=\"117\">\n<p>245<\/p>\n<\/td>\n<td width=\"137\">\n<p>6<\/p>\n<\/td>\n<td width=\"112\">\n<p>1000<\/p>\n<\/td>\n<td width=\"116\">\n<p>4.5<\/p>\n<\/td>\n<td width=\"98\">\n<p>145<\/p>\n<\/td>\n<td width=\"98\">\n<p>3<\/p>\n<\/td>\n<td width=\"218\">\n<p>300<\/p>\n<\/td>\n<\/tr>\n<tr>\n<td width=\"259\">\n<p>W11F-6\u00d71500<\/p>\n<\/td>\n<td width=\"117\">\n<p>245<\/p>\n<\/td>\n<td width=\"137\">\n<p>6<\/p>\n<\/td>\n<td width=\"112\">\n<p>1500<\/p>\n<\/td>\n<td width=\"116\">\n<p>4.5<\/p>\n<\/td>\n<td width=\"98\">\n<p>150<\/p>\n<\/td>\n<td width=\"98\">\n<p>4<\/p>\n<\/td>\n<td width=\"218\">\n<p>320<\/p>\n<\/td>\n<\/tr>\n<\/tbody>\n<\/table>\n<h2><strong>Instrucciones de mantenimiento<\/strong><\/h2>\n<p>El mantenimiento de la laminadora de chapa W11F es un proceso sencillo que consta de los siguientes pasos:<\/p>\n<ul>\n<li><strong>Inspecci\u00f3n peri\u00f3dica:<\/strong>\u00a0Compruebe si los rodillos est\u00e1n desgastados y si hay fugas en el sistema hidr\u00e1ulico.<\/li>\n<li><strong>Lubricaci\u00f3n:<\/strong>\u00a0Lubrique regularmente los rodillos y los cojinetes para minimizar el desgaste.<\/li>\n<li><strong>Limpieza:<\/strong>\u00a0Mantenga el molino limpio para evitar la acumulaci\u00f3n de virutas met\u00e1licas y polvo<\/li>\n<\/ul>\n\t\t\t\t\t\t\t\t<\/div>\n\t\t\t\t\t<\/div>\n\t\t\t\t<\/div>\n\t\t\t\t<\/div>","protected":false},"excerpt":{"rendered":"<p>The W11F plate rolling machine is a high-tech metalworking machine used for precise plate curving and molding. Its three working [&hellip;]<\/p>","protected":false},"author":4,"featured_media":6022,"menu_order":0,"template":"","format":"standard","meta":{"_acf_changed":false,"site-sidebar-layout":"default","site-content-layout":"","ast-site-content-layout":"default","site-content-style":"default","site-sidebar-style":"default","ast-global-header-display":"","ast-banner-title-visibility":"","ast-main-header-display":"","ast-hfb-above-header-display":"","ast-hfb-below-header-display":"","ast-hfb-mobile-header-display":"","site-post-title":"","ast-breadcrumbs-content":"","ast-featured-img":"","footer-sml-layout":"","ast-disable-related-posts":"","theme-transparent-header-meta":"","adv-header-id-meta":"","stick-header-meta":"","header-above-stick-meta":"","header-main-stick-meta":"","header-below-stick-meta":"","astra-migrate-meta-layouts":"set","ast-page-background-enabled":"default","ast-page-background-meta":{"desktop":{"background-color":"","background-image":"","background-repeat":"repeat","background-position":"center center","background-size":"auto","background-attachment":"scroll","background-type":"","background-media":"","overlay-type":"","overlay-color":"","overlay-opacity":"","overlay-gradient":""},"tablet":{"background-color":"","background-image":"","background-repeat":"repeat","background-position":"center center","background-size":"auto","background-attachment":"scroll","background-type":"","background-media":"","overlay-type":"","overlay-color":"","overlay-opacity":"","overlay-gradient":""},"mobile":{"background-color":"","background-image":"","background-repeat":"repeat","background-position":"center center","background-size":"auto","background-attachment":"scroll","background-type":"","background-media":"","overlay-type":"","overlay-color":"","overlay-opacity":"","overlay-gradient":""}},"ast-content-background-meta":{"desktop":{"background-color":"var(--ast-global-color-5)","background-image":"","background-repeat":"repeat","background-position":"center center","background-size":"auto","background-attachment":"scroll","background-type":"","background-media":"","overlay-type":"","overlay-color":"","overlay-opacity":"","overlay-gradient":""},"tablet":{"background-color":"var(--ast-global-color-5)","background-image":"","background-repeat":"repeat","background-position":"center center","background-size":"auto","background-attachment":"scroll","background-type":"","background-media":"","overlay-type":"","overlay-color":"","overlay-opacity":"","overlay-gradient":""},"mobile":{"background-color":"var(--ast-global-color-5)","background-image":"","background-repeat":"repeat","background-position":"center center","background-size":"auto","background-attachment":"scroll","background-type":"","background-media":"","overlay-type":"","overlay-color":"","overlay-opacity":"","overlay-gradient":""}},"footnotes":""},"product-category":[31,30],"product-tag":[],"class_list":["post-26654","product","type-product","status-publish","format-standard","has-post-thumbnail","hentry","product-category-3-roller-rolling-machine","product-category-plate-rolling-machine"],"acf":[],"_links":{"self":[{"href":"https:\/\/pronjasmachinery.com\/es\/wp-json\/wp\/v2\/product\/26654","targetHints":{"allow":["GET"]}}],"collection":[{"href":"https:\/\/pronjasmachinery.com\/es\/wp-json\/wp\/v2\/product"}],"about":[{"href":"https:\/\/pronjasmachinery.com\/es\/wp-json\/wp\/v2\/types\/product"}],"author":[{"embeddable":true,"href":"https:\/\/pronjasmachinery.com\/es\/wp-json\/wp\/v2\/users\/4"}],"version-history":[{"count":0,"href":"https:\/\/pronjasmachinery.com\/es\/wp-json\/wp\/v2\/product\/26654\/revisions"}],"wp:featuredmedia":[{"embeddable":true,"href":"https:\/\/pronjasmachinery.com\/es\/wp-json\/wp\/v2\/media\/6022"}],"wp:attachment":[{"href":"https:\/\/pronjasmachinery.com\/es\/wp-json\/wp\/v2\/media?parent=26654"}],"wp:term":[{"taxonomy":"product-category","embeddable":true,"href":"https:\/\/pronjasmachinery.com\/es\/wp-json\/wp\/v2\/product-category?post=26654"},{"taxonomy":"product-tag","embeddable":true,"href":"https:\/\/pronjasmachinery.com\/es\/wp-json\/wp\/v2\/product-tag?post=26654"}],"curies":[{"name":"wp","href":"https:\/\/api.w.org\/{rel}","templated":true}]}}