{"id":26674,"date":"2025-02-24T07:49:53","date_gmt":"2025-02-24T07:49:53","guid":{"rendered":"https:\/\/pronjas.com\/?post_type=product&amp;p=26674"},"modified":"2025-02-24T07:49:53","modified_gmt":"2025-02-24T07:49:53","slug":"w12-plate-rolling-machine","status":"publish","type":"product","link":"https:\/\/pronjasmachinery.com\/es\/product\/w12-plate-rolling-machine\/","title":{"rendered":"M\u00e1quina laminadora de chapas W12"},"content":{"rendered":"<div data-elementor-type=\"wp-post\" data-elementor-id=\"26674\" class=\"elementor elementor-26674\" data-elementor-post-type=\"product\">\n\t\t\t\t<div class=\"elementor-element elementor-element-321a9869 e-flex e-con-boxed e-con e-parent\" data-id=\"321a9869\" data-element_type=\"container\">\n\t\t\t\t\t<div class=\"e-con-inner\">\n\t\t\t\t<div class=\"elementor-element elementor-element-3bcda3a2 elementor-widget elementor-widget-text-editor\" data-id=\"3bcda3a2\" data-element_type=\"widget\" data-widget_type=\"text-editor.default\">\n\t\t\t\t\t\t\t\t\t\n<h2 class=\"wp-block-heading\">Introducci\u00f3n<\/h2>\n<p>La m\u00e1quina laminadora de chapa W12 es una avanzada m\u00e1quina laminadora de chapa hidr\u00e1ulica CNC autom\u00e1tica dise\u00f1ada para doblar y conformar chapa met\u00e1lica. Conocida por su alta eficiencia, precisi\u00f3n y fiabilidad, esta m\u00e1quina es adecuada para una amplia gama de industrias de procesamiento de metales, incluyendo la construcci\u00f3n naval, la construcci\u00f3n, la fabricaci\u00f3n de maquinaria, etc.<\/p>\n<p>La laminadora de chapas W12 es capaz de realizar el precurvado inicial, el curvado y el precurvado final en un solo paso, lo que mejora enormemente la productividad.<\/p>\n<h2>Principio de funcionamiento<\/h2>\n<p>La laminadora de chapa W12 tiene la funci\u00f3n de precurvar los bordes de la chapa, lo que permite curvar la chapa de una sola vez sin necesidad de volver a curvarla o precurvarla y enrollarla mediante una combinaci\u00f3n de procesos.<\/p>\n<p>Los rodillos superior e inferior son los principales rodillos motrices, y el desplazamiento hacia arriba y hacia abajo de ambos rodillos laterales se controla mediante accionamiento hidr\u00e1ulico. Los desplazamientos hacia arriba y hacia abajo de los rodillos inferiores y laterales se controlan por ordenador. Nivelaci\u00f3n autom\u00e1tica, visualizaci\u00f3n en pantalla, alta precisi\u00f3n de sincronizaci\u00f3n \u00b10,2MM. La descarga y reajuste del cuerpo de rodamiento invertido se realiza mediante accionamiento hidr\u00e1ulico.<\/p>\n<p>El extremo superior del rodillo est\u00e1 equipado con un dispositivo de equilibrado para facilitar el desmontaje de los cilindros de laminaci\u00f3n y las piezas de trabajo. Equipado con mesa de operaci\u00f3n independiente m\u00f3vil, conveniente para la operaci\u00f3n m\u00f3vil.<\/p>\n\n<h3 class=\"wp-block-heading\"><img fetchpriority=\"high\" decoding=\"async\" class=\"alignleft\" src=\"https:\/\/pronjasmachinery.com\/wp-content\/uploads\/2024\/10\/%E5%BE%AE%E4%BF%A1%E5%9B%BE%E7%89%87_20221224141315-300x225.jpg\" alt=\"Laminadora de chapas W12\" width=\"416\" height=\"312\" \/><img decoding=\"async\" class=\"alignleft\" src=\"https:\/\/pronjasmachinery.com\/wp-content\/uploads\/2024\/10\/%E5%BE%AE%E4%BF%A1%E5%9B%BE%E7%89%87_20220730092250-300x225.jpg\" alt=\"laminadora de 4 rodillos\" width=\"416\" height=\"312\" \/><\/h3>\n\n<h2 class=\"wp-block-heading\"><strong>Caracter\u00edsticas de la m\u00e1quina laminadora de placas W12<\/strong><\/h2>\n\n<ul class=\"wp-block-list\">\n<li><strong>Accionamiento totalmente hidr\u00e1ulico:<\/strong>\u00a0protecci\u00f3n del medio ambiente y ahorro de energ\u00eda, mejorar la eficiencia de trabajo de la m\u00e1quina.<\/li>\n\n<li><strong>Borde recto corto y buen efecto pre-roll:<\/strong>\u00a0m\u00e1s adecuado para el laminado c\u00f3nico.<\/li>\n\n<li><strong>Rodando de una pasada:<\/strong>\u00a0incluido el preenrollado bilateral, r\u00e1pido, eficaz y f\u00e1cil de manejar con un solo operario.<\/li>\n\n<li><strong>Protecci\u00f3n contra sobrecarga y funci\u00f3n de protecci\u00f3n hidr\u00e1ulica:<\/strong>\u00a0garantizar un funcionamiento seguro.<\/li>\n<\/ul>\n\n<h2 class=\"wp-block-heading\"><strong>Ventajas de la m\u00e1quina laminadora de placas W12<\/strong><\/h2>\n\n<p><strong>Alto rendimiento:<\/strong>\u00a0Las laminadoras de chapa de la serie W12 son cuatro veces m\u00e1s eficientes que las laminadoras tradicionales de tres rodillos, lo que aumenta significativamente la productividad.<\/p>\n\n<figure class=\"wp-block-image\"><img decoding=\"async\" class=\"wp-image-5999\" src=\"https:\/\/pronjasmachinery.com\/wp-content\/uploads\/2024\/10\/222-300x284.png\" alt=\"M\u00e1quina laminadora de chapas W12\" width=\"303\" height=\"287\" srcset=\"https:\/\/pronjasmachinery.com\/wp-content\/uploads\/2024\/10\/222-300x284.png 300w, https:\/\/pronjasmachinery.com\/wp-content\/uploads\/2024\/10\/222.png 339w\" sizes=\"(max-width: 303px) 100vw, 303px\" \/><img loading=\"lazy\" decoding=\"async\" class=\"wp-image-6006\" src=\"https:\/\/pronjasmachinery.com\/wp-content\/uploads\/2024\/10\/C1-300x225.png\" alt=\"M\u00e1quina laminadora de chapas W12\" width=\"382\" height=\"287\" \/><\/figure>\n\n<p><strong>F\u00e1cil de manejar:<\/strong>\u00a0La m\u00e1quina est\u00e1 dise\u00f1ada para que s\u00f3lo sea necesario un operario para completar todo el proceso de laminado, lo que reduce los costes de mano de obra.<br \/><strong>Funci\u00f3n autom\u00e1tica de alineaci\u00f3n y sujeci\u00f3n:<\/strong>\u00a0Durante el proceso de preenrollado y enrollado, las planchas est\u00e1n siempre sujetas, lo que evita deslizamientos accidentales y mejora la seguridad y precisi\u00f3n del procesado.<\/p>\n\n<figure class=\"wp-block-image\"><img loading=\"lazy\" decoding=\"async\" class=\"wp-image-6002\" src=\"https:\/\/pronjasmachinery.com\/wp-content\/uploads\/2024\/10\/%E5%BE%AE%E4%BF%A1%E5%9B%BE%E7%89%87_20230707152555-1-225x300.jpg\" alt=\"M\u00e1quina laminadora de chapas W12\" width=\"255\" height=\"340\" \/><img loading=\"lazy\" decoding=\"async\" class=\"wp-image-6001\" src=\"https:\/\/pronjasmachinery.com\/wp-content\/uploads\/2024\/10\/%E5%BE%AE%E4%BF%A1%E5%9B%BE%E7%89%87_20230707152807-1-225x300.jpg\" alt=\"M\u00e1quina laminadora de chapas W12\" width=\"255\" height=\"340\" \/><\/figure>\n\n<p><strong>Adaptaci\u00f3n flexible:<\/strong>\u00a0Adecuada para una amplia gama de espesores y materiales de chapa, la serie W12 es capaz de responder f\u00e1cilmente a una gran variedad de retos de bobinado.<br \/><strong>Sistema de control avanzado:<\/strong>\u00a0La serie W12 puede ser controlada eficazmente por el sistema CNC para mejorar el nivel de automatizaci\u00f3n de la producci\u00f3n.<\/p>\n\n<h2 class=\"wp-block-heading\"><strong>Instrucciones de funcionamiento de la m\u00e1quina laminadora de chapas W12<\/strong><\/h2>\n\n<p><strong>Compru\u00e9belo antes de poner en marcha la m\u00e1quina:<\/strong>\u00a0Aseg\u00farese de que todos los dispositivos de seguridad est\u00e1n intactos y de que no hay fugas en el sistema hidr\u00e1ulico.<br \/><strong>Par\u00e1metros de ajuste:<\/strong>\u00a0Configure los par\u00e1metros del sistema de control CNC en funci\u00f3n del grosor de la chapa y el radio de curvatura requerido.<br \/><strong>Carga:<\/strong>\u00a0Coloque la chapa en la zona de alimentaci\u00f3n de la m\u00e1quina.<br \/><strong>Poner en marcha la m\u00e1quina:<\/strong>\u00a0Ponga en marcha el sistema hidr\u00e1ulico y accione el panel de control CNC para iniciar el proceso de enrollado.<br \/><strong>Supervise el proceso:<\/strong>\u00a0Supervisar el estado de funcionamiento de la m\u00e1quina durante el proceso de laminado para asegurarse de que no hay ninguna anomal\u00eda.<br \/><strong>Inspecci\u00f3n de productos acabados:<\/strong>\u00a0Una vez finalizado el proceso de laminado, compruebe si el tama\u00f1o y la forma del producto acabado cumplen los requisitos.<\/p>\n\t\t\t\t\t\t\t\t<\/div>\n\t\t\t\t\t<\/div>\n\t\t\t\t<\/div>\n\t\t\t\t<\/div>","protected":false},"excerpt":{"rendered":"<p>Introduction The W12 plate rolling machine is an advanced automatic CNC hydraulic plate rolling machine designed for bending and forming [&hellip;]<\/p>","protected":false},"author":4,"featured_media":5995,"menu_order":0,"template":"","format":"standard","meta":{"_acf_changed":false,"site-sidebar-layout":"default","site-content-layout":"","ast-site-content-layout":"default","site-content-style":"default","site-sidebar-style":"default","ast-global-header-display":"","ast-banner-title-visibility":"","ast-main-header-display":"","ast-hfb-above-header-display":"","ast-hfb-below-header-display":"","ast-hfb-mobile-header-display":"","site-post-title":"","ast-breadcrumbs-content":"","ast-featured-img":"","footer-sml-layout":"","ast-disable-related-posts":"","theme-transparent-header-meta":"","adv-header-id-meta":"","stick-header-meta":"","header-above-stick-meta":"","header-main-stick-meta":"","header-below-stick-meta":"","astra-migrate-meta-layouts":"set","ast-page-background-enabled":"default","ast-page-background-meta":{"desktop":{"background-color":"","background-image":"","background-repeat":"repeat","background-position":"center center","background-size":"auto","background-attachment":"scroll","background-type":"","background-media":"","overlay-type":"","overlay-color":"","overlay-opacity":"","overlay-gradient":""},"tablet":{"background-color":"","background-image":"","background-repeat":"repeat","background-position":"center center","background-size":"auto","background-attachment":"scroll","background-type":"","background-media":"","overlay-type":"","overlay-color":"","overlay-opacity":"","overlay-gradient":""},"mobile":{"background-color":"","background-image":"","background-repeat":"repeat","background-position":"center center","background-size":"auto","background-attachment":"scroll","background-type":"","background-media":"","overlay-type":"","overlay-color":"","overlay-opacity":"","overlay-gradient":""}},"ast-content-background-meta":{"desktop":{"background-color":"var(--ast-global-color-5)","background-image":"","background-repeat":"repeat","background-position":"center center","background-size":"auto","background-attachment":"scroll","background-type":"","background-media":"","overlay-type":"","overlay-color":"","overlay-opacity":"","overlay-gradient":""},"tablet":{"background-color":"var(--ast-global-color-5)","background-image":"","background-repeat":"repeat","background-position":"center center","background-size":"auto","background-attachment":"scroll","background-type":"","background-media":"","overlay-type":"","overlay-color":"","overlay-opacity":"","overlay-gradient":""},"mobile":{"background-color":"var(--ast-global-color-5)","background-image":"","background-repeat":"repeat","background-position":"center center","background-size":"auto","background-attachment":"scroll","background-type":"","background-media":"","overlay-type":"","overlay-color":"","overlay-opacity":"","overlay-gradient":""}},"footnotes":""},"product-category":[32,30],"product-tag":[],"class_list":["post-26674","product","type-product","status-publish","format-standard","has-post-thumbnail","hentry","product-category-4-roller-rolling-machine","product-category-plate-rolling-machine"],"acf":[],"_links":{"self":[{"href":"https:\/\/pronjasmachinery.com\/es\/wp-json\/wp\/v2\/product\/26674","targetHints":{"allow":["GET"]}}],"collection":[{"href":"https:\/\/pronjasmachinery.com\/es\/wp-json\/wp\/v2\/product"}],"about":[{"href":"https:\/\/pronjasmachinery.com\/es\/wp-json\/wp\/v2\/types\/product"}],"author":[{"embeddable":true,"href":"https:\/\/pronjasmachinery.com\/es\/wp-json\/wp\/v2\/users\/4"}],"version-history":[{"count":0,"href":"https:\/\/pronjasmachinery.com\/es\/wp-json\/wp\/v2\/product\/26674\/revisions"}],"wp:featuredmedia":[{"embeddable":true,"href":"https:\/\/pronjasmachinery.com\/es\/wp-json\/wp\/v2\/media\/5995"}],"wp:attachment":[{"href":"https:\/\/pronjasmachinery.com\/es\/wp-json\/wp\/v2\/media?parent=26674"}],"wp:term":[{"taxonomy":"product-category","embeddable":true,"href":"https:\/\/pronjasmachinery.com\/es\/wp-json\/wp\/v2\/product-category?post=26674"},{"taxonomy":"product-tag","embeddable":true,"href":"https:\/\/pronjasmachinery.com\/es\/wp-json\/wp\/v2\/product-tag?post=26674"}],"curies":[{"name":"wp","href":"https:\/\/api.w.org\/{rel}","templated":true}]}}