{"id":26761,"date":"2025-02-25T11:26:25","date_gmt":"2025-02-25T11:26:25","guid":{"rendered":"https:\/\/pronjas.com\/?post_type=product&amp;p=26761"},"modified":"2025-02-25T11:26:25","modified_gmt":"2025-02-25T11:26:25","slug":"welding-center","status":"publish","type":"product","link":"https:\/\/pronjasmachinery.com\/es\/product\/welding-center\/","title":{"rendered":"Soldadora en cruz Centro de soldadura"},"content":{"rendered":"<div data-elementor-type=\"wp-post\" data-elementor-id=\"26761\" class=\"elementor elementor-26761\" data-elementor-post-type=\"product\">\n\t\t\t\t<div class=\"elementor-element elementor-element-e5f2248 e-flex e-con-boxed e-con e-parent\" data-id=\"e5f2248\" data-element_type=\"container\">\n\t\t\t\t\t<div class=\"e-con-inner\">\n\t\t\t\t<div class=\"elementor-element elementor-element-782e9ba5 elementor-widget elementor-widget-text-editor\" data-id=\"782e9ba5\" data-element_type=\"widget\" data-widget_type=\"text-editor.default\">\n\t\t\t\t\t\t\t\t\t\n<figure class=\"wp-block-image\">\n<h2><strong>Introducci\u00f3n<\/strong><\/h2>\n<p>Pronjas presenta la serie de soldadoras en cruz Welding Center, que incluye soldadoras en cruz circunferenciales y soldadoras en cruz rectas, dise\u00f1adas para satisfacer las necesidades de soldadura de diferentes tama\u00f1os. Con un excelente rendimiento, un funcionamiento estable y una gran adaptabilidad, esta serie de soldadoras se utiliza ampliamente en diversas aplicaciones de soldadura, proporcionando potentes soluciones de soldadura para la producci\u00f3n industrial.<\/p>\n<p><img fetchpriority=\"high\" decoding=\"async\" class=\"alignnone wp-image-4867 lazyloaded\" src=\"https:\/\/pronjasmachinery.com\/wp-content\/uploads\/2024\/03\/%E5%9B%BE%E7%89%87256-300x224.png\" alt=\"Centro de soldadura\" width=\"334\" height=\"250\" data-src=\"https:\/\/pronjasmachinery.com\/wp-content\/uploads\/2024\/03\/\u56fe\u7247256-300x224.png\" \/>\u00a0<img decoding=\"async\" class=\"alignnone wp-image-4868  lazyloaded\" src=\"https:\/\/pronjasmachinery.com\/wp-content\/uploads\/2024\/03\/%E5%9B%BE%E7%89%87257-300x193.png\" alt=\"Centro de soldadura\" width=\"389\" height=\"250\" data-src=\"https:\/\/pronjasmachinery.com\/wp-content\/uploads\/2024\/03\/\u56fe\u7247257-300x193.png\" \/>\u00a0<img decoding=\"async\" class=\"alignnone wp-image-4869  lazyloaded\" src=\"https:\/\/pronjasmachinery.com\/wp-content\/uploads\/2024\/03\/%E5%9B%BE%E7%89%87258-300x193.png\" alt=\"Centro de soldadura\" width=\"388\" height=\"250\" data-src=\"https:\/\/pronjasmachinery.com\/wp-content\/uploads\/2024\/03\/\u56fe\u7247258-300x193.png\" \/><\/p>\n<h2><strong>Caracter\u00edsticas de la m\u00e1quina de soldadura en cruz Centro de soldadura<br \/><\/strong><\/h2>\n<p><strong>M\u00faltiples modelos:<\/strong>\u00a0Existen modelos para trabajos pesados, medios y ligeros que se adaptan a las distintas clases de peso de las tareas de soldadura.<br \/><strong>Golpe efectivo:<\/strong>\u00a0La carrera del brazo vertical y del brazo lateral oscila entre 2000 mm y 8000 mm para satisfacer las necesidades de soldadura de diferentes di\u00e1metros.<br \/><strong>Amplia gama de di\u00e1metros aplicables:<\/strong>\u00a0Seg\u00fan el modelo, es adecuada para piezas cil\u00edndricas con di\u00e1metros comprendidos entre 1000 mm y 8000 mm.<br \/><strong>\u00c1ngulo de giro:<\/strong>\u00a0El brazo vertical ofrece un \u00e1ngulo de giro de \u00b1180\u00b0 y algunos modelos admiten el ajuste manual.<br \/><strong>Ajuste de la velocidad:<\/strong>\u00a0La velocidad de subida y bajada y la velocidad telesc\u00f3pica del brazo horizontal son ajustables para adaptarse a la r\u00e1pida operaci\u00f3n de soldadura.<br \/><strong>Distancia entre ejes del carro:<\/strong>\u00a0proporcionan diferentes longitudes de distancia entre ejes de v\u00eda para adaptarse a diferentes tama\u00f1os de plataformas de soldadura.<\/p>\n<h2><strong>Par\u00e1metros<\/strong><\/h2>\n<table width=\"915\">\n<tbody>\n<tr>\n<td rowspan=\"2\" width=\"141\"><strong><b>Tipo<\/b><\/strong><\/td>\n<td colspan=\"3\" width=\"120\"><strong><b>Para trabajos pesados<\/b><\/strong><\/td>\n<td colspan=\"2\" width=\"80\"><strong><b>Trabajo medio<\/b><\/strong><\/td>\n<td width=\"72\"><strong><b>Trabajo ligero<\/b><\/strong><\/td>\n<\/tr>\n<tr>\n<td width=\"33\">8\u00d76<\/td>\n<td width=\"41\">5\u00d76<\/td>\n<td width=\"45\">4\u00d75<\/td>\n<td width=\"37\">3.5\u00d75<\/td>\n<td width=\"43\">4\u00d75<\/td>\n<td width=\"72\">2\u00d72<\/td>\n<\/tr>\n<tr>\n<td width=\"141\">Carrera efectiva de la pluma vertical(mm)<\/td>\n<td width=\"33\">8000<\/td>\n<td width=\"41\">5000<\/td>\n<td width=\"45\">4000<\/td>\n<td width=\"37\">3500<\/td>\n<td width=\"43\">3000<\/td>\n<td width=\"72\">2000<\/td>\n<\/tr>\n<tr>\n<td width=\"141\">Carrera efectiva del brazo transversal (mm)<\/td>\n<td width=\"33\">6000<\/td>\n<td width=\"41\">6000<\/td>\n<td width=\"45\">5000<\/td>\n<td width=\"37\">5000<\/td>\n<td width=\"43\">4000<\/td>\n<td width=\"72\">2000<\/td>\n<\/tr>\n<tr>\n<td width=\"141\">El di\u00e1metro adecuado del cilindro (mm)<\/td>\n<td width=\"33\">1000-8000<\/td>\n<td width=\"41\">1000-5000<\/td>\n<td width=\"45\">1000-4000<\/td>\n<td width=\"37\">700-3500<\/td>\n<td width=\"43\">700-3000<\/td>\n<td width=\"72\">500-2000<\/td>\n<\/tr>\n<tr>\n<td width=\"141\">\u00c1ngulo de rotaci\u00f3n del brazo vertical<\/td>\n<td width=\"33\">\u00b1180\u00b0<\/td>\n<td width=\"41\">\u00b1180\u00b0<\/td>\n<td width=\"45\">\u00b1180\u00b0<\/td>\n<td width=\"37\">\u00b1180<\/td>\n<td width=\"43\">\u00b1180\u00b0<\/td>\n<td width=\"72\">\u00b1180\u00b0(manual)<\/td>\n<\/tr>\n<tr>\n<td width=\"141\">Velocidad de subida y bajada de la pluma transversal (m\/min)<\/td>\n<td width=\"33\">0.9<\/td>\n<td width=\"41\">1<\/td>\n<td width=\"45\">1<\/td>\n<td width=\"37\">1<\/td>\n<td width=\"43\">1<\/td>\n<td width=\"72\">0.3<\/td>\n<\/tr>\n<tr>\n<td width=\"141\">Velocidad de expansi\u00f3n de la pluma transversal (m\/min)<\/td>\n<td width=\"33\">0.12-1.2<\/td>\n<td width=\"41\">0.12-1.2<\/td>\n<td width=\"45\">0.12-1.2<\/td>\n<td width=\"37\">0.12-1.2<\/td>\n<td width=\"43\">0.12-1.2<\/td>\n<td width=\"72\">0.12-1.2<\/td>\n<\/tr>\n<tr>\n<td width=\"141\">Velocidad de avance y retroceso del carro (m\/min)<\/td>\n<td width=\"33\">1.5<\/td>\n<td width=\"41\">1.5<\/td>\n<td width=\"45\">1.5<\/td>\n<td width=\"37\">1.5<\/td>\n<td width=\"43\">1.5<\/td>\n<td width=\"72\">1.5<\/td>\n<\/tr>\n<tr>\n<td width=\"141\">Distancia entre ejes de la v\u00eda del carro (mm)<\/td>\n<td width=\"33\">2308<\/td>\n<td width=\"41\">1780<\/td>\n<td width=\"45\">1780<\/td>\n<td width=\"37\">1780<\/td>\n<td width=\"43\">1500<\/td>\n<td width=\"72\">900<\/td>\n<\/tr>\n<\/tbody>\n<\/table>\n<p><img loading=\"lazy\" decoding=\"async\" class=\"alignnone wp-image-4874  lazyloaded\" src=\"https:\/\/pronjasmachinery.com\/wp-content\/uploads\/2024\/03\/%E5%9B%BE%E7%89%87263.png\" alt=\"Centro de soldadura\" width=\"1014\" height=\"256\" data-src=\"https:\/\/pronjasmachinery.com\/wp-content\/uploads\/2024\/03\/\u56fe\u7247263.png\" \/><\/p>\n<h2><strong>Aplicaciones de la m\u00e1quina de soldadura en cruz Centro de soldadura<br \/><\/strong><\/h2>\n<ul>\n<li>Las soldadoras en cruz de la serie Welding Center de Pronjas son adecuadas para las siguientes aplicaciones:<\/li>\n<li>Fabricaci\u00f3n de recipientes a presi\u00f3n: para la soldadura autom\u00e1tica de grandes recipientes a presi\u00f3n.<\/li>\n<li>\u00a0Soldadura de tuber\u00edas: para la soldadura de juntas rectas y anulares de tuber\u00edas de larga distancia.<\/li>\n<li>Soldadura de maquinaria pesada: Para la soldadura de precisi\u00f3n de piezas grandes en la fabricaci\u00f3n de maquinaria pesada.<\/li>\n<li>Equipos petroqu\u00edmicos: En la industria petroqu\u00edmica, para la soldadura de recipientes, reactores y otros equipos.<\/li>\n<\/ul>\n<p><img loading=\"lazy\" decoding=\"async\" class=\"alignnone wp-image-4870 lazyloaded\" src=\"https:\/\/pronjasmachinery.com\/wp-content\/uploads\/2024\/03\/%E5%9B%BE%E7%89%87259-225x300.png\" alt=\"Centro de soldadura\" width=\"187\" height=\"249\" data-src=\"https:\/\/pronjasmachinery.com\/wp-content\/uploads\/2024\/03\/\u56fe\u7247259-225x300.png\" \/>\u00a0<img loading=\"lazy\" decoding=\"async\" class=\"alignnone wp-image-4871  lazyloaded\" src=\"https:\/\/pronjasmachinery.com\/wp-content\/uploads\/2024\/03\/%E5%9B%BE%E7%89%87260-300x210.png\" alt=\"Centro de soldadura\" width=\"355\" height=\"249\" data-src=\"https:\/\/pronjasmachinery.com\/wp-content\/uploads\/2024\/03\/\u56fe\u7247260-300x210.png\" \/>\u00a0<img loading=\"lazy\" decoding=\"async\" class=\"alignnone wp-image-4872  lazyloaded\" src=\"https:\/\/pronjasmachinery.com\/wp-content\/uploads\/2024\/03\/%E5%9B%BE%E7%89%87261-300x210.png\" alt=\"Centro de soldadura\" width=\"356\" height=\"249\" data-src=\"https:\/\/pronjasmachinery.com\/wp-content\/uploads\/2024\/03\/\u56fe\u7247261-300x210.png\" \/><\/p>\n<\/figure>\n\t\t\t\t\t\t\t\t<\/div>\n\t\t\t\t\t<\/div>\n\t\t\t\t<\/div>\n\t\t\t\t<\/div>","protected":false},"excerpt":{"rendered":"","protected":false},"author":4,"featured_media":4876,"menu_order":0,"template":"","format":"standard","meta":{"_acf_changed":false,"site-sidebar-layout":"default","site-content-layout":"","ast-site-content-layout":"default","site-content-style":"default","site-sidebar-style":"default","ast-global-header-display":"","ast-banner-title-visibility":"","ast-main-header-display":"","ast-hfb-above-header-display":"","ast-hfb-below-header-display":"","ast-hfb-mobile-header-display":"","site-post-title":"","ast-breadcrumbs-content":"","ast-featured-img":"","footer-sml-layout":"","ast-disable-related-posts":"","theme-transparent-header-meta":"","adv-header-id-meta":"","stick-header-meta":"","header-above-stick-meta":"","header-main-stick-meta":"","header-below-stick-meta":"","astra-migrate-meta-layouts":"set","ast-page-background-enabled":"default","ast-page-background-meta":{"desktop":{"background-color":"","background-image":"","background-repeat":"repeat","background-position":"center center","background-size":"auto","background-attachment":"scroll","background-type":"","background-media":"","overlay-type":"","overlay-color":"","overlay-opacity":"","overlay-gradient":""},"tablet":{"background-color":"","background-image":"","background-repeat":"repeat","background-position":"center center","background-size":"auto","background-attachment":"scroll","background-type":"","background-media":"","overlay-type":"","overlay-color":"","overlay-opacity":"","overlay-gradient":""},"mobile":{"background-color":"","background-image":"","background-repeat":"repeat","background-position":"center center","background-size":"auto","background-attachment":"scroll","background-type":"","background-media":"","overlay-type":"","overlay-color":"","overlay-opacity":"","overlay-gradient":""}},"ast-content-background-meta":{"desktop":{"background-color":"var(--ast-global-color-5)","background-image":"","background-repeat":"repeat","background-position":"center center","background-size":"auto","background-attachment":"scroll","background-type":"","background-media":"","overlay-type":"","overlay-color":"","overlay-opacity":"","overlay-gradient":""},"tablet":{"background-color":"var(--ast-global-color-5)","background-image":"","background-repeat":"repeat","background-position":"center center","background-size":"auto","background-attachment":"scroll","background-type":"","background-media":"","overlay-type":"","overlay-color":"","overlay-opacity":"","overlay-gradient":""},"mobile":{"background-color":"var(--ast-global-color-5)","background-image":"","background-repeat":"repeat","background-position":"center center","background-size":"auto","background-attachment":"scroll","background-type":"","background-media":"","overlay-type":"","overlay-color":"","overlay-opacity":"","overlay-gradient":""}},"footnotes":""},"product-category":[38],"product-tag":[],"class_list":["post-26761","product","type-product","status-publish","format-standard","has-post-thumbnail","hentry","product-category-welding-center"],"acf":[],"_links":{"self":[{"href":"https:\/\/pronjasmachinery.com\/es\/wp-json\/wp\/v2\/product\/26761","targetHints":{"allow":["GET"]}}],"collection":[{"href":"https:\/\/pronjasmachinery.com\/es\/wp-json\/wp\/v2\/product"}],"about":[{"href":"https:\/\/pronjasmachinery.com\/es\/wp-json\/wp\/v2\/types\/product"}],"author":[{"embeddable":true,"href":"https:\/\/pronjasmachinery.com\/es\/wp-json\/wp\/v2\/users\/4"}],"version-history":[{"count":1,"href":"https:\/\/pronjasmachinery.com\/es\/wp-json\/wp\/v2\/product\/26761\/revisions"}],"predecessor-version":[{"id":27572,"href":"https:\/\/pronjasmachinery.com\/es\/wp-json\/wp\/v2\/product\/26761\/revisions\/27572"}],"wp:featuredmedia":[{"embeddable":true,"href":"https:\/\/pronjasmachinery.com\/es\/wp-json\/wp\/v2\/media\/4876"}],"wp:attachment":[{"href":"https:\/\/pronjasmachinery.com\/es\/wp-json\/wp\/v2\/media?parent=26761"}],"wp:term":[{"taxonomy":"product-category","embeddable":true,"href":"https:\/\/pronjasmachinery.com\/es\/wp-json\/wp\/v2\/product-category?post=26761"},{"taxonomy":"product-tag","embeddable":true,"href":"https:\/\/pronjasmachinery.com\/es\/wp-json\/wp\/v2\/product-tag?post=26761"}],"curies":[{"name":"wp","href":"https:\/\/api.w.org\/{rel}","templated":true}]}}