{"id":26691,"date":"2025-02-24T12:20:44","date_gmt":"2025-02-24T12:20:44","guid":{"rendered":"https:\/\/pronjas.com\/?post_type=product&amp;p=26691"},"modified":"2025-02-24T12:20:44","modified_gmt":"2025-02-24T12:20:44","slug":"w24-vertical-cnc-profile-bending-machine","status":"publish","type":"product","link":"https:\/\/pronjasmachinery.com\/fr\/product\/w24-vertical-cnc-profile-bending-machine\/","title":{"rendered":"Cintreuse verticale de profil\u00e9s W24 \u00e0 commande num\u00e9rique"},"content":{"rendered":"<div data-elementor-type=\"wp-post\" data-elementor-id=\"26691\" class=\"elementor elementor-26691\" data-elementor-post-type=\"product\">\n\t\t\t\t<div class=\"elementor-element elementor-element-6d13c78e e-flex e-con-boxed e-con e-parent\" data-id=\"6d13c78e\" data-element_type=\"container\">\n\t\t\t\t\t<div class=\"e-con-inner\">\n\t\t\t\t<div class=\"elementor-element elementor-element-6a59c136 elementor-widget elementor-widget-text-editor\" data-id=\"6a59c136\" data-element_type=\"widget\" data-widget_type=\"text-editor.default\">\n\t\t\t\t\t\t\t\t\t\n<p>W24 Vertical CNC Profile bending machine is a highly efficient profile bending machine produced by our company, which is suitable for all kinds of profiles, including channel steel, angle steel, H-beam, I-beam, flat steel, square pipe, round pipe, square pipe and so on. The machine is capable of bending the end of pre-bent profiles into round, ring, arc, spiral and other workpieces, which are widely used in aerospace, petrochemical, hydropower,shipbuilding, automobile manufacturing, machinery manufacturing, steel structure and other fields.<\/p>\n\n<h2 class=\"wp-block-heading\"><strong>Features of W24 Vertical CNC Profile Bending Machine<\/strong><\/h2>\n\n<p><strong>Customized Die:<\/strong>\u00a0The rolling dies or tools of Pronjas Vertical CNC Profile bending machine can be customized according to the specific external dimensions of customers. They are hardened and tempered to provide ideal surface hardness and wear resistance.<\/p>\n\n<p><strong>Fonction de pr\u00e9-pliage :<\/strong>\u00a0two lower rolls can rotate around a fixed center to achieve pre-bending of the profile.<\/p>\n\n<figure class=\"wp-block-image\"><img fetchpriority=\"high\" decoding=\"async\" class=\"wp-image-6071\" src=\"https:\/\/pronjasmachinery.com\/wp-content\/uploads\/2024\/11\/%E5%BE%AE%E4%BF%A1%E5%9B%BE%E7%89%87_20241016090210-225x300.jpg\" alt=\"W24 Machine \u00e0 plier les profil\u00e9s\" width=\"259\" height=\"345\" \/><img decoding=\"async\" class=\"wp-image-6073\" src=\"https:\/\/pronjasmachinery.com\/wp-content\/uploads\/2024\/11\/%E5%BE%AE%E4%BF%A1%E5%9B%BE%E7%89%87_20241016090219-225x300.jpg\" alt=\"W24 Machine \u00e0 plier les profil\u00e9s\" width=\"259\" height=\"345\" \/><\/figure>\n\n<p><strong>High precision monitoring:<\/strong>\u00a0This metal forming machine is equipped with displacement sensors (scale) to ensure that the position of the two lower rolls can be accurately monitored and displayed on the control panel with an accuracy of \u00b10.15mm.<\/p>\n\n<p><strong>Three-axis control:<\/strong>\u00a0The three-axis (front\/back | top\/bottom | left\/right) guide rolls are driven by hydraulic cylinders and controlled from the control panel, which makes it easy to control the deformation of the profiles and rolling accuracy.<\/p>\n\n<figure class=\"wp-block-image\"><img decoding=\"async\" class=\"wp-image-6065\" src=\"https:\/\/pronjasmachinery.com\/wp-content\/uploads\/2024\/11\/%E5%BE%AE%E4%BF%A1%E5%9B%BE%E7%89%87_20240120141938-300x225.jpg\" alt=\"W24 Machine \u00e0 plier les profil\u00e9s\" width=\"319\" height=\"239\" \/><img loading=\"lazy\" decoding=\"async\" class=\"wp-image-6064\" src=\"https:\/\/pronjasmachinery.com\/wp-content\/uploads\/2024\/11\/%E5%BE%AE%E4%BF%A1%E5%9B%BE%E7%89%87_20240120141933-300x225.jpg\" alt=\"W24 Machine \u00e0 plier les profil\u00e9s\" width=\"319\" height=\"239\" \/><\/figure>\n\n<p><strong>Independent drive:<\/strong>\u00a0The three rollers are driven independently by hydraulic motors and can be rotated clockwise and counterclockwise.<\/p>\n\n<p><strong>Bi-directional movement:<\/strong>\u00a0Pronjas Vertical CNC Profile bending machine operates in both horizontal and vertical directions, providing more flexible operation.<\/p>\n\n<h2 class=\"wp-block-heading\"><strong>Benefits of W24 Vertical CNC Profile Bending Machine<\/strong><\/h2>\n\n<ul class=\"wp-block-list\">\n<li><strong>Increased productivity:<\/strong>\u00a0High-performance work by the Pronjas Vertical CNC Profile bending machine could improve productivity much more and reduce the cycle time of production.<\/li>\n\n<li><strong>Fine control:<\/strong>\u00a0Very fine monitoring and control capability guarantees accuracy in workpieces and a cut-down on scrap.<\/li>\n\n<li><strong>Ease of operation:<\/strong>\u00a0With hydraulic drive and CNC operations, this machine eases the operation process and decreases operating difficulties.<\/li>\n\n<li><strong>Longevity:<\/strong>\u00a0High wear resistance obtained from treatment on molds and tools provides prolonged machine life.<\/li>\n\n<li><strong>Flexibilit\u00e9 :<\/strong>\u00a0Being able to handle a wide range of profiles and shapes makes the equipment applicable to more use cases and more flexible for your jobs.<\/li>\n<\/ul>\n\n<h2 class=\"wp-block-heading\"><strong>Applications<\/strong><\/h2>\n\n<p>W24 vertical CNC Profile bending machines are suitable for the following applications:<\/p>\n\n<p><strong>A\u00e9rospatiale :<\/strong>\u00a0for the manufacture of structural components for aircraft and spacecraft.<\/p>\n\n<p><img loading=\"lazy\" decoding=\"async\" class=\"\" src=\"https:\/\/pronjasmachinery.com\/wp-content\/uploads\/2024\/09\/img_v3_02ef_7d1539a0-65e5-4e9f-be6e-ce2a537ce10g-300x200.jpg\" alt=\"\" width=\"386\" height=\"257\" \/><img loading=\"lazy\" decoding=\"async\" class=\"\" src=\"https:\/\/pronjasmachinery.com\/wp-content\/uploads\/2024\/09\/img_v3_02ef_229a8e1f-c0e8-4535-a891-0f5ec791461g-300x200.jpg\" alt=\"\" width=\"386\" height=\"257\" \/><br \/><strong>Petrochemical:<\/strong>\u00a0for the manufacture of pipes and vessels.<br \/><strong>Hydroelectricity:<\/strong>\u00a0for the manufacture of steel structures for hydroelectric power stations.<br \/><strong>Construction navale :<\/strong>\u00a0for the manufacture of ship hulls and shipboard structures.<\/p>\n\n<p><img loading=\"lazy\" decoding=\"async\" class=\"\" src=\"https:\/\/pronjasmachinery.com\/wp-content\/uploads\/2024\/03\/1-4-300x225.jpg\" alt=\"\" width=\"343\" height=\"257\" \/><img loading=\"lazy\" decoding=\"async\" class=\"\" src=\"https:\/\/pronjasmachinery.com\/wp-content\/uploads\/2024\/03\/2-4-300x225.jpg\" alt=\"\" width=\"343\" height=\"257\" \/><br \/><strong>Automobile manufacturing:<\/strong>\u00a0for the manufacture of automobile frames and components.<br \/><strong>Machinery Manufacturing:<\/strong>\u00a0For the manufacture of various mechanical components.<\/p>\n\n<p><img loading=\"lazy\" decoding=\"async\" class=\"\" src=\"https:\/\/pronjasmachinery.com\/wp-content\/uploads\/2024\/03\/6-4-300x225.jpg\" alt=\"\" width=\"356\" height=\"267\" \/><img loading=\"lazy\" decoding=\"async\" class=\"\" src=\"https:\/\/pronjasmachinery.com\/wp-content\/uploads\/2024\/03\/1-7-300x225.jpg\" alt=\"\" width=\"343\" height=\"257\" \/><br \/><strong>Steel Structure:<\/strong>\u00a0Steel structure manufacturing for buildings and bridges.<\/p>\n\n<h2 class=\"wp-block-heading\"><strong>Principe de fonctionnement<\/strong><\/h2>\n\n<p><strong>Pre-bending:<\/strong>\u00a0the profile is first pre-bent by the rotation of the two lower rolls.<br \/><strong>Rolling:<\/strong>\u00a0The profile is then rolled through three independently driven rollers to form the desired shape.<br \/><strong>Monitoring and adjustment:<\/strong>\u00a0Displacement sensors monitor the roll positions in real time and the console adjusts them as required.<br \/><strong>Forming:<\/strong>\u00a0Through precise control and drive, the profile is formed into the desired workpiece.<\/p>\n\t\t\t\t\t\t\t\t<\/div>\n\t\t\t\t\t<\/div>\n\t\t\t\t<\/div>\n\t\t\t\t<\/div>","protected":false},"excerpt":{"rendered":"<p>W24 Vertical CNC Profile bending machine is a highly efficient profile bending machine produced by our company, which is suitable [&hellip;]<\/p>","protected":false},"author":4,"featured_media":6063,"menu_order":0,"template":"","format":"standard","meta":{"_acf_changed":false,"site-sidebar-layout":"default","site-content-layout":"","ast-site-content-layout":"default","site-content-style":"default","site-sidebar-style":"default","ast-global-header-display":"","ast-banner-title-visibility":"","ast-main-header-display":"","ast-hfb-above-header-display":"","ast-hfb-below-header-display":"","ast-hfb-mobile-header-display":"","site-post-title":"","ast-breadcrumbs-content":"","ast-featured-img":"","footer-sml-layout":"","ast-disable-related-posts":"","theme-transparent-header-meta":"","adv-header-id-meta":"","stick-header-meta":"","header-above-stick-meta":"","header-main-stick-meta":"","header-below-stick-meta":"","astra-migrate-meta-layouts":"set","ast-page-background-enabled":"default","ast-page-background-meta":{"desktop":{"background-color":"","background-image":"","background-repeat":"repeat","background-position":"center center","background-size":"auto","background-attachment":"scroll","background-type":"","background-media":"","overlay-type":"","overlay-color":"","overlay-opacity":"","overlay-gradient":""},"tablet":{"background-color":"","background-image":"","background-repeat":"repeat","background-position":"center center","background-size":"auto","background-attachment":"scroll","background-type":"","background-media":"","overlay-type":"","overlay-color":"","overlay-opacity":"","overlay-gradient":""},"mobile":{"background-color":"","background-image":"","background-repeat":"repeat","background-position":"center center","background-size":"auto","background-attachment":"scroll","background-type":"","background-media":"","overlay-type":"","overlay-color":"","overlay-opacity":"","overlay-gradient":""}},"ast-content-background-meta":{"desktop":{"background-color":"var(--ast-global-color-5)","background-image":"","background-repeat":"repeat","background-position":"center center","background-size":"auto","background-attachment":"scroll","background-type":"","background-media":"","overlay-type":"","overlay-color":"","overlay-opacity":"","overlay-gradient":""},"tablet":{"background-color":"var(--ast-global-color-5)","background-image":"","background-repeat":"repeat","background-position":"center center","background-size":"auto","background-attachment":"scroll","background-type":"","background-media":"","overlay-type":"","overlay-color":"","overlay-opacity":"","overlay-gradient":""},"mobile":{"background-color":"var(--ast-global-color-5)","background-image":"","background-repeat":"repeat","background-position":"center center","background-size":"auto","background-attachment":"scroll","background-type":"","background-media":"","overlay-type":"","overlay-color":"","overlay-opacity":"","overlay-gradient":""}},"footnotes":""},"product-category":[33],"product-tag":[],"class_list":["post-26691","product","type-product","status-publish","format-standard","has-post-thumbnail","hentry","product-category-profile-bending-machine"],"acf":[],"_links":{"self":[{"href":"https:\/\/pronjasmachinery.com\/fr\/wp-json\/wp\/v2\/product\/26691","targetHints":{"allow":["GET"]}}],"collection":[{"href":"https:\/\/pronjasmachinery.com\/fr\/wp-json\/wp\/v2\/product"}],"about":[{"href":"https:\/\/pronjasmachinery.com\/fr\/wp-json\/wp\/v2\/types\/product"}],"author":[{"embeddable":true,"href":"https:\/\/pronjasmachinery.com\/fr\/wp-json\/wp\/v2\/users\/4"}],"version-history":[{"count":0,"href":"https:\/\/pronjasmachinery.com\/fr\/wp-json\/wp\/v2\/product\/26691\/revisions"}],"wp:featuredmedia":[{"embeddable":true,"href":"https:\/\/pronjasmachinery.com\/fr\/wp-json\/wp\/v2\/media\/6063"}],"wp:attachment":[{"href":"https:\/\/pronjasmachinery.com\/fr\/wp-json\/wp\/v2\/media?parent=26691"}],"wp:term":[{"taxonomy":"product-category","embeddable":true,"href":"https:\/\/pronjasmachinery.com\/fr\/wp-json\/wp\/v2\/product-category?post=26691"},{"taxonomy":"product-tag","embeddable":true,"href":"https:\/\/pronjasmachinery.com\/fr\/wp-json\/wp\/v2\/product-tag?post=26691"}],"curies":[{"name":"wp","href":"https:\/\/api.w.org\/{rel}","templated":true}]}}