{"id":26060,"date":"2025-02-11T14:50:35","date_gmt":"2025-02-11T14:50:35","guid":{"rendered":"https:\/\/pronjas.com\/?post_type=product&amp;p=26060"},"modified":"2025-02-11T14:50:35","modified_gmt":"2025-02-11T14:50:35","slug":"2-roll-plate-rolling-machine","status":"publish","type":"product","link":"https:\/\/pronjasmachinery.com\/pt\/product\/2-roll-plate-rolling-machine\/","title":{"rendered":"M\u00e1quina de lamina\u00e7\u00e3o de chapas de 2 rolos"},"content":{"rendered":"<div data-elementor-type=\"wp-post\" data-elementor-id=\"26060\" class=\"elementor elementor-26060\" data-elementor-post-type=\"product\">\n\t\t\t\t<div class=\"elementor-element elementor-element-2892d497 e-con-full e-flex e-con e-parent\" data-id=\"2892d497\" data-element_type=\"container\">\n\t\t\t\t<div class=\"elementor-element elementor-element-e49f742 elementor-widget elementor-widget-text-editor\" data-id=\"e49f742\" data-element_type=\"widget\" data-widget_type=\"text-editor.default\">\n\t\t\t\t\t\t\t\t\t\n<h2 class=\"wp-block-heading\"><strong>Princ\u00edpio de funcionamento da M\u00e1quina de Lamina\u00e7\u00e3o de Chapas de 2 Rolos<\/strong><\/h2>\n\n<p>Princ\u00edpio de funcionamento da m\u00e1quina de lamina\u00e7\u00e3o de chapas de 2 rolos: O rolo superior da m\u00e1quina de dobragem de chapa est\u00e1 numa posi\u00e7\u00e3o sim\u00e9trica no centro dos dois rolos inferiores. O \u00f3leo hidr\u00e1ulico no cilindro hidr\u00e1ulico actua sobre o pist\u00e3o para realizar movimentos verticais de eleva\u00e7\u00e3o e descida. A engrenagem final do redutor principal faz com que as engrenagens dos dois rolos inferiores se engrenem e girem para fornecer bin\u00e1rio \u00e0 placa laminada. A placa plana de metal pl\u00e1stico da m\u00e1quina de laminagem de placas passa entre os tr\u00eas rolos de trabalho (dois rolos inferiores e um rolo superior) do equipamento. Com a ajuda da press\u00e3o descendente do rolo superior e do movimento de rota\u00e7\u00e3o do rolo inferior, a placa met\u00e1lica \u00e9 continuamente dobrada em v\u00e1rias passagens, resultando numa deforma\u00e7\u00e3o pl\u00e1stica permanente e num cilindro, cone ou parte do mesmo.<\/p>\n\n<p>A m\u00e1quina de lamina\u00e7\u00e3o de chapa de dois rolos \u00e9 um equipamento de lamina\u00e7\u00e3o de chapa de dois rolos para rolos. \u00c9 usado principalmente para dobrar cilindros cil\u00edndricos de placa de metal com uma espessura de 0,5-5mm, uma largura de 300mm-2000mm, e um limite de rendimento de menos de 350Mpa durante o uso a frio. \u00c9 amplamente utilizado na produ\u00e7\u00e3o de v\u00e1rios cilindros cil\u00edndricos em autom\u00f3veis, m\u00e1quinas de alimentos, motores, equipamentos de combate a inc\u00eandios e outras ind\u00fastrias. A m\u00e1quina de lamina\u00e7\u00e3o de chapa de dois rolos \u00e9 caracterizada pela alta precis\u00e3o do produto, sem bordas retas extras, e alta efici\u00eancia de produ\u00e7\u00e3o. O erro de precis\u00e3o mais elevado \u00e9 inferior a 0,5 mm; a efici\u00eancia mais elevada pode atingir 400 pe\u00e7as\/hora.<\/p>\n\n<p>A placa de a\u00e7o \u00e9 pressionada entre o rolo superior (dois rolos) e o rolo inferior (rolo el\u00e1stico) pelo rolo superior. A camada el\u00e1stica do rolo inferior tem uma forma c\u00f4ncava que impele a placa de a\u00e7o a dobrar-se, formando a curvatura. De acordo com as diferentes formas estruturais e meios de controlo, s\u00e3o determinadas as capacidades e a efici\u00eancia da m\u00e1quina.<\/p>\n\n<h2 class=\"wp-block-heading\"><strong>Carater\u00edsticas\u00a0<\/strong><strong>de 2 rolos M\u00e1quina de lamina\u00e7\u00e3o de chapas<\/strong><\/h2>\n\n<h2 class=\"wp-block-heading\"><strong>\u00a0<\/strong><\/h2>\n\n<p><strong>Rolamento de alta efici\u00eancia<\/strong>: A m\u00e1quina de lamina\u00e7\u00e3o de placas de 2 rolos adota um redutor de alta velocidade da s\u00e9rie K e correspond\u00eancia de motor de pequena pot\u00eancia, realizando grande torque e economia de energia ao mesmo tempo, a redondeza acabada de produtos laminados \u00e9 alta e o erro de di\u00e2metro \u00e9 \u22644 \u2030.<\/p>\n\n<p><strong>Nivelamento autom\u00e1tico<\/strong>A tecnologia de nivelamento autom\u00e1tico em ambos os lados do eixo do rolo resolve os problemas de ajuste manual e a borda errada dos produtos acabados, o que melhora muito a efici\u00eancia do trabalho.<\/p>\n\n<p><strong>Estrutura basculante hidr\u00e1ulica<\/strong>: equipado com uma estrutura basculante hidr\u00e1ulica, economiza trabalho e melhora a efici\u00eancia da opera\u00e7\u00e3o, tornando a pe\u00e7a de trabalho laminada mais relaxada.<\/p>\n\n<p><strong>Controlo inteligente<\/strong>: Equipado com um PLC Siemens e um ecr\u00e3 t\u00e1til, permite a livre programa\u00e7\u00e3o de rolos livres, o que \u00e9 conveniente para a opera\u00e7\u00e3o e melhora a efici\u00eancia da produ\u00e7\u00e3o.<\/p>\n\n<p><strong>Aplica\u00e7\u00e3o multifuncional<\/strong>M\u00e1quina de lamina\u00e7\u00e3o de chapas de 2 rolos: A m\u00e1quina de lamina\u00e7\u00e3o de chapas de 2 rolos \u00e9 adequada para lamina\u00e7\u00e3o de pe\u00e7as redondas, em arco, c\u00f3nicas, quadradas, com v\u00e1rias sec\u00e7\u00f5es em forma de arco nas ind\u00fastrias de energia, transportes, petr\u00f3leo, qu\u00edmica, caldeiras, constru\u00e7\u00e3o naval, energia hidroel\u00e9trica, estrutura met\u00e1lica e outras ind\u00fastrias.<img decoding=\"async\" class=\"wp-image-5160 alignleft\" style=\"width: 500px;\" src=\"https:\/\/pronjas.com\/wp-content\/uploads\/2024\/03\/2-Rolls-Plate-Rolling-Machine-2-scaled-1.jpg\" alt=\"M\u00e1quina laminadora de chapas de 2 rolos\" height=\"375\" srcset=\"https:\/\/pronjasmachinery.com\/wp-content\/uploads\/2024\/03\/2-Rolls-Plate-Rolling-Machine-2-scaled-1.jpg 2560w, https:\/\/pronjasmachinery.com\/wp-content\/uploads\/2024\/03\/2-Rolls-Plate-Rolling-Machine-2-scaled-1-300x225.jpg 300w, https:\/\/pronjasmachinery.com\/wp-content\/uploads\/2024\/03\/2-Rolls-Plate-Rolling-Machine-2-scaled-1-1024x768.jpg 1024w, https:\/\/pronjasmachinery.com\/wp-content\/uploads\/2024\/03\/2-Rolls-Plate-Rolling-Machine-2-scaled-1-768x576.jpg 768w, https:\/\/pronjasmachinery.com\/wp-content\/uploads\/2024\/03\/2-Rolls-Plate-Rolling-Machine-2-scaled-1-1536x1152.jpg 1536w, https:\/\/pronjasmachinery.com\/wp-content\/uploads\/2024\/03\/2-Rolls-Plate-Rolling-Machine-2-scaled-1-2048x1536.jpg 2048w\" sizes=\"(max-width: 2560px) 100vw, 2560px\" \/><img fetchpriority=\"high\" decoding=\"async\" class=\"alignleft wp-image-5162\" style=\"width: 500px;\" src=\"https:\/\/pronjas.com\/wp-content\/uploads\/2024\/03\/2-Rolls-Plate-Rolling-Machine-4-scaled-1.jpg\" alt=\"M\u00e1quina laminadora de chapas de 2 rolos\" width=\"1600\" height=\"375\" \/><\/p>\n\n<h2 class=\"wp-block-heading\"><strong>Par\u00e2metros<\/strong><\/h2>\n<table width=\"914\">\n<tbody>\n<tr>\n<td rowspan=\"2\" width=\"147\">Modelo<\/td>\n<td rowspan=\"2\" width=\"144\">\u00a0Limite de elasticidade da chapa met\u00e1lica (Mpa)<\/td>\n<td rowspan=\"2\" width=\"140\">Espessura m\u00e1xima de laminagem (mm)<\/td>\n<td rowspan=\"2\" width=\"123\">Largura m\u00e1xima de rolamento (mm)<\/td>\n<td rowspan=\"2\" width=\"114\">Velocidade de rolamento\uff08m\/min\uff09<\/td>\n<td rowspan=\"2\" width=\"110\">Pot\u00eancia do motor el\u00e9trico (kw)<\/td>\n<td rowspan=\"2\" width=\"134\">Pot\u00eancia do motor da esta\u00e7\u00e3o hidr\u00e1ulica (kw)<\/td>\n<\/tr>\n<tr>\n<td width=\"147\">W10-1\u00d7300<\/td>\n<td width=\"144\">245<\/td>\n<td width=\"140\">1<\/td>\n<td width=\"123\">300<\/td>\n<td width=\"114\">4.5<\/td>\n<td width=\"110\">0.37<\/td>\n<td width=\"134\">2.2<\/td>\n<\/tr>\n<tr>\n<td width=\"147\">W10-2\u00d7400<\/td>\n<td width=\"144\">245<\/td>\n<td width=\"140\">2<\/td>\n<td width=\"123\">400<\/td>\n<td width=\"114\">4.5<\/td>\n<td width=\"110\">0.37<\/td>\n<td width=\"134\">2.2<\/td>\n<\/tr>\n<tr>\n<td width=\"147\">W10-2\u00d7600<\/td>\n<td width=\"144\">245<\/td>\n<td width=\"140\">2<\/td>\n<td width=\"123\">600<\/td>\n<td width=\"114\">4.5<\/td>\n<td width=\"110\">0.55<\/td>\n<td width=\"134\">2.2<\/td>\n<\/tr>\n<tr>\n<td width=\"147\">W10-3\u00d7700<\/td>\n<td width=\"144\">245<\/td>\n<td width=\"140\">3<\/td>\n<td width=\"123\">700<\/td>\n<td width=\"114\">4.5<\/td>\n<td width=\"110\">0.75<\/td>\n<td width=\"134\">3<\/td>\n<\/tr>\n<tr>\n<td width=\"147\">W10-3\u00d7800<\/td>\n<td width=\"144\">245<\/td>\n<td width=\"140\">3<\/td>\n<td width=\"123\">800<\/td>\n<td width=\"114\">4.5<\/td>\n<td width=\"110\">0.75<\/td>\n<td width=\"134\">3<\/td>\n<\/tr>\n<tr>\n<td width=\"147\">W10-3\u00d71000<\/td>\n<td width=\"144\">245<\/td>\n<td width=\"140\">3<\/td>\n<td width=\"123\">1000<\/td>\n<td width=\"114\">4.5<\/td>\n<td width=\"110\">1.1<\/td>\n<td width=\"134\">3<\/td>\n<\/tr>\n<tr>\n<td width=\"147\">W10-3\u00d71250<\/td>\n<td width=\"144\">245<\/td>\n<td width=\"140\">3<\/td>\n<td width=\"123\">1250<\/td>\n<td width=\"114\">4.5<\/td>\n<td width=\"110\">1.1<\/td>\n<td width=\"134\">3<\/td>\n<\/tr>\n<tr>\n<td width=\"147\">W10-4\u00d71300<\/td>\n<td width=\"144\">245<\/td>\n<td width=\"140\">4<\/td>\n<td width=\"123\">1300<\/td>\n<td width=\"114\">4.5<\/td>\n<td width=\"110\">1.1<\/td>\n<td width=\"134\">3<\/td>\n<\/tr>\n<tr>\n<td width=\"147\">W10-4\u00d71500<\/td>\n<td width=\"144\">245<\/td>\n<td width=\"140\">4<\/td>\n<td width=\"123\">1500<\/td>\n<td width=\"114\">4<\/td>\n<td width=\"110\">1.5<\/td>\n<td width=\"134\">3<\/td>\n<\/tr>\n<tr>\n<td width=\"147\">W10-3\u00d71800<\/td>\n<td width=\"144\">245<\/td>\n<td width=\"140\">3<\/td>\n<td width=\"123\">1800<\/td>\n<td width=\"114\">4<\/td>\n<td width=\"110\">1.5<\/td>\n<td width=\"134\">3<\/td>\n<\/tr>\n<tr>\n<td width=\"147\">W10-3\u00d72000<\/td>\n<td width=\"144\">245<\/td>\n<td width=\"140\">3<\/td>\n<td width=\"123\">2000<\/td>\n<td width=\"114\">4<\/td>\n<td width=\"110\">1.5<\/td>\n<td width=\"134\">3<\/td>\n<\/tr>\n<\/tbody>\n<\/table>\n\n<h2 class=\"wp-block-heading\"><strong>Detalhes da M\u00e1quina de Lamina\u00e7\u00e3o de Chapas de 2 Rolos<\/strong><\/h2>\n\n<p><strong>Prote\u00e7\u00e3o do ambiente e poupan\u00e7a de energia<\/strong>: Ado\u00e7\u00e3o de um redutor de alta velocidade da s\u00e9rie K e de um motor de pequena pot\u00eancia para obter um bin\u00e1rio elevado e poupar energia ao mesmo tempo.<\/p>\n\n<p><strong>Rolamento autom\u00e1tico<\/strong>: Configurado com PLC Siemens e ecr\u00e3 t\u00e1til para realizar um rolamento livremente program\u00e1vel para uma opera\u00e7\u00e3o f\u00e1cil.<\/p>\n<p><strong>Sistema de empurrar<\/strong>sistema de empurrador, \u00e9 conveniente para apanhar materiais e poupar tempo.<\/p>\n<p><img decoding=\"async\" class=\"alignnone size-medium wp-image-4532\" src=\"https:\/\/pronjas.com\/wp-content\/uploads\/2024\/03\/\u56fe\u72474-225x300.png\" alt=\"\" width=\"225\" height=\"300\" srcset=\"https:\/\/pronjasmachinery.com\/wp-content\/uploads\/2024\/03\/\u56fe\u72474-225x300.png 225w, https:\/\/pronjasmachinery.com\/wp-content\/uploads\/2024\/03\/\u56fe\u72474.png 468w\" sizes=\"(max-width: 225px) 100vw, 225px\" \/><img decoding=\"async\" class=\"alignnone size-medium wp-image-4531\" src=\"https:\/\/pronjas.com\/wp-content\/uploads\/2024\/03\/\u56fe\u72473-225x300.png\" alt=\"\" width=\"225\" height=\"300\" srcset=\"https:\/\/pronjasmachinery.com\/wp-content\/uploads\/2024\/03\/\u56fe\u72473-225x300.png 225w, https:\/\/pronjasmachinery.com\/wp-content\/uploads\/2024\/03\/\u56fe\u72473.png 475w\" sizes=\"(max-width: 225px) 100vw, 225px\" \/><img loading=\"lazy\" decoding=\"async\" class=\"alignnone size-medium wp-image-4530\" src=\"https:\/\/pronjas.com\/wp-content\/uploads\/2024\/03\/\u56fe\u72472-225x300.png\" alt=\"\" width=\"225\" height=\"300\" srcset=\"https:\/\/pronjasmachinery.com\/wp-content\/uploads\/2024\/03\/\u56fe\u72472-225x300.png 225w, https:\/\/pronjasmachinery.com\/wp-content\/uploads\/2024\/03\/\u56fe\u72472.png 478w\" sizes=\"(max-width: 225px) 100vw, 225px\" \/><img loading=\"lazy\" decoding=\"async\" class=\"alignnone size-medium wp-image-4529\" src=\"https:\/\/pronjas.com\/wp-content\/uploads\/2024\/03\/\u56fe\u72471-225x300.png\" alt=\"\" width=\"225\" height=\"300\" srcset=\"https:\/\/pronjasmachinery.com\/wp-content\/uploads\/2024\/03\/\u56fe\u72471-225x300.png 225w, https:\/\/pronjasmachinery.com\/wp-content\/uploads\/2024\/03\/\u56fe\u72471.png 572w\" sizes=\"(max-width: 225px) 100vw, 225px\" \/><\/p>\n\n<p><strong>Sistema de apoio<\/strong>: com um sistema de suporte para suporte de cilindros grandes, melhora a circularidade do produto.<\/p>\n\n<p><strong>Nivelamento autom\u00e1tico<\/strong>: com monitoriza\u00e7\u00e3o da posi\u00e7\u00e3o dos rolos e sistema de nivelamento autom\u00e1tico para garantir a qualidade e estabilidade do produto.<\/p>\n<p><img loading=\"lazy\" decoding=\"async\" class=\"wp-image-4533 alignleft\" src=\"https:\/\/pronjas.com\/wp-content\/uploads\/2024\/03\/\u56fe\u72475-300x225.png\" alt=\"\" width=\"351\" height=\"263\" srcset=\"https:\/\/pronjasmachinery.com\/wp-content\/uploads\/2024\/03\/\u56fe\u72475-300x225.png 300w, https:\/\/pronjasmachinery.com\/wp-content\/uploads\/2024\/03\/\u56fe\u72475.png 543w\" sizes=\"(max-width: 351px) 100vw, 351px\" \/><img loading=\"lazy\" decoding=\"async\" class=\"wp-image-4534 alignleft\" src=\"https:\/\/pronjas.com\/wp-content\/uploads\/2024\/03\/\u56fe\u72476-225x300.png\" alt=\"\" width=\"197\" height=\"263\" srcset=\"https:\/\/pronjasmachinery.com\/wp-content\/uploads\/2024\/03\/\u56fe\u72476-225x300.png 225w, https:\/\/pronjasmachinery.com\/wp-content\/uploads\/2024\/03\/\u56fe\u72476.png 409w\" sizes=\"(max-width: 197px) 100vw, 197px\" \/><img loading=\"lazy\" decoding=\"async\" class=\"wp-image-4535 alignnone\" src=\"https:\/\/pronjas.com\/wp-content\/uploads\/2024\/03\/\u56fe\u72477-300x165.png\" alt=\"\" width=\"478\" height=\"263\" srcset=\"https:\/\/pronjasmachinery.com\/wp-content\/uploads\/2024\/03\/\u56fe\u72477-300x165.png 300w, https:\/\/pronjasmachinery.com\/wp-content\/uploads\/2024\/03\/\u56fe\u72477.png 720w\" sizes=\"(max-width: 478px) 100vw, 478px\" \/><\/p>\n<p><strong>plataforma basculante hidr\u00e1ulica<\/strong>com suporte basculante hidr\u00e1ulico, poupando trabalho e melhorando a efici\u00eancia.<\/p>\n\n<p><strong>Plataforma de alimenta\u00e7\u00e3o ajust\u00e1vel<\/strong>: com uma plataforma de alimenta\u00e7\u00e3o ajust\u00e1vel, conveniente para a alimenta\u00e7\u00e3o.<\/p>\n<p><img loading=\"lazy\" decoding=\"async\" class=\"size-medium wp-image-4536 alignleft\" src=\"https:\/\/pronjas.com\/wp-content\/uploads\/2024\/03\/\u56fe\u72478-225x300.png\" alt=\"\" width=\"225\" height=\"300\" srcset=\"https:\/\/pronjasmachinery.com\/wp-content\/uploads\/2024\/03\/\u56fe\u72478-225x300.png 225w, https:\/\/pronjasmachinery.com\/wp-content\/uploads\/2024\/03\/\u56fe\u72478.png 480w\" sizes=\"(max-width: 225px) 100vw, 225px\" \/><img loading=\"lazy\" decoding=\"async\" class=\"size-medium wp-image-4537 alignleft\" src=\"https:\/\/pronjas.com\/wp-content\/uploads\/2024\/03\/\u56fe\u72479-225x300.png\" alt=\"\" width=\"225\" height=\"300\" srcset=\"https:\/\/pronjasmachinery.com\/wp-content\/uploads\/2024\/03\/\u56fe\u72479-225x300.png 225w, https:\/\/pronjasmachinery.com\/wp-content\/uploads\/2024\/03\/\u56fe\u72479.png 493w\" sizes=\"(max-width: 225px) 100vw, 225px\" \/><\/p>\n\n<h2 class=\"wp-block-heading\"><strong>Aplica\u00e7\u00f5es\u00a0<\/strong><strong>de 2 rolos M\u00e1quina de lamina\u00e7\u00e3o de chapas<\/strong><\/h2>\n\n<p><strong>Garrafas para ve\u00edculos a GNL\u00a0<\/strong><\/p>\n\n<p><strong>\u25cf\u00a0<\/strong><strong>Ind\u00fastria de condutas de ventila\u00e7\u00e3o<\/strong><\/p>\n\n<p><strong>\u25cf\u00a0<\/strong><strong>Ind\u00fastria de filtros<\/strong><\/p>\n<p><img loading=\"lazy\" decoding=\"async\" class=\"wp-image-4538 alignleft\" src=\"https:\/\/pronjas.com\/wp-content\/uploads\/2024\/03\/\u56fe\u724710-300x225.png\" alt=\"\" width=\"416\" height=\"312\" srcset=\"https:\/\/pronjasmachinery.com\/wp-content\/uploads\/2024\/03\/\u56fe\u724710-300x225.png 300w, https:\/\/pronjasmachinery.com\/wp-content\/uploads\/2024\/03\/\u56fe\u724710-1024x768.png 1024w, https:\/\/pronjasmachinery.com\/wp-content\/uploads\/2024\/03\/\u56fe\u724710-768x576.png 768w, https:\/\/pronjasmachinery.com\/wp-content\/uploads\/2024\/03\/\u56fe\u724710.png 1266w\" sizes=\"(max-width: 416px) 100vw, 416px\" \/><img loading=\"lazy\" decoding=\"async\" class=\"wp-image-4539 alignleft\" src=\"https:\/\/pronjas.com\/wp-content\/uploads\/2024\/03\/\u56fe\u724711-233x300.png\" alt=\"\" width=\"242\" height=\"312\" srcset=\"https:\/\/pronjasmachinery.com\/wp-content\/uploads\/2024\/03\/\u56fe\u724711-233x300.png 233w, https:\/\/pronjasmachinery.com\/wp-content\/uploads\/2024\/03\/\u56fe\u724711.png 428w\" sizes=\"(max-width: 242px) 100vw, 242px\" \/><img loading=\"lazy\" decoding=\"async\" class=\"wp-image-4540 alignnone\" src=\"https:\/\/pronjas.com\/wp-content\/uploads\/2024\/03\/\u56fe\u724712-300x225.png\" alt=\"\" width=\"416\" height=\"312\" srcset=\"https:\/\/pronjasmachinery.com\/wp-content\/uploads\/2024\/03\/\u56fe\u724712-300x225.png 300w, https:\/\/pronjasmachinery.com\/wp-content\/uploads\/2024\/03\/\u56fe\u724712.png 500w\" sizes=\"(max-width: 416px) 100vw, 416px\" \/><\/p>\n\n<p><strong>Ind\u00fastria de bombas\u00a0<\/strong><\/p>\n\n<p><strong>\u25cf\u00a0<\/strong><strong>Ind\u00fastria de extintores de inc\u00eandio\u00a0<\/strong><\/p>\n\n<p><strong>\u25cf\u00a0<\/strong><strong>Ind\u00fastria dos recipientes sob press\u00e3o<\/strong><\/p>\n<p><img loading=\"lazy\" decoding=\"async\" class=\"wp-image-4542 alignleft\" src=\"https:\/\/pronjas.com\/wp-content\/uploads\/2024\/03\/\u56fe\u724714-300x188.png\" alt=\"\" width=\"351\" height=\"220\" srcset=\"https:\/\/pronjasmachinery.com\/wp-content\/uploads\/2024\/03\/\u56fe\u724714-300x188.png 300w, https:\/\/pronjasmachinery.com\/wp-content\/uploads\/2024\/03\/\u56fe\u724714.png 720w\" sizes=\"(max-width: 351px) 100vw, 351px\" \/><img loading=\"lazy\" decoding=\"async\" class=\"wp-image-4545 alignleft\" src=\"https:\/\/pronjas.com\/wp-content\/uploads\/2024\/03\/\u56fe\u724717-300x224.png\" alt=\"\" width=\"294\" height=\"220\" srcset=\"https:\/\/pronjasmachinery.com\/wp-content\/uploads\/2024\/03\/\u56fe\u724717-300x224.png 300w, https:\/\/pronjasmachinery.com\/wp-content\/uploads\/2024\/03\/\u56fe\u724717.png 663w\" sizes=\"(max-width: 294px) 100vw, 294px\" \/><img loading=\"lazy\" decoding=\"async\" class=\"alignnone  wp-image-4541\" src=\"https:\/\/pronjas.com\/wp-content\/uploads\/2024\/03\/\u56fe\u724713-1.png\" alt=\"\" width=\"230\" height=\"220\" \/><\/p>\n\n<p><strong>\u25cf\u00a0<\/strong><strong>Ind\u00fastria de escape autom\u00f3vel\u00a0 \u00a0<\/strong><\/p>\n\n<p><strong>\u25cf\u00a0<\/strong><strong>Ind\u00fastria de recipientes sob press\u00e3o para GPL<\/strong><\/p>\n\n<p>\u00a0<\/p>\n\t\t\t\t\t\t\t\t<\/div>\n\t\t\t\t<\/div>\n\t\t\t\t<\/div>","protected":false},"excerpt":{"rendered":"<p>Working Principle of 2 Rolls Plate Rolling Machine Working principle of 2 rolls plate rolling machine: The upper roller of [&hellip;]<\/p>","protected":false},"author":4,"featured_media":4521,"menu_order":0,"template":"","format":"standard","meta":{"_acf_changed":false,"site-sidebar-layout":"default","site-content-layout":"","ast-site-content-layout":"default","site-content-style":"default","site-sidebar-style":"default","ast-global-header-display":"","ast-banner-title-visibility":"","ast-main-header-display":"","ast-hfb-above-header-display":"","ast-hfb-below-header-display":"","ast-hfb-mobile-header-display":"","site-post-title":"","ast-breadcrumbs-content":"","ast-featured-img":"","footer-sml-layout":"","ast-disable-related-posts":"","theme-transparent-header-meta":"","adv-header-id-meta":"","stick-header-meta":"","header-above-stick-meta":"","header-main-stick-meta":"","header-below-stick-meta":"","astra-migrate-meta-layouts":"set","ast-page-background-enabled":"default","ast-page-background-meta":{"desktop":{"background-color":"","background-image":"","background-repeat":"repeat","background-position":"center center","background-size":"auto","background-attachment":"scroll","background-type":"","background-media":"","overlay-type":"","overlay-color":"","overlay-opacity":"","overlay-gradient":""},"tablet":{"background-color":"","background-image":"","background-repeat":"repeat","background-position":"center center","background-size":"auto","background-attachment":"scroll","background-type":"","background-media":"","overlay-type":"","overlay-color":"","overlay-opacity":"","overlay-gradient":""},"mobile":{"background-color":"","background-image":"","background-repeat":"repeat","background-position":"center center","background-size":"auto","background-attachment":"scroll","background-type":"","background-media":"","overlay-type":"","overlay-color":"","overlay-opacity":"","overlay-gradient":""}},"ast-content-background-meta":{"desktop":{"background-color":"var(--ast-global-color-5)","background-image":"","background-repeat":"repeat","background-position":"center center","background-size":"auto","background-attachment":"scroll","background-type":"","background-media":"","overlay-type":"","overlay-color":"","overlay-opacity":"","overlay-gradient":""},"tablet":{"background-color":"var(--ast-global-color-5)","background-image":"","background-repeat":"repeat","background-position":"center center","background-size":"auto","background-attachment":"scroll","background-type":"","background-media":"","overlay-type":"","overlay-color":"","overlay-opacity":"","overlay-gradient":""},"mobile":{"background-color":"var(--ast-global-color-5)","background-image":"","background-repeat":"repeat","background-position":"center center","background-size":"auto","background-attachment":"scroll","background-type":"","background-media":"","overlay-type":"","overlay-color":"","overlay-opacity":"","overlay-gradient":""}},"footnotes":""},"product-category":[29,30],"product-tag":[],"class_list":["post-26060","product","type-product","status-publish","format-standard","has-post-thumbnail","hentry","product-category-2-roller-rolling-machine","product-category-plate-rolling-machine"],"acf":[],"_links":{"self":[{"href":"https:\/\/pronjasmachinery.com\/pt\/wp-json\/wp\/v2\/product\/26060","targetHints":{"allow":["GET"]}}],"collection":[{"href":"https:\/\/pronjasmachinery.com\/pt\/wp-json\/wp\/v2\/product"}],"about":[{"href":"https:\/\/pronjasmachinery.com\/pt\/wp-json\/wp\/v2\/types\/product"}],"author":[{"embeddable":true,"href":"https:\/\/pronjasmachinery.com\/pt\/wp-json\/wp\/v2\/users\/4"}],"version-history":[{"count":0,"href":"https:\/\/pronjasmachinery.com\/pt\/wp-json\/wp\/v2\/product\/26060\/revisions"}],"wp:featuredmedia":[{"embeddable":true,"href":"https:\/\/pronjasmachinery.com\/pt\/wp-json\/wp\/v2\/media\/4521"}],"wp:attachment":[{"href":"https:\/\/pronjasmachinery.com\/pt\/wp-json\/wp\/v2\/media?parent=26060"}],"wp:term":[{"taxonomy":"product-category","embeddable":true,"href":"https:\/\/pronjasmachinery.com\/pt\/wp-json\/wp\/v2\/product-category?post=26060"},{"taxonomy":"product-tag","embeddable":true,"href":"https:\/\/pronjasmachinery.com\/pt\/wp-json\/wp\/v2\/product-tag?post=26060"}],"curies":[{"name":"wp","href":"https:\/\/api.w.org\/{rel}","templated":true}]}}