{"id":26060,"date":"2025-02-11T14:50:35","date_gmt":"2025-02-11T14:50:35","guid":{"rendered":"https:\/\/pronjas.com\/?post_type=product&amp;p=26060"},"modified":"2025-02-11T14:50:35","modified_gmt":"2025-02-11T14:50:35","slug":"2-roll-plate-rolling-machine","status":"publish","type":"product","link":"https:\/\/pronjasmachinery.com\/tr\/product\/2-roll-plate-rolling-machine\/","title":{"rendered":"2 Rulo Plaka Haddeleme Makinesi"},"content":{"rendered":"<div data-elementor-type=\"wp-post\" data-elementor-id=\"26060\" class=\"elementor elementor-26060\" data-elementor-post-type=\"product\">\n\t\t\t\t<div class=\"elementor-element elementor-element-2892d497 e-con-full e-flex e-con e-parent\" data-id=\"2892d497\" data-element_type=\"container\">\n\t\t\t\t<div class=\"elementor-element elementor-element-e49f742 elementor-widget elementor-widget-text-editor\" data-id=\"e49f742\" data-element_type=\"widget\" data-widget_type=\"text-editor.default\">\n\t\t\t\t\t\t\t\t\t\n<h2 class=\"wp-block-heading\"><strong>2 Rulo Plaka Haddeleme Makinesinin \u00c7al\u0131\u015fma Prensibi<\/strong><\/h2>\n\n<p>2 silindirli plaka haddeleme makinesinin \u00e7al\u0131\u015fma prensibi: Plaka b\u00fckme makinesinin \u00fcst silindiri, iki alt silindirin merkezinde simetrik bir konumdad\u0131r. Hidrolik silindirdeki hidrolik ya\u011f, dikey kald\u0131rma ve indirme hareketlerini ger\u00e7ekle\u015ftirmek i\u00e7in pistona etki eder. Ana red\u00fckt\u00f6r\u00fcn son di\u015flisi, iki alt silindirin di\u015flilerini birbirine ge\u00e7irir ve haddelenmi\u015f plakaya tork sa\u011flamak i\u00e7in d\u00f6nd\u00fcr\u00fcr. Levha haddeleme makinesinin d\u00fcz plastik metal plakas\u0131, ekipman\u0131n \u00fc\u00e7 \u00e7al\u0131\u015fma silindiri (iki alt silindir ve bir \u00fcst silindir) aras\u0131ndan ge\u00e7er. \u00dcst silindirin a\u015fa\u011f\u0131 do\u011fru bas\u0131nc\u0131 ve alt silindirin d\u00f6nme hareketi yard\u0131m\u0131yla, metal plaka \u00e7oklu ge\u00e7i\u015flerde s\u00fcrekli olarak b\u00fck\u00fcl\u00fcr, bu da kal\u0131c\u0131 plastik deformasyona neden olur ve gerekli silindir, koni veya bunlar\u0131n bir par\u00e7as\u0131 haline getirilir.<\/p>\n\n<p>\u0130ki merdaneli levha haddeleme makinesi, iki merdaneden merdaneye levha haddeleme ekipman\u0131d\u0131r. Esas olarak 0.5-5mm kal\u0131nl\u0131\u011f\u0131nda, 300mm-2000mm geni\u015fli\u011finde ve so\u011fuk kullan\u0131m s\u0131ras\u0131nda 350Mpa'dan daha az akma s\u0131n\u0131r\u0131na sahip metal plaka silindirik silindirleri b\u00fckmek i\u00e7in kullan\u0131l\u0131r. Otomobillerde, g\u0131da makinelerinde, motorlarda, yang\u0131n s\u00f6nd\u00fcrme ekipmanlar\u0131nda ve di\u011fer end\u00fcstrilerde \u00e7e\u015fitli silindirik silindirlerin \u00fcretiminde yayg\u0131n olarak kullan\u0131lmaktad\u0131r. \u0130ki silindirli plaka haddeleme makinesi, y\u00fcksek \u00fcr\u00fcn hassasiyeti, ekstra d\u00fcz kenar olmamas\u0131 ve y\u00fcksek \u00fcretim verimlili\u011fi ile karakterize edilir. En y\u00fcksek hassasiyet hatas\u0131 0,5 mm'den azd\u0131r; en y\u00fcksek verimlilik 400 par\u00e7a \/ saate ula\u015fabilir.<\/p>\n\n<p>\u00c7elik plaka, \u00fcst silindir (iki silindir) ve alt silindir (elastik silindir) aras\u0131nda \u00fcst silindir taraf\u0131ndan bast\u0131r\u0131l\u0131r. Alt silindirin elastik tabakas\u0131, \u00e7elik plakay\u0131 b\u00fck\u00fclmeye te\u015fvik etmek i\u00e7in i\u00e7b\u00fckey bir \u015fekil olu\u015fturarak e\u011frili\u011fi olu\u015fturur. Farkl\u0131 yap\u0131sal formlara ve kontrol ara\u00e7lar\u0131na g\u00f6re, makinenin yetenekleri ve verimlili\u011fi belirlenir.<\/p>\n\n<h2 class=\"wp-block-heading\"><strong>\u00d6zellikler\u00a0<\/strong><strong>2 Rulo Plaka Haddeleme Makinesi<\/strong><\/h2>\n\n<h2 class=\"wp-block-heading\"><strong>\u00a0<\/strong><\/h2>\n\n<p><strong>Y\u00fcksek verimli haddeleme<\/strong>: 2 silindirli levha haddeleme makinesi, y\u00fcksek h\u0131zl\u0131 oranl\u0131 bir K serisi red\u00fckt\u00f6r ve k\u00fc\u00e7\u00fck g\u00fc\u00e7l\u00fc motor e\u015fle\u015ftirmesini benimser, ayn\u0131 zamanda b\u00fcy\u00fck tork ve enerji tasarrufu sa\u011flar, haddelenmi\u015f \u00fcr\u00fcnlerin bitmi\u015f yuvarlakl\u0131\u011f\u0131 y\u00fcksektir ve \u00e7ap hatas\u0131 \u22644 \u2030'dur.<\/p>\n\n<p><strong>Otomatik seviyelendirme<\/strong>Rulo ekseninin her iki taraf\u0131ndaki otomatik tesviye teknolojisi, manuel ayarlama ve bitmi\u015f \u00fcr\u00fcnlerin yanl\u0131\u015f kenar\u0131 sorunlar\u0131n\u0131 \u00e7\u00f6zerek \u00e7al\u0131\u015fma verimlili\u011fini b\u00fcy\u00fck \u00f6l\u00e7\u00fcde art\u0131r\u0131r.<\/p>\n\n<p><strong>Hidrolik devirme \u00e7er\u00e7evesi<\/strong>Hidrolik devirme \u00e7er\u00e7evesi ile donat\u0131lm\u0131\u015ft\u0131r, i\u015f\u00e7ilikten tasarruf sa\u011flar ve \u00e7al\u0131\u015fma verimlili\u011fini art\u0131r\u0131r, haddelenmi\u015f i\u015f par\u00e7as\u0131n\u0131 daha rahat hale getirir.<\/p>\n\n<p><strong>Ak\u0131ll\u0131 kontrol<\/strong>: Siemens PLC ve dokunmatik ekran ile donat\u0131lm\u0131\u015f, serbest\u00e7e programlanm\u0131\u015f serbest haddeleme ger\u00e7ekle\u015ftirir, bu da operasyon i\u00e7in uygundur ve \u00fcretim verimlili\u011fini art\u0131r\u0131r.<\/p>\n\n<p><strong>\u00c7ok i\u015flevli uygulama<\/strong>: 2 rulo levha haddeleme makinesi, enerji, ula\u015f\u0131m, petrol, kimya, kazan, gemi yap\u0131m\u0131, hidroelektrik, metal yap\u0131 ve di\u011fer end\u00fcstrilerde yuvarlak, yay, koni, kare, \u00e7ok kesitli yay \u015feklindeki i\u015f par\u00e7alar\u0131n\u0131 haddelemek i\u00e7in uygundur.<img decoding=\"async\" class=\"wp-image-5160 alignleft\" style=\"width: 500px;\" src=\"https:\/\/pronjas.com\/wp-content\/uploads\/2024\/03\/2-Rolls-Plate-Rolling-Machine-2-scaled-1.jpg\" alt=\"2 rulo levha haddeleme makinesi\" height=\"375\" srcset=\"https:\/\/pronjasmachinery.com\/wp-content\/uploads\/2024\/03\/2-Rolls-Plate-Rolling-Machine-2-scaled-1.jpg 2560w, https:\/\/pronjasmachinery.com\/wp-content\/uploads\/2024\/03\/2-Rolls-Plate-Rolling-Machine-2-scaled-1-300x225.jpg 300w, https:\/\/pronjasmachinery.com\/wp-content\/uploads\/2024\/03\/2-Rolls-Plate-Rolling-Machine-2-scaled-1-1024x768.jpg 1024w, https:\/\/pronjasmachinery.com\/wp-content\/uploads\/2024\/03\/2-Rolls-Plate-Rolling-Machine-2-scaled-1-768x576.jpg 768w, https:\/\/pronjasmachinery.com\/wp-content\/uploads\/2024\/03\/2-Rolls-Plate-Rolling-Machine-2-scaled-1-1536x1152.jpg 1536w, https:\/\/pronjasmachinery.com\/wp-content\/uploads\/2024\/03\/2-Rolls-Plate-Rolling-Machine-2-scaled-1-2048x1536.jpg 2048w\" sizes=\"(max-width: 2560px) 100vw, 2560px\" \/><img fetchpriority=\"high\" decoding=\"async\" class=\"alignleft wp-image-5162\" style=\"width: 500px;\" src=\"https:\/\/pronjas.com\/wp-content\/uploads\/2024\/03\/2-Rolls-Plate-Rolling-Machine-4-scaled-1.jpg\" alt=\"2 rulo levha haddeleme makinesi\" width=\"1600\" height=\"375\" \/><\/p>\n\n<h2 class=\"wp-block-heading\"><strong>Parametreler<\/strong><\/h2>\n<table width=\"914\">\n<tbody>\n<tr>\n<td rowspan=\"2\" width=\"147\">Model<\/td>\n<td rowspan=\"2\" width=\"144\">\u00a0Sac metalin akma s\u0131n\u0131r\u0131 (Mpa)<\/td>\n<td rowspan=\"2\" width=\"140\">Maksimum haddeleme kal\u0131nl\u0131\u011f\u0131 (mm)<\/td>\n<td rowspan=\"2\" width=\"123\">Maksimum haddeleme geni\u015fli\u011fi (mm)<\/td>\n<td rowspan=\"2\" width=\"114\">Yuvarlanma h\u0131z\u0131\uff08m\/dak\uff09<\/td>\n<td rowspan=\"2\" width=\"110\">Elektrik motorunun g\u00fcc\u00fc (kw)<\/td>\n<td rowspan=\"2\" width=\"134\">Hidrolik istasyon motorunun g\u00fcc\u00fc (kw)<\/td>\n<\/tr>\n<tr>\n<td width=\"147\">W10-1\u00d7300<\/td>\n<td width=\"144\">245<\/td>\n<td width=\"140\">1<\/td>\n<td width=\"123\">300<\/td>\n<td width=\"114\">4.5<\/td>\n<td width=\"110\">0.37<\/td>\n<td width=\"134\">2.2<\/td>\n<\/tr>\n<tr>\n<td width=\"147\">W10-2\u00d7400<\/td>\n<td width=\"144\">245<\/td>\n<td width=\"140\">2<\/td>\n<td width=\"123\">400<\/td>\n<td width=\"114\">4.5<\/td>\n<td width=\"110\">0.37<\/td>\n<td width=\"134\">2.2<\/td>\n<\/tr>\n<tr>\n<td width=\"147\">W10-2\u00d7600<\/td>\n<td width=\"144\">245<\/td>\n<td width=\"140\">2<\/td>\n<td width=\"123\">600<\/td>\n<td width=\"114\">4.5<\/td>\n<td width=\"110\">0.55<\/td>\n<td width=\"134\">2.2<\/td>\n<\/tr>\n<tr>\n<td width=\"147\">W10-3\u00d7700<\/td>\n<td width=\"144\">245<\/td>\n<td width=\"140\">3<\/td>\n<td width=\"123\">700<\/td>\n<td width=\"114\">4.5<\/td>\n<td width=\"110\">0.75<\/td>\n<td width=\"134\">3<\/td>\n<\/tr>\n<tr>\n<td width=\"147\">W10-3\u00d7800<\/td>\n<td width=\"144\">245<\/td>\n<td width=\"140\">3<\/td>\n<td width=\"123\">800<\/td>\n<td width=\"114\">4.5<\/td>\n<td width=\"110\">0.75<\/td>\n<td width=\"134\">3<\/td>\n<\/tr>\n<tr>\n<td width=\"147\">W10-3\u00d71000<\/td>\n<td width=\"144\">245<\/td>\n<td width=\"140\">3<\/td>\n<td width=\"123\">1000<\/td>\n<td width=\"114\">4.5<\/td>\n<td width=\"110\">1.1<\/td>\n<td width=\"134\">3<\/td>\n<\/tr>\n<tr>\n<td width=\"147\">W10-3\u00d71250<\/td>\n<td width=\"144\">245<\/td>\n<td width=\"140\">3<\/td>\n<td width=\"123\">1250<\/td>\n<td width=\"114\">4.5<\/td>\n<td width=\"110\">1.1<\/td>\n<td width=\"134\">3<\/td>\n<\/tr>\n<tr>\n<td width=\"147\">W10-4\u00d71300<\/td>\n<td width=\"144\">245<\/td>\n<td width=\"140\">4<\/td>\n<td width=\"123\">1300<\/td>\n<td width=\"114\">4.5<\/td>\n<td width=\"110\">1.1<\/td>\n<td width=\"134\">3<\/td>\n<\/tr>\n<tr>\n<td width=\"147\">W10-4\u00d71500<\/td>\n<td width=\"144\">245<\/td>\n<td width=\"140\">4<\/td>\n<td width=\"123\">1500<\/td>\n<td width=\"114\">4<\/td>\n<td width=\"110\">1.5<\/td>\n<td width=\"134\">3<\/td>\n<\/tr>\n<tr>\n<td width=\"147\">W10-3\u00d71800<\/td>\n<td width=\"144\">245<\/td>\n<td width=\"140\">3<\/td>\n<td width=\"123\">1800<\/td>\n<td width=\"114\">4<\/td>\n<td width=\"110\">1.5<\/td>\n<td width=\"134\">3<\/td>\n<\/tr>\n<tr>\n<td width=\"147\">W10-3\u00d72000<\/td>\n<td width=\"144\">245<\/td>\n<td width=\"140\">3<\/td>\n<td width=\"123\">2000<\/td>\n<td width=\"114\">4<\/td>\n<td width=\"110\">1.5<\/td>\n<td width=\"134\">3<\/td>\n<\/tr>\n<\/tbody>\n<\/table>\n\n<h2 class=\"wp-block-heading\"><strong>2 Rulo Plaka Haddeleme Makinesi Detaylar\u0131<\/strong><\/h2>\n\n<p><strong>\u00c7evre koruma ve enerji tasarrufu<\/strong>: B\u00fcy\u00fck tork ve enerji tasarrufunu ayn\u0131 anda ger\u00e7ekle\u015ftirmek i\u00e7in y\u00fcksek h\u0131z oranl\u0131 K serisi red\u00fckt\u00f6r ve k\u00fc\u00e7\u00fck g\u00fc\u00e7l\u00fc motorun benimsenmesi.<\/p>\n\n<p><strong>Otomatik Haddeleme<\/strong>: Kolay kullan\u0131m i\u00e7in serbest\u00e7e programlanabilir haddeleme ger\u00e7ekle\u015ftirmek i\u00e7in Siemens PLC ve dokunmatik ekran ile yap\u0131land\u0131r\u0131lm\u0131\u015ft\u0131r.<\/p>\n<p><strong>\u0130tici sistem<\/strong>: itici sistem, malzemeleri almak ve zamandan tasarruf etmek i\u00e7in uygundur.<\/p>\n<p><img decoding=\"async\" class=\"alignnone size-medium wp-image-4532\" src=\"https:\/\/pronjas.com\/wp-content\/uploads\/2024\/03\/\u56fe\u72474-225x300.png\" alt=\"\" width=\"225\" height=\"300\" srcset=\"https:\/\/pronjasmachinery.com\/wp-content\/uploads\/2024\/03\/\u56fe\u72474-225x300.png 225w, https:\/\/pronjasmachinery.com\/wp-content\/uploads\/2024\/03\/\u56fe\u72474.png 468w\" sizes=\"(max-width: 225px) 100vw, 225px\" \/><img decoding=\"async\" class=\"alignnone size-medium wp-image-4531\" src=\"https:\/\/pronjas.com\/wp-content\/uploads\/2024\/03\/\u56fe\u72473-225x300.png\" alt=\"\" width=\"225\" height=\"300\" srcset=\"https:\/\/pronjasmachinery.com\/wp-content\/uploads\/2024\/03\/\u56fe\u72473-225x300.png 225w, https:\/\/pronjasmachinery.com\/wp-content\/uploads\/2024\/03\/\u56fe\u72473.png 475w\" sizes=\"(max-width: 225px) 100vw, 225px\" \/><img loading=\"lazy\" decoding=\"async\" class=\"alignnone size-medium wp-image-4530\" src=\"https:\/\/pronjas.com\/wp-content\/uploads\/2024\/03\/\u56fe\u72472-225x300.png\" alt=\"\" width=\"225\" height=\"300\" srcset=\"https:\/\/pronjasmachinery.com\/wp-content\/uploads\/2024\/03\/\u56fe\u72472-225x300.png 225w, https:\/\/pronjasmachinery.com\/wp-content\/uploads\/2024\/03\/\u56fe\u72472.png 478w\" sizes=\"(max-width: 225px) 100vw, 225px\" \/><img loading=\"lazy\" decoding=\"async\" class=\"alignnone size-medium wp-image-4529\" src=\"https:\/\/pronjas.com\/wp-content\/uploads\/2024\/03\/\u56fe\u72471-225x300.png\" alt=\"\" width=\"225\" height=\"300\" srcset=\"https:\/\/pronjasmachinery.com\/wp-content\/uploads\/2024\/03\/\u56fe\u72471-225x300.png 225w, https:\/\/pronjasmachinery.com\/wp-content\/uploads\/2024\/03\/\u56fe\u72471.png 572w\" sizes=\"(max-width: 225px) 100vw, 225px\" \/><\/p>\n\n<p><strong>Destek sistemi<\/strong>B\u00fcy\u00fck silindir deste\u011fi i\u00e7in bir destek sistemi ile \u00fcr\u00fcn yuvarlakl\u0131\u011f\u0131n\u0131 iyile\u015ftirir.<\/p>\n\n<p><strong>Otomatik seviyelendirme<\/strong>\u00dcr\u00fcn kalitesini ve dengesini sa\u011flamak i\u00e7in silindir konumu izleme ve otomatik tesviye sistemi ile.<\/p>\n<p><img loading=\"lazy\" decoding=\"async\" class=\"wp-image-4533 alignleft\" src=\"https:\/\/pronjas.com\/wp-content\/uploads\/2024\/03\/\u56fe\u72475-300x225.png\" alt=\"\" width=\"351\" height=\"263\" srcset=\"https:\/\/pronjasmachinery.com\/wp-content\/uploads\/2024\/03\/\u56fe\u72475-300x225.png 300w, https:\/\/pronjasmachinery.com\/wp-content\/uploads\/2024\/03\/\u56fe\u72475.png 543w\" sizes=\"(max-width: 351px) 100vw, 351px\" \/><img loading=\"lazy\" decoding=\"async\" class=\"wp-image-4534 alignleft\" src=\"https:\/\/pronjas.com\/wp-content\/uploads\/2024\/03\/\u56fe\u72476-225x300.png\" alt=\"\" width=\"197\" height=\"263\" srcset=\"https:\/\/pronjasmachinery.com\/wp-content\/uploads\/2024\/03\/\u56fe\u72476-225x300.png 225w, https:\/\/pronjasmachinery.com\/wp-content\/uploads\/2024\/03\/\u56fe\u72476.png 409w\" sizes=\"(max-width: 197px) 100vw, 197px\" \/><img loading=\"lazy\" decoding=\"async\" class=\"wp-image-4535 alignnone\" src=\"https:\/\/pronjas.com\/wp-content\/uploads\/2024\/03\/\u56fe\u72477-300x165.png\" alt=\"\" width=\"478\" height=\"263\" srcset=\"https:\/\/pronjasmachinery.com\/wp-content\/uploads\/2024\/03\/\u56fe\u72477-300x165.png 300w, https:\/\/pronjasmachinery.com\/wp-content\/uploads\/2024\/03\/\u56fe\u72477.png 720w\" sizes=\"(max-width: 478px) 100vw, 478px\" \/><\/p>\n<p><strong>hidrolik devirme stand\u0131<\/strong>Hidrolik devirme stand\u0131 ile i\u015f\u00e7ilikten tasarruf sa\u011flar ve verimlili\u011fi art\u0131r\u0131r.<\/p>\n\n<p><strong>Ayarlanabilir besleme platformu<\/strong>: ayarlanabilir bir besleme platformu ile, besleme i\u00e7in uygun.<\/p>\n<p><img loading=\"lazy\" decoding=\"async\" class=\"size-medium wp-image-4536 alignleft\" src=\"https:\/\/pronjas.com\/wp-content\/uploads\/2024\/03\/\u56fe\u72478-225x300.png\" alt=\"\" width=\"225\" height=\"300\" srcset=\"https:\/\/pronjasmachinery.com\/wp-content\/uploads\/2024\/03\/\u56fe\u72478-225x300.png 225w, https:\/\/pronjasmachinery.com\/wp-content\/uploads\/2024\/03\/\u56fe\u72478.png 480w\" sizes=\"(max-width: 225px) 100vw, 225px\" \/><img loading=\"lazy\" decoding=\"async\" class=\"size-medium wp-image-4537 alignleft\" src=\"https:\/\/pronjas.com\/wp-content\/uploads\/2024\/03\/\u56fe\u72479-225x300.png\" alt=\"\" width=\"225\" height=\"300\" srcset=\"https:\/\/pronjasmachinery.com\/wp-content\/uploads\/2024\/03\/\u56fe\u72479-225x300.png 225w, https:\/\/pronjasmachinery.com\/wp-content\/uploads\/2024\/03\/\u56fe\u72479.png 493w\" sizes=\"(max-width: 225px) 100vw, 225px\" \/><\/p>\n\n<h2 class=\"wp-block-heading\"><strong>Uygulamalar\u00a0<\/strong><strong>2 Rulo Plaka Haddeleme Makinesi<\/strong><\/h2>\n\n<p><strong>LNG ara\u00e7 \u015fi\u015feleri\u00a0<\/strong><\/p>\n\n<p><strong>\u25cf\u00a0<\/strong><strong>Havaland\u0131rma kanal\u0131 end\u00fcstrisi<\/strong><\/p>\n\n<p><strong>\u25cf\u00a0<\/strong><strong>Filtre end\u00fcstrisi<\/strong><\/p>\n<p><img loading=\"lazy\" decoding=\"async\" class=\"wp-image-4538 alignleft\" src=\"https:\/\/pronjas.com\/wp-content\/uploads\/2024\/03\/\u56fe\u724710-300x225.png\" alt=\"\" width=\"416\" height=\"312\" srcset=\"https:\/\/pronjasmachinery.com\/wp-content\/uploads\/2024\/03\/\u56fe\u724710-300x225.png 300w, https:\/\/pronjasmachinery.com\/wp-content\/uploads\/2024\/03\/\u56fe\u724710-1024x768.png 1024w, https:\/\/pronjasmachinery.com\/wp-content\/uploads\/2024\/03\/\u56fe\u724710-768x576.png 768w, https:\/\/pronjasmachinery.com\/wp-content\/uploads\/2024\/03\/\u56fe\u724710.png 1266w\" sizes=\"(max-width: 416px) 100vw, 416px\" \/><img loading=\"lazy\" decoding=\"async\" class=\"wp-image-4539 alignleft\" src=\"https:\/\/pronjas.com\/wp-content\/uploads\/2024\/03\/\u56fe\u724711-233x300.png\" alt=\"\" width=\"242\" height=\"312\" srcset=\"https:\/\/pronjasmachinery.com\/wp-content\/uploads\/2024\/03\/\u56fe\u724711-233x300.png 233w, https:\/\/pronjasmachinery.com\/wp-content\/uploads\/2024\/03\/\u56fe\u724711.png 428w\" sizes=\"(max-width: 242px) 100vw, 242px\" \/><img loading=\"lazy\" decoding=\"async\" class=\"wp-image-4540 alignnone\" src=\"https:\/\/pronjas.com\/wp-content\/uploads\/2024\/03\/\u56fe\u724712-300x225.png\" alt=\"\" width=\"416\" height=\"312\" srcset=\"https:\/\/pronjasmachinery.com\/wp-content\/uploads\/2024\/03\/\u56fe\u724712-300x225.png 300w, https:\/\/pronjasmachinery.com\/wp-content\/uploads\/2024\/03\/\u56fe\u724712.png 500w\" sizes=\"(max-width: 416px) 100vw, 416px\" \/><\/p>\n\n<p><strong>Pompa end\u00fcstrisi\u00a0<\/strong><\/p>\n\n<p><strong>\u25cf\u00a0<\/strong><strong>Yang\u0131n s\u00f6nd\u00fcr\u00fcc\u00fc end\u00fcstrisi\u00a0<\/strong><\/p>\n\n<p><strong>\u25cf\u00a0<\/strong><strong>Bas\u0131n\u00e7l\u0131 kap end\u00fcstrisi<\/strong><\/p>\n<p><img loading=\"lazy\" decoding=\"async\" class=\"wp-image-4542 alignleft\" src=\"https:\/\/pronjas.com\/wp-content\/uploads\/2024\/03\/\u56fe\u724714-300x188.png\" alt=\"\" width=\"351\" height=\"220\" srcset=\"https:\/\/pronjasmachinery.com\/wp-content\/uploads\/2024\/03\/\u56fe\u724714-300x188.png 300w, https:\/\/pronjasmachinery.com\/wp-content\/uploads\/2024\/03\/\u56fe\u724714.png 720w\" sizes=\"(max-width: 351px) 100vw, 351px\" \/><img loading=\"lazy\" decoding=\"async\" class=\"wp-image-4545 alignleft\" src=\"https:\/\/pronjas.com\/wp-content\/uploads\/2024\/03\/\u56fe\u724717-300x224.png\" alt=\"\" width=\"294\" height=\"220\" srcset=\"https:\/\/pronjasmachinery.com\/wp-content\/uploads\/2024\/03\/\u56fe\u724717-300x224.png 300w, https:\/\/pronjasmachinery.com\/wp-content\/uploads\/2024\/03\/\u56fe\u724717.png 663w\" sizes=\"(max-width: 294px) 100vw, 294px\" \/><img loading=\"lazy\" decoding=\"async\" class=\"alignnone  wp-image-4541\" src=\"https:\/\/pronjas.com\/wp-content\/uploads\/2024\/03\/\u56fe\u724713-1.png\" alt=\"\" width=\"230\" height=\"220\" \/><\/p>\n\n<p><strong>\u25cf\u00a0<\/strong><strong>Otomotiv egzoz end\u00fcstrisi\u00a0 \u00a0<\/strong><\/p>\n\n<p><strong>\u25cf\u00a0<\/strong><strong>LPG bas\u0131n\u00e7l\u0131 kap end\u00fcstrisi<\/strong><\/p>\n\n<p>\u00a0<\/p>\n\t\t\t\t\t\t\t\t<\/div>\n\t\t\t\t<\/div>\n\t\t\t\t<\/div>","protected":false},"excerpt":{"rendered":"<p>Working Principle of 2 Rolls Plate Rolling Machine Working principle of 2 rolls plate rolling machine: The upper roller of [&hellip;]<\/p>","protected":false},"author":4,"featured_media":4521,"menu_order":0,"template":"","format":"standard","meta":{"_acf_changed":false,"site-sidebar-layout":"default","site-content-layout":"","ast-site-content-layout":"default","site-content-style":"default","site-sidebar-style":"default","ast-global-header-display":"","ast-banner-title-visibility":"","ast-main-header-display":"","ast-hfb-above-header-display":"","ast-hfb-below-header-display":"","ast-hfb-mobile-header-display":"","site-post-title":"","ast-breadcrumbs-content":"","ast-featured-img":"","footer-sml-layout":"","ast-disable-related-posts":"","theme-transparent-header-meta":"","adv-header-id-meta":"","stick-header-meta":"","header-above-stick-meta":"","header-main-stick-meta":"","header-below-stick-meta":"","astra-migrate-meta-layouts":"set","ast-page-background-enabled":"default","ast-page-background-meta":{"desktop":{"background-color":"","background-image":"","background-repeat":"repeat","background-position":"center center","background-size":"auto","background-attachment":"scroll","background-type":"","background-media":"","overlay-type":"","overlay-color":"","overlay-opacity":"","overlay-gradient":""},"tablet":{"background-color":"","background-image":"","background-repeat":"repeat","background-position":"center center","background-size":"auto","background-attachment":"scroll","background-type":"","background-media":"","overlay-type":"","overlay-color":"","overlay-opacity":"","overlay-gradient":""},"mobile":{"background-color":"","background-image":"","background-repeat":"repeat","background-position":"center center","background-size":"auto","background-attachment":"scroll","background-type":"","background-media":"","overlay-type":"","overlay-color":"","overlay-opacity":"","overlay-gradient":""}},"ast-content-background-meta":{"desktop":{"background-color":"var(--ast-global-color-5)","background-image":"","background-repeat":"repeat","background-position":"center center","background-size":"auto","background-attachment":"scroll","background-type":"","background-media":"","overlay-type":"","overlay-color":"","overlay-opacity":"","overlay-gradient":""},"tablet":{"background-color":"var(--ast-global-color-5)","background-image":"","background-repeat":"repeat","background-position":"center center","background-size":"auto","background-attachment":"scroll","background-type":"","background-media":"","overlay-type":"","overlay-color":"","overlay-opacity":"","overlay-gradient":""},"mobile":{"background-color":"var(--ast-global-color-5)","background-image":"","background-repeat":"repeat","background-position":"center center","background-size":"auto","background-attachment":"scroll","background-type":"","background-media":"","overlay-type":"","overlay-color":"","overlay-opacity":"","overlay-gradient":""}},"footnotes":""},"product-category":[29,30],"product-tag":[],"class_list":["post-26060","product","type-product","status-publish","format-standard","has-post-thumbnail","hentry","product-category-2-roller-rolling-machine","product-category-plate-rolling-machine"],"acf":[],"_links":{"self":[{"href":"https:\/\/pronjasmachinery.com\/tr\/wp-json\/wp\/v2\/product\/26060","targetHints":{"allow":["GET"]}}],"collection":[{"href":"https:\/\/pronjasmachinery.com\/tr\/wp-json\/wp\/v2\/product"}],"about":[{"href":"https:\/\/pronjasmachinery.com\/tr\/wp-json\/wp\/v2\/types\/product"}],"author":[{"embeddable":true,"href":"https:\/\/pronjasmachinery.com\/tr\/wp-json\/wp\/v2\/users\/4"}],"version-history":[{"count":0,"href":"https:\/\/pronjasmachinery.com\/tr\/wp-json\/wp\/v2\/product\/26060\/revisions"}],"wp:featuredmedia":[{"embeddable":true,"href":"https:\/\/pronjasmachinery.com\/tr\/wp-json\/wp\/v2\/media\/4521"}],"wp:attachment":[{"href":"https:\/\/pronjasmachinery.com\/tr\/wp-json\/wp\/v2\/media?parent=26060"}],"wp:term":[{"taxonomy":"product-category","embeddable":true,"href":"https:\/\/pronjasmachinery.com\/tr\/wp-json\/wp\/v2\/product-category?post=26060"},{"taxonomy":"product-tag","embeddable":true,"href":"https:\/\/pronjasmachinery.com\/tr\/wp-json\/wp\/v2\/product-tag?post=26060"}],"curies":[{"name":"wp","href":"https:\/\/api.w.org\/{rel}","templated":true}]}}