{"id":26674,"date":"2025-02-24T07:49:53","date_gmt":"2025-02-24T07:49:53","guid":{"rendered":"https:\/\/pronjas.com\/?post_type=product&amp;p=26674"},"modified":"2025-02-24T07:49:53","modified_gmt":"2025-02-24T07:49:53","slug":"w12-plate-rolling-machine","status":"publish","type":"product","link":"https:\/\/pronjasmachinery.com\/tr\/product\/w12-plate-rolling-machine\/","title":{"rendered":"W12 Plaka Haddeleme Makinesi"},"content":{"rendered":"<div data-elementor-type=\"wp-post\" data-elementor-id=\"26674\" class=\"elementor elementor-26674\" data-elementor-post-type=\"product\">\n\t\t\t\t<div class=\"elementor-element elementor-element-321a9869 e-flex e-con-boxed e-con e-parent\" data-id=\"321a9869\" data-element_type=\"container\">\n\t\t\t\t\t<div class=\"e-con-inner\">\n\t\t\t\t<div class=\"elementor-element elementor-element-3bcda3a2 elementor-widget elementor-widget-text-editor\" data-id=\"3bcda3a2\" data-element_type=\"widget\" data-widget_type=\"text-editor.default\">\n\t\t\t\t\t\t\t\t\t\n<h2 class=\"wp-block-heading\">Giri\u015f<\/h2>\n<p>W12 plaka haddeleme makinesi, sac metalin b\u00fck\u00fclmesi ve \u015fekillendirilmesi i\u00e7in tasarlanm\u0131\u015f geli\u015fmi\u015f bir otomatik CNC hidrolik plaka haddeleme makinesidir. Y\u00fcksek verimlili\u011fi, hassasiyeti ve g\u00fcvenilirli\u011fi ile bilinen bu makine, gemi yap\u0131m\u0131, in\u015faat, makine imalat\u0131 vb. dahil olmak \u00fczere \u00e7ok \u00e7e\u015fitli metal i\u015fleme end\u00fcstrileri i\u00e7in uygundur.<\/p>\n<p>W12 levha haddeleme makinesi, ilk \u00f6n k\u0131v\u0131rma, k\u0131v\u0131rma ve son \u00f6n k\u0131v\u0131rma i\u015flemlerini tek bir ad\u0131mda ger\u00e7ekle\u015ftirebilir ve bu da verimlili\u011fi b\u00fcy\u00fck \u00f6l\u00e7\u00fcde art\u0131r\u0131r.<\/p>\n<h2>\u00c7al\u0131\u015fma Prensibi<\/h2>\n<p>W12 plaka haddeleme makinesi, plakan\u0131n kenarlar\u0131n\u0131 \u00f6nceden k\u0131v\u0131rma i\u015flevine sahiptir, bu da plakan\u0131n herhangi bir yeniden k\u0131v\u0131rma veya \u00f6n b\u00fckme ve i\u015flemlerin bir kombinasyonu ile rulo \u015fekillendirme olmadan tek seferde b\u00fck\u00fclmesini sa\u011flar.<\/p>\n<p>\u00dcst ve alt silindirler ana tahrik silindirleridir ve her iki yan silindirin yukar\u0131 ve a\u015fa\u011f\u0131 hareketi hidrolik tahrik ile kontrol edilir. Alt ve yan silindirlerin yukar\u0131 ve a\u015fa\u011f\u0131 yer de\u011fi\u015ftirmeleri bilgisayar taraf\u0131ndan kontrol edilir. Otomatik tesviye, ekran g\u00f6r\u00fcnt\u00fcs\u00fc, y\u00fcksek senkronizasyon hassasiyeti \u00b1 0.2MM. Ters \u00e7evrilmi\u015f yatak g\u00f6vdesinin bo\u015falt\u0131lmas\u0131 ve s\u0131f\u0131rlanmas\u0131 hidrolik tahrik ile yap\u0131l\u0131r.<\/p>\n<p>\u00dcst silindir ucu, haddeleme silindirlerinin ve i\u015f par\u00e7alar\u0131n\u0131n s\u00f6k\u00fclmesini kolayla\u015ft\u0131rmak i\u00e7in bir dengeleme cihaz\u0131 ile donat\u0131lm\u0131\u015ft\u0131r. Mobil \u00e7al\u0131\u015fma i\u00e7in uygun, hareketli ba\u011f\u0131ms\u0131z \u00e7al\u0131\u015fma masas\u0131 ile donat\u0131lm\u0131\u015ft\u0131r.<\/p>\n\n<h3 class=\"wp-block-heading\"><img fetchpriority=\"high\" decoding=\"async\" class=\"alignleft\" src=\"https:\/\/pronjasmachinery.com\/wp-content\/uploads\/2024\/10\/%E5%BE%AE%E4%BF%A1%E5%9B%BE%E7%89%87_20221224141315-300x225.jpg\" alt=\"W12 Plaka haddeleme makinesi\" width=\"416\" height=\"312\" \/><img decoding=\"async\" class=\"alignleft\" src=\"https:\/\/pronjasmachinery.com\/wp-content\/uploads\/2024\/10\/%E5%BE%AE%E4%BF%A1%E5%9B%BE%E7%89%87_20220730092250-300x225.jpg\" alt=\"4 silindirli haddeleme makinesi\" width=\"416\" height=\"312\" \/><\/h3>\n\n<h2 class=\"wp-block-heading\"><strong>W12 Plaka Haddeleme Makinesinin \u00d6zellikleri<\/strong><\/h2>\n\n<ul class=\"wp-block-list\">\n<li><strong>Tam hidrolik tahrik:<\/strong>\u00a0\u00e7evre koruma ve enerji tasarrufu, makinenin \u00e7al\u0131\u015fma verimlili\u011fini art\u0131r\u0131r.<\/li>\n\n<li><strong>K\u0131sa d\u00fcz kenar ve iyi \u00f6n rulo etkisi:<\/strong>\u00a0konik haddeleme i\u00e7in daha uygundur.<\/li>\n\n<li><strong>Tek ge\u00e7i\u015fte yuvarlan\u0131yor:<\/strong>\u00a0\u00e7ift tarafl\u0131 \u00f6n rulo dahil, h\u0131zl\u0131, verimli ve tek bir operat\u00f6rle kullan\u0131m\u0131 kolay.<\/li>\n\n<li><strong>A\u015f\u0131r\u0131 y\u00fck korumas\u0131 ve hidrolik koruma fonksiyonu:<\/strong>\u00a0g\u00fcvenli \u00e7al\u0131\u015fmay\u0131 sa\u011flamak.<\/li>\n<\/ul>\n\n<h2 class=\"wp-block-heading\"><strong>W12 Plaka Haddeleme Makinesinin Avantajlar\u0131<\/strong><\/h2>\n\n<p><strong>Y\u00fcksek performans:<\/strong>\u00a0W12 serisi levha haddeleme makineleri, geleneksel \u00fc\u00e7 silindirli haddeleme makinelerine g\u00f6re d\u00f6rt kat daha verimlidir ve \u00fcretkenli\u011fi \u00f6nemli \u00f6l\u00e7\u00fcde art\u0131r\u0131r.<\/p>\n\n<figure class=\"wp-block-image\"><img decoding=\"async\" class=\"wp-image-5999\" src=\"https:\/\/pronjasmachinery.com\/wp-content\/uploads\/2024\/10\/222-300x284.png\" alt=\"W12 Plaka Haddeleme Makinesi\" width=\"303\" height=\"287\" srcset=\"https:\/\/pronjasmachinery.com\/wp-content\/uploads\/2024\/10\/222-300x284.png 300w, https:\/\/pronjasmachinery.com\/wp-content\/uploads\/2024\/10\/222.png 339w\" sizes=\"(max-width: 303px) 100vw, 303px\" \/><img loading=\"lazy\" decoding=\"async\" class=\"wp-image-6006\" src=\"https:\/\/pronjasmachinery.com\/wp-content\/uploads\/2024\/10\/C1-300x225.png\" alt=\"W12 Plaka Haddeleme Makinesi\" width=\"382\" height=\"287\" \/><\/figure>\n\n<p><strong>Kullan\u0131m\u0131 kolay:<\/strong>\u00a0Makine, t\u00fcm haddeleme s\u00fcrecini tamamlamak i\u00e7in yaln\u0131zca bir operat\u00f6r gerekecek \u015fekilde tasarlanm\u0131\u015ft\u0131r ve i\u015f\u00e7ilik maliyetlerini azalt\u0131r.<br \/><strong>Otomatik Hizalama ve S\u0131k\u0131\u015ft\u0131rma Fonksiyonu:<\/strong>\u00a0\u00d6n sarma ve sarma i\u015flemi s\u0131ras\u0131nda plakalar her zaman kenetlenir, kazara kaymay\u0131 \u00f6nler ve i\u015fleme g\u00fcvenli\u011fini ve hassasiyetini art\u0131r\u0131r.<\/p>\n\n<figure class=\"wp-block-image\"><img loading=\"lazy\" decoding=\"async\" class=\"wp-image-6002\" src=\"https:\/\/pronjasmachinery.com\/wp-content\/uploads\/2024\/10\/%E5%BE%AE%E4%BF%A1%E5%9B%BE%E7%89%87_20230707152555-1-225x300.jpg\" alt=\"W12 Plaka Haddeleme Makinesi\" width=\"255\" height=\"340\" \/><img loading=\"lazy\" decoding=\"async\" class=\"wp-image-6001\" src=\"https:\/\/pronjasmachinery.com\/wp-content\/uploads\/2024\/10\/%E5%BE%AE%E4%BF%A1%E5%9B%BE%E7%89%87_20230707152807-1-225x300.jpg\" alt=\"W12 Plaka Haddeleme Makinesi\" width=\"255\" height=\"340\" \/><\/figure>\n\n<p><strong>Esnek Adaptasyon:<\/strong>\u00a0\u00c7ok \u00e7e\u015fitli sac kal\u0131nl\u0131klar\u0131 ve malzemeler i\u00e7in uygun olan W12 serisi, \u00e7ok \u00e7e\u015fitli sarma zorluklar\u0131n\u0131 kolayca kar\u015f\u0131layabilir.<br \/><strong>Geli\u015fmi\u015f kontrol sistemi:<\/strong>\u00a0W12 serisi, \u00fcretimin otomasyon seviyesini art\u0131rmak i\u00e7in CNC sistemi taraf\u0131ndan etkin bir \u015fekilde kontrol edilebilir.<\/p>\n\n<h2 class=\"wp-block-heading\"><strong>W12 Plaka Haddeleme Makinesi Kullan\u0131m Talimatlar\u0131<\/strong><\/h2>\n\n<p><strong>Makineyi \u00e7al\u0131\u015ft\u0131rmadan \u00f6nce kontrol edin:<\/strong>\u00a0T\u00fcm g\u00fcvenlik cihazlar\u0131n\u0131n sa\u011flam oldu\u011fundan ve hidrolik sistemde s\u0131z\u0131nt\u0131 olmad\u0131\u011f\u0131ndan emin olun.<br \/><strong>Ayar parametreleri:<\/strong>\u00a0CNC kontrol sisteminin parametrelerini sac kal\u0131nl\u0131\u011f\u0131na ve gerekli b\u00fckme yar\u0131\u00e7ap\u0131na g\u00f6re ayarlay\u0131n.<br \/><strong>Y\u00fckleniyor:<\/strong>\u00a0Sac levhay\u0131 makinenin besleme alan\u0131na yerle\u015ftirin.<br \/><strong>Makineyi \u00e7al\u0131\u015ft\u0131r\u0131n:<\/strong>\u00a0Hidrolik sistemi \u00e7al\u0131\u015ft\u0131r\u0131n ve sarma i\u015flemini ba\u015flatmak i\u00e7in CNC kontrol panelini \u00e7al\u0131\u015ft\u0131r\u0131n.<br \/><strong>S\u00fcreci izleyin:<\/strong>\u00a0Herhangi bir anormallik olmad\u0131\u011f\u0131ndan emin olmak i\u00e7in haddeleme i\u015flemi s\u0131ras\u0131nda makinenin \u00e7al\u0131\u015fma durumunu izleyin.<br \/><strong>Bitmi\u015f \u00dcr\u00fcn Denetimi:<\/strong>\u00a0Haddeleme i\u015flemi tamamland\u0131ktan sonra, bitmi\u015f \u00fcr\u00fcn\u00fcn boyutunun ve \u015feklinin gereksinimleri kar\u015f\u0131lay\u0131p kar\u015f\u0131lamad\u0131\u011f\u0131n\u0131 kontrol edin.<\/p>\n\t\t\t\t\t\t\t\t<\/div>\n\t\t\t\t\t<\/div>\n\t\t\t\t<\/div>\n\t\t\t\t<\/div>","protected":false},"excerpt":{"rendered":"<p>Introduction The W12 plate rolling machine is an advanced automatic CNC hydraulic plate rolling machine designed for bending and forming [&hellip;]<\/p>","protected":false},"author":4,"featured_media":5995,"menu_order":0,"template":"","format":"standard","meta":{"_acf_changed":false,"site-sidebar-layout":"default","site-content-layout":"","ast-site-content-layout":"default","site-content-style":"default","site-sidebar-style":"default","ast-global-header-display":"","ast-banner-title-visibility":"","ast-main-header-display":"","ast-hfb-above-header-display":"","ast-hfb-below-header-display":"","ast-hfb-mobile-header-display":"","site-post-title":"","ast-breadcrumbs-content":"","ast-featured-img":"","footer-sml-layout":"","ast-disable-related-posts":"","theme-transparent-header-meta":"","adv-header-id-meta":"","stick-header-meta":"","header-above-stick-meta":"","header-main-stick-meta":"","header-below-stick-meta":"","astra-migrate-meta-layouts":"set","ast-page-background-enabled":"default","ast-page-background-meta":{"desktop":{"background-color":"","background-image":"","background-repeat":"repeat","background-position":"center center","background-size":"auto","background-attachment":"scroll","background-type":"","background-media":"","overlay-type":"","overlay-color":"","overlay-opacity":"","overlay-gradient":""},"tablet":{"background-color":"","background-image":"","background-repeat":"repeat","background-position":"center center","background-size":"auto","background-attachment":"scroll","background-type":"","background-media":"","overlay-type":"","overlay-color":"","overlay-opacity":"","overlay-gradient":""},"mobile":{"background-color":"","background-image":"","background-repeat":"repeat","background-position":"center center","background-size":"auto","background-attachment":"scroll","background-type":"","background-media":"","overlay-type":"","overlay-color":"","overlay-opacity":"","overlay-gradient":""}},"ast-content-background-meta":{"desktop":{"background-color":"var(--ast-global-color-5)","background-image":"","background-repeat":"repeat","background-position":"center center","background-size":"auto","background-attachment":"scroll","background-type":"","background-media":"","overlay-type":"","overlay-color":"","overlay-opacity":"","overlay-gradient":""},"tablet":{"background-color":"var(--ast-global-color-5)","background-image":"","background-repeat":"repeat","background-position":"center center","background-size":"auto","background-attachment":"scroll","background-type":"","background-media":"","overlay-type":"","overlay-color":"","overlay-opacity":"","overlay-gradient":""},"mobile":{"background-color":"var(--ast-global-color-5)","background-image":"","background-repeat":"repeat","background-position":"center center","background-size":"auto","background-attachment":"scroll","background-type":"","background-media":"","overlay-type":"","overlay-color":"","overlay-opacity":"","overlay-gradient":""}},"footnotes":""},"product-category":[32,30],"product-tag":[],"class_list":["post-26674","product","type-product","status-publish","format-standard","has-post-thumbnail","hentry","product-category-4-roller-rolling-machine","product-category-plate-rolling-machine"],"acf":[],"_links":{"self":[{"href":"https:\/\/pronjasmachinery.com\/tr\/wp-json\/wp\/v2\/product\/26674","targetHints":{"allow":["GET"]}}],"collection":[{"href":"https:\/\/pronjasmachinery.com\/tr\/wp-json\/wp\/v2\/product"}],"about":[{"href":"https:\/\/pronjasmachinery.com\/tr\/wp-json\/wp\/v2\/types\/product"}],"author":[{"embeddable":true,"href":"https:\/\/pronjasmachinery.com\/tr\/wp-json\/wp\/v2\/users\/4"}],"version-history":[{"count":0,"href":"https:\/\/pronjasmachinery.com\/tr\/wp-json\/wp\/v2\/product\/26674\/revisions"}],"wp:featuredmedia":[{"embeddable":true,"href":"https:\/\/pronjasmachinery.com\/tr\/wp-json\/wp\/v2\/media\/5995"}],"wp:attachment":[{"href":"https:\/\/pronjasmachinery.com\/tr\/wp-json\/wp\/v2\/media?parent=26674"}],"wp:term":[{"taxonomy":"product-category","embeddable":true,"href":"https:\/\/pronjasmachinery.com\/tr\/wp-json\/wp\/v2\/product-category?post=26674"},{"taxonomy":"product-tag","embeddable":true,"href":"https:\/\/pronjasmachinery.com\/tr\/wp-json\/wp\/v2\/product-tag?post=26674"}],"curies":[{"name":"wp","href":"https:\/\/api.w.org\/{rel}","templated":true}]}}