{"id":26700,"date":"2025-02-24T12:43:41","date_gmt":"2025-02-24T12:43:41","guid":{"rendered":"https:\/\/pronjas.com\/?post_type=product&amp;p=26700"},"modified":"2025-02-24T12:43:41","modified_gmt":"2025-02-24T12:43:41","slug":"w24s-3-roll-profile-bending-machine","status":"publish","type":"product","link":"https:\/\/pronjasmachinery.com\/tr\/product\/w24s-3-roll-profile-bending-machine\/","title":{"rendered":"W24S 3 silindirli profil b\u00fckme makinesi"},"content":{"rendered":"<div data-elementor-type=\"wp-post\" data-elementor-id=\"26700\" class=\"elementor elementor-26700\" data-elementor-post-type=\"product\">\n\t\t\t\t<div class=\"elementor-element elementor-element-257df658 e-flex e-con-boxed e-con e-parent\" data-id=\"257df658\" data-element_type=\"container\">\n\t\t\t\t\t<div class=\"e-con-inner\">\n\t\t\t\t<div class=\"elementor-element elementor-element-2ea3b713 elementor-widget elementor-widget-text-editor\" data-id=\"2ea3b713\" data-element_type=\"widget\" data-widget_type=\"text-editor.default\">\n\t\t\t\t\t\t\t\t\t\n<figure class=\"wp-block-image alignright\"><img fetchpriority=\"high\" decoding=\"async\" class=\"wp-image-6055\" src=\"https:\/\/pronjasmachinery.com\/wp-content\/uploads\/2024\/11\/02-300x300.jpg\" alt=\"W24 Profil b\u00fckme makinesi\" width=\"350\" height=\"350\" srcset=\"https:\/\/pronjasmachinery.com\/wp-content\/uploads\/2024\/11\/02-300x300.jpg 300w, https:\/\/pronjasmachinery.com\/wp-content\/uploads\/2024\/11\/02-150x150.jpg 150w, https:\/\/pronjasmachinery.com\/wp-content\/uploads\/2024\/11\/02-768x768.jpg 768w, https:\/\/pronjasmachinery.com\/wp-content\/uploads\/2024\/11\/02.jpg 1000w\" sizes=\"(max-width: 350px) 100vw, 350px\" \/><\/figure>\n\n<p>W24S 3 silindirli profil b\u00fckme makinesi, a\u00e7\u0131lar, I-kiri\u015fler, d\u00fczler, kareler ve yuvarlaklar dahil olmak \u00fczere \u00e7ok \u00e7e\u015fitli \u015fekilli \u00e7elik profilleri verimli bir \u015fekilde i\u015flemek i\u00e7in tasarlanm\u0131\u015f bir makinedir. Makine, hurday\u0131 azaltan ve i\u015flem karma\u015f\u0131kl\u0131\u011f\u0131n\u0131 en aza indiren profiller i\u00e7in bir \u00f6n b\u00fckme i\u015flevi ile donat\u0131lm\u0131\u015ft\u0131r ve petrol, kimya, hidroelektrik, gemi yap\u0131m\u0131 ve makine imalat\u0131 gibi \u00e7ok \u00e7e\u015fitli end\u00fcstrilerde kullan\u0131ma uygundur. M\u00fckemmel performans\u0131 ve esnek \u00e7al\u0131\u015fmas\u0131 ile W24S 3 silindirli profil b\u00fckme makinesi, profil \u015fekillendirme i\u00e7in geli\u015fmi\u015f bir se\u00e7imdir.<\/p>\n\n<h2 class=\"wp-block-heading\"><strong>3 silindirli profil b\u00fckme makinesinin \u00e7al\u0131\u015fma prensibi<\/strong><\/h2>\n\n<p>W24S 3 silindirli profil b\u00fckme makinesinin \u00e7al\u0131\u015fma prensibi bir\u00a0<strong>\u00fc\u00e7 silindirli<\/strong>\u00a0Makinenin \u00fcst silindiri sabitken, her iki taraftaki alt silindirlerin bir yay boyunca yukar\u0131 ve a\u015fa\u011f\u0131 hareket etti\u011fi tasar\u0131m. T\u00fcm silindirler verimli profil i\u015fleme i\u00e7in hidrolik olarak tahrik edilir. Makinenin\u00a0<strong>PLC kontrol sistemi<\/strong>\u00a0her s\u00fcre\u00e7te istikrar ve tutarl\u0131l\u0131k sa\u011flamak i\u00e7in hassas \u00e7al\u0131\u015fma ve izleme sa\u011flar. Makine ayn\u0131 zamanda bir\u00a0<strong>mobil operat\u00f6r tablosu<\/strong>Bu da \u00e7al\u0131\u015fanlar\u0131n makineyi farkl\u0131 \u00e7al\u0131\u015fma pozisyonlar\u0131ndan \u00e7al\u0131\u015ft\u0131rmas\u0131n\u0131 kolayla\u015ft\u0131rarak i\u015f verimlili\u011fini daha da art\u0131r\u0131r.<\/p>\n\n<h2 class=\"wp-block-heading\"><strong>3 silindirli profil b\u00fckme makinesinin avantajlar\u0131<\/strong><\/h2>\n\n<ul class=\"wp-block-list\">\n<li>Verimli \u0130\u015fleme: W24S profil b\u00fckme makinesi, tek y\u00fckte haddeleme ve yuvarlamay\u0131 destekleyerek i\u015flem s\u00fcresini \u00f6nemli \u00f6l\u00e7\u00fcde azalt\u0131r.<\/li>\n\n<li><strong>\u00d6n b\u00fckme fonksiyonu:<\/strong>\u00a0Makine, profilleri i\u015flemeden \u00f6nce \u00f6n b\u00fckme yapabilir ve hurda olu\u015fumunu etkili bir \u015fekilde azalt\u0131r.<\/li>\n\n<li><strong>Hassas kontrol:<\/strong>\u00a0Dokunmatik ekranla donat\u0131lm\u0131\u015f PLC kontrol sistemi, i\u015fleme do\u011frulu\u011funu sa\u011flamak i\u00e7in rulo konumunun ger\u00e7ek zamanl\u0131 g\u00f6sterimi.<\/li>\n\n<li><strong>Esnek adaptasyon:<\/strong>\u00a0geni\u015f bir uygulama yelpazesi ile farkl\u0131 malzemelerin gereksinimlerine g\u00f6re ayarlanabilir.<\/li>\n<\/ul>\n\n<figure class=\"wp-block-table\">\n<table class=\"has-fixed-layout\">\n<tbody>\n<tr>\n<td colspan=\"14\">\u00a0 \u00a0 \u00a0 \u00a0 \u00a0 \u00a0 \u00a0 \u00a0 \u00a0 \u00a0 \u00a0 \u00a0 \u00a0 \u00a0 \u00a0 \u00a0 \u00a0 \u00a0 \u00a0 \u00a0 \u00a0 \u00a0 \u00a0 \u00a0 \u00a0 \u00a0 \u00a0 \u00a0 \u00a0 \u00a0 \u00a0 \u00a0 \u00a0 \u00a0 \u00a0 \u00a0 \u00a0 \u00a0 \u00a0 \u00a0 \u00a0 \u00a0 \u00a0 \u00a0 \u00a0 \u00a0W24S 3 Silindirli Profil B\u00fckme Makinesi Teknik Parametre<\/td>\n<\/tr>\n<tr>\n<td colspan=\"2\">\u00a0Model<\/td>\n<td>6<\/td>\n<td>16<\/td>\n<td>30<\/td>\n<td>45<\/td>\n<td>75<\/td>\n<td>100<\/td>\n<td>140<\/td>\n<td>180<\/td>\n<td>260<\/td>\n<td>320<\/td>\n<td>400<\/td>\n<td>500<\/td>\n<\/tr>\n<tr>\n<td colspan=\"2\">Maksimum sekt\u00f6r esneklik mod\u00fcl\u00fc (cm3)<\/td>\n<td>6<\/td>\n<td>16<\/td>\n<td>30<\/td>\n<td>45<\/td>\n<td>75<\/td>\n<td>100<\/td>\n<td>140<\/td>\n<td>180<\/td>\n<td>260<\/td>\n<td>320<\/td>\n<td>400<\/td>\n<td>500<\/td>\n<\/tr>\n<tr>\n<td colspan=\"2\">Yuvarlanma H\u0131z\u0131 (m\/dak)<\/td>\n<td>6<\/td>\n<td>6<\/td>\n<td>6<\/td>\n<td>6<\/td>\n<td>5<\/td>\n<td>5<\/td>\n<td>5<\/td>\n<td>4<\/td>\n<td>4<\/td>\n<td>4<\/td>\n<td>4<\/td>\n<td>4<\/td>\n<\/tr>\n<tr>\n<td colspan=\"2\">Profil Akma S\u0131n\u0131r\u0131 (Mpa)<\/td>\n<td>245<\/td>\n<td>245<\/td>\n<td>245<\/td>\n<td>245<\/td>\n<td>245<\/td>\n<td>245<\/td>\n<td>245<\/td>\n<td>245<\/td>\n<td>245<\/td>\n<td>245<\/td>\n<td>245<\/td>\n<td>245<\/td>\n<\/tr>\n<tr>\n<td rowspan=\"2\"><img decoding=\"async\" src=\"https:\/\/pronjasmachinery.com\/wp-content\/uploads\/2024\/03\/%E5%9B%BE%E7%89%87154.png\" alt=\"A\u00e7\u0131l\u0131 B\u00fckme\" width=\"128\" height=\"41\" \/><\/td>\n<td>\u00a0Maksimum A\u00e7\u0131l\u0131 B\u00fckme Kesiti<\/td>\n<td>40\u00d75<\/td>\n<td>70\u00d78<\/td>\n<td>80\u00d78<\/td>\n<td>90\u00d710<\/td>\n<td>100\u00d710<\/td>\n<td>120\u00d712<\/td>\n<td>140\u00d716<\/td>\n<td>150\u00d716<\/td>\n<td>160\u00d716<\/td>\n<td>180\u00d714<\/td>\n<td>200\u00d718<\/td>\n<td>200\u00d720<\/td>\n<\/tr>\n<tr>\n<td>Min b\u00fckme \u00e7ap\u0131.<\/td>\n<td>800<\/td>\n<td>1000<\/td>\n<td>1200<\/td>\n<td>1500<\/td>\n<td>2000<\/td>\n<td>2400<\/td>\n<td>2500<\/td>\n<td>2600<\/td>\n<td>2600<\/td>\n<td>3600<\/td>\n<td>3600<\/td>\n<td>4000<\/td>\n<\/tr>\n<tr>\n<td rowspan=\"2\"><img decoding=\"async\" src=\"https:\/\/pronjasmachinery.com\/wp-content\/uploads\/2024\/03\/%E5%9B%BE%E7%89%87155.png\" alt=\"A\u00e7\u0131l\u0131 B\u00fckme\" width=\"122\" height=\"40\" \/><\/td>\n<td>\u00a0Maksimum A\u00e7\u0131l\u0131 B\u00fckme Kesiti<\/td>\n<td>50\u00d75<\/td>\n<td>80\u00d78<\/td>\n<td>90\u00d710<\/td>\n<td>100\u00d710<\/td>\n<td>120\u00d712<\/td>\n<td>140\u00d716<\/td>\n<td>150\u00d716<\/td>\n<td>160\u00d716<\/td>\n<td>180\u00d714<\/td>\n<td>200\u00d718<\/td>\n<td>200\u00d724<\/td>\n<td>250\u00d725<\/td>\n<\/tr>\n<tr>\n<td>Min b\u00fckme \u00e7ap\u0131.<\/td>\n<td>800<\/td>\n<td>1000<\/td>\n<td>1100<\/td>\n<td>1300<\/td>\n<td>1600<\/td>\n<td>1800<\/td>\n<td>2200<\/td>\n<td>2000<\/td>\n<td>2500<\/td>\n<td>3600<\/td>\n<td>3600<\/td>\n<td>4000<\/td>\n<\/tr>\n<tr>\n<td rowspan=\"2\"><img loading=\"lazy\" decoding=\"async\" src=\"https:\/\/pronjasmachinery.com\/wp-content\/uploads\/2024\/03\/%E5%9B%BE%E7%89%87156.png\" alt=\"C-Kanal B\u00fckme\" width=\"132\" height=\"40\" \/><\/td>\n<td>Maksimum C-kanal\u0131 b\u00fckme kesiti<\/td>\n<td>8#<\/td>\n<td>12#<\/td>\n<td>16#<\/td>\n<td>20#<\/td>\n<td>25#<\/td>\n<td>28#<\/td>\n<td>30#<\/td>\n<td>32#<\/td>\n<td>36#<\/td>\n<td>40#<\/td>\n<td>45#<\/td>\n<td>50#<\/td>\n<\/tr>\n<tr>\n<td>Min b\u00fckme \u00e7ap\u0131.<\/td>\n<td>600<\/td>\n<td>800<\/td>\n<td>800<\/td>\n<td>1000<\/td>\n<td>1100<\/td>\n<td>1700<\/td>\n<td>1200<\/td>\n<td>1500<\/td>\n<td>1800<\/td>\n<td>2000<\/td>\n<td>2000<\/td>\n<td>2400<\/td>\n<\/tr>\n<tr>\n<td rowspan=\"2\"><img loading=\"lazy\" decoding=\"async\" src=\"https:\/\/pronjasmachinery.com\/wp-content\/uploads\/2024\/03\/%E5%9B%BE%E7%89%87157.png\" alt=\"C-Kanal B\u00fckme\" width=\"132\" height=\"39\" \/><\/td>\n<td>Maksimum C-kanal\u0131 b\u00fckme kesiti<\/td>\n<td>8#<\/td>\n<td>12#<\/td>\n<td>16#<\/td>\n<td>20#<\/td>\n<td>25#<\/td>\n<td>28#<\/td>\n<td>30#<\/td>\n<td>32#<\/td>\n<td>36#<\/td>\n<td>40#<\/td>\n<td>45#<\/td>\n<td>50#<\/td>\n<\/tr>\n<tr>\n<td>Min b\u00fckme \u00e7ap\u0131.<\/td>\n<td>700<\/td>\n<td>900<\/td>\n<td>1000<\/td>\n<td>1150<\/td>\n<td>1600<\/td>\n<td>1700<\/td>\n<td>1700<\/td>\n<td>1800<\/td>\n<td>1800<\/td>\n<td>2000<\/td>\n<td>2000<\/td>\n<td>2000<\/td>\n<\/tr>\n<tr>\n<td rowspan=\"2\"><img loading=\"lazy\" decoding=\"async\" src=\"https:\/\/pronjasmachinery.com\/wp-content\/uploads\/2024\/03\/%E5%9B%BE%E7%89%87158.png\" alt=\"D\u00fcz \u00c7ubuk B\u00fckme\" width=\"128\" height=\"43\" \/><\/td>\n<td>D\u00fcz \u00c7ubuk B\u00fckme Maksimum Kesiti<\/td>\n<td>100\u00d718<\/td>\n<td>150\u00d725<\/td>\n<td>180\u00d725<\/td>\n<td>200\u00d730<\/td>\n<td>220\u00d740<\/td>\n<td>250\u00d740<\/td>\n<td>280\u00d750<\/td>\n<td>300\u00d750<\/td>\n<td>330\u00d750<\/td>\n<td>360\u00d760<\/td>\n<td>400\u00d775<\/td>\n<td>500\u00d776<\/td>\n<\/tr>\n<tr>\n<td>Min b\u00fckme \u00e7ap\u0131.<\/td>\n<td>600<\/td>\n<td>700<\/td>\n<td>800<\/td>\n<td>900<\/td>\n<td>1000<\/td>\n<td>1200<\/td>\n<td>1300<\/td>\n<td>1500<\/td>\n<td>1900<\/td>\n<td>2000<\/td>\n<td>2400<\/td>\n<td>2400<\/td>\n<\/tr>\n<tr>\n<td rowspan=\"2\"><img loading=\"lazy\" decoding=\"async\" src=\"https:\/\/pronjasmachinery.com\/wp-content\/uploads\/2024\/03\/%E5%9B%BE%E7%89%87159.png\" alt=\"D\u00fcz \u00c7ubuk B\u00fckme\" width=\"124\" height=\"39\" \/><\/td>\n<td>D\u00fcz \u00c7ubuk B\u00fckme Maksimum Kesiti<\/td>\n<td>50\u00d712<\/td>\n<td>75\u00d716<\/td>\n<td>90\u00d720<\/td>\n<td>100\u00d725<\/td>\n<td>110\u00d740<\/td>\n<td>120\u00d740<\/td>\n<td>150\u00d740<\/td>\n<td>180\u00d730<\/td>\n<td>190\u00d740<\/td>\n<td>190\u00d750<\/td>\n<td>200\u00d750<\/td>\n<td>200\u00d760<\/td>\n<\/tr>\n<tr>\n<td>Min b\u00fckme \u00e7ap\u0131.<\/td>\n<td>500<\/td>\n<td>760<\/td>\n<td>800<\/td>\n<td>1000<\/td>\n<td>1100<\/td>\n<td>1300<\/td>\n<td>1500<\/td>\n<td>2000<\/td>\n<td>2000<\/td>\n<td>2400<\/td>\n<td>2200<\/td>\n<td>2500<\/td>\n<\/tr>\n<tr>\n<td rowspan=\"2\">\u00a0<\/td>\n<td>B\u00fckme Borusu Maksimum Kesiti<\/td>\n<td>42\u00d74<\/td>\n<td>76\u00d74.5<\/td>\n<td>89\u00d75<\/td>\n<td>89\u00d78<\/td>\n<td>114\u00d75<\/td>\n<td>159\u00d75<\/td>\n<td>168\u00d76<\/td>\n<td>168\u00d78<\/td>\n<td>219\u00d78<\/td>\n<td>245\u00d78<\/td>\n<td>273\u00d78<\/td>\n<td>323\u00d710<\/td>\n<\/tr>\n<tr>\n<td>Min b\u00fckme \u00e7ap\u0131.<\/td>\n<td>500<\/td>\n<td>750<\/td>\n<td>900<\/td>\n<td>900<\/td>\n<td>1200<\/td>\n<td>2000<\/td>\n<td>2000<\/td>\n<td>2000<\/td>\n<td>3500<\/td>\n<td>3000<\/td>\n<td>3500<\/td>\n<td>4200<\/td>\n<\/tr>\n<tr>\n<td rowspan=\"2\"><img loading=\"lazy\" decoding=\"async\" src=\"https:\/\/pronjasmachinery.com\/wp-content\/uploads\/2024\/03\/%E5%9B%BE%E7%89%87160.png\" alt=\"Yuvarlak \u00c7elik B\u00fckme\" width=\"125\" height=\"48\" \/><\/td>\n<td>Yuvarlak \u00c7elik B\u00fckme Maksimum Kesiti<\/td>\n<td>38<\/td>\n<td>52<\/td>\n<td>62<\/td>\n<td>75<\/td>\n<td>85<\/td>\n<td>90<\/td>\n<td>100<\/td>\n<td>110<\/td>\n<td>120<\/td>\n<td>135<\/td>\n<td>150<\/td>\n<td>160<\/td>\n<\/tr>\n<tr>\n<td>Min b\u00fckme \u00e7ap\u0131.<\/td>\n<td>450<\/td>\n<td>600<\/td>\n<td>600<\/td>\n<td>800<\/td>\n<td>1000<\/td>\n<td>1100<\/td>\n<td>1200<\/td>\n<td>1300<\/td>\n<td>1350<\/td>\n<td>1800<\/td>\n<td>2000<\/td>\n<td>2000<\/td>\n<\/tr>\n<tr>\n<td rowspan=\"2\"><img loading=\"lazy\" decoding=\"async\" src=\"https:\/\/pronjasmachinery.com\/wp-content\/uploads\/2024\/03\/%E5%9B%BE%E7%89%87161.png\" alt=\"B\u00fckme Kare\" width=\"114\" height=\"38\" \/><\/td>\n<td>B\u00fckme Karesinin maksimum kesiti<\/td>\n<td>45\u00d73<\/td>\n<td>60\u00d74<\/td>\n<td>70\u00d74<\/td>\n<td>80\u00d76<\/td>\n<td>90\u00d78<\/td>\n<td>100\u00d710<\/td>\n<td>125\u00d710<\/td>\n<td>140\u00d710<\/td>\n<td>150\u00d710<\/td>\n<td>165\u00d710<\/td>\n<td>180\u00d712<\/td>\n<td>200\u00d712<\/td>\n<\/tr>\n<tr>\n<td>Min b\u00fckme \u00e7ap\u0131<\/td>\n<td>750<\/td>\n<td>900<\/td>\n<td>1000<\/td>\n<td>1200<\/td>\n<td>1600<\/td>\n<td>2000<\/td>\n<td>2500<\/td>\n<td>3000<\/td>\n<td>3000<\/td>\n<td>3500<\/td>\n<td>3500<\/td>\n<td>5000<\/td>\n<\/tr>\n<tr>\n<td rowspan=\"2\"><img loading=\"lazy\" decoding=\"async\" src=\"https:\/\/pronjasmachinery.com\/wp-content\/uploads\/2024\/03\/%E5%9B%BE%E7%89%87162.png\" alt=\"Min b\u00fckme \u00e7ap\u0131\" width=\"219\" height=\"67\" \/><\/td>\n<td>Maksimum b\u00f6l\u00fcm<\/td>\n<td>\/<\/td>\n<td>\/<\/td>\n<td>\/<\/td>\n<td>\/<\/td>\n<td>10#<\/td>\n<td>12.6#<\/td>\n<td>14#<\/td>\n<td>16#<\/td>\n<td>18#<\/td>\n<td>20.6#<\/td>\n<td>\u00a022.6#<\/td>\n<td>25.6#<\/td>\n<\/tr>\n<tr>\n<td>Min b\u00fckme \u00e7ap\u0131<\/td>\n<td>\/<\/td>\n<td>\/<\/td>\n<td>\/<\/td>\n<td>\/<\/td>\n<td>2000<\/td>\n<td>2500<\/td>\n<td>3000<\/td>\n<td>3500<\/td>\n<td>4000<\/td>\n<td>5000<\/td>\n<td>8000<\/td>\n<td>10000<\/td>\n<\/tr>\n<\/tbody>\n<\/table>\n<\/figure>\n\n<h2 class=\"wp-block-heading\"><strong>3 silindirli profil b\u00fckme makinesinin detaylar\u0131<\/strong><\/h2>\n\n<p><strong>Yap\u0131sal tasar\u0131m:<\/strong>\u00a0Makine \u00e7er\u00e7evesi, sa\u011flaml\u0131k ve dayan\u0131kl\u0131l\u0131k sa\u011flamak i\u00e7in \u00e7elikten yap\u0131lm\u0131\u015ft\u0131r.<br \/><strong>Tahrik sistemi:<\/strong>\u00a0Her \u00fc\u00e7 silindir de hidrolik tahriklidir ve verimli \u00e7al\u0131\u015fmay\u0131 sa\u011flamak i\u00e7in g\u00fc\u00e7l\u00fc bir g\u00fc\u00e7 sa\u011flar.<br \/><strong>Mobil kontrol paneli:<\/strong>\u00a0\u00c7al\u0131\u015fma esnekli\u011fini art\u0131rmak i\u00e7in operat\u00f6r\u00fcn farkl\u0131 pozisyonlarda kontrol etmesi kolayd\u0131r.<br \/><strong>Yatay ve Dikey \u00c7al\u0131\u015fma Pozisyonlar\u0131:<\/strong>\u00a0\u00c7al\u0131\u015fma duru\u015fu, farkl\u0131 \u00e7al\u0131\u015fma ortamlar\u0131na uyum sa\u011flayarak i\u015fleme ihtiya\u00e7lar\u0131na g\u00f6re ayarlanabilir.<br \/><strong>K\u0131lavuz silindir cihaz\u0131:<\/strong>\u00a0Asimetrik profiller haddelenirken, k\u0131lavuz silindir bozulmay\u0131 \u00f6nler ve bitmi\u015f \u00fcr\u00fcn\u00fcn kalitesini garanti eder.<\/p>\n\n<h2 class=\"wp-block-heading\"><strong>\u00a03 silindirli profil b\u00fckme makinesi uygulamalar\u0131<\/strong><\/h2>\n\n<ul class=\"wp-block-list\">\n<li><strong>Petrol ve kimya end\u00fcstrisi:<\/strong>\u00a0boru ve ekipman yap\u0131lar\u0131n\u0131n imalat\u0131 i\u00e7in.<\/li>\n\n<li><strong>Hidroelektrik end\u00fcstrisi:<\/strong>\u00a0Hidroelektrik santralleri i\u00e7in gerekli her t\u00fcrl\u00fc \u00e7elik bile\u015feni sa\u011flamak.<\/li>\n<\/ul>\n\n<figure class=\"wp-block-image\"><img loading=\"lazy\" decoding=\"async\" class=\"wp-image-4908\" src=\"https:\/\/pronjasmachinery.com\/wp-content\/uploads\/2024\/03\/6-3-300x225.jpg\" alt=\"\" width=\"373\" height=\"280\" srcset=\"https:\/\/pronjasmachinery.com\/wp-content\/uploads\/2024\/03\/6-3-300x225.jpg 300w, https:\/\/pronjasmachinery.com\/wp-content\/uploads\/2024\/03\/6-3-768x576.jpg 768w, https:\/\/pronjasmachinery.com\/wp-content\/uploads\/2024\/03\/6-3.jpg 800w\" sizes=\"(max-width: 373px) 100vw, 373px\" \/><img loading=\"lazy\" decoding=\"async\" class=\"wp-image-4880\" src=\"https:\/\/pronjasmachinery.com\/wp-content\/uploads\/2024\/03\/30-300x225.jpg\" alt=\"\" width=\"373\" height=\"280\" srcset=\"https:\/\/pronjasmachinery.com\/wp-content\/uploads\/2024\/03\/30-300x225.jpg 300w, https:\/\/pronjasmachinery.com\/wp-content\/uploads\/2024\/03\/30-768x576.jpg 768w, https:\/\/pronjasmachinery.com\/wp-content\/uploads\/2024\/03\/30.jpg 800w\" sizes=\"(max-width: 373px) 100vw, 373px\" \/><\/figure>\n\n<ul class=\"wp-block-list\">\n<li><strong>Gemi yap\u0131m\u0131:<\/strong>\u00a0gemi g\u00f6vdeleri ve di\u011fer ilgili yap\u0131lar\u0131 \u00fcretmek i\u00e7in.<\/li>\n\n<li><strong>Makine imalat\u0131:<\/strong>\u00a0makine ve ekipman i\u00e7in yap\u0131sal bile\u015fenler \u00fcretmek i\u00e7in kullan\u0131l\u0131r.<\/li>\n<\/ul>\n\n<figure class=\"wp-block-image\"><img loading=\"lazy\" decoding=\"async\" class=\"wp-image-4853\" src=\"https:\/\/pronjasmachinery.com\/wp-content\/uploads\/2024\/03\/%E5%9B%BE%E7%89%87245-300x212.png\" alt=\"\" width=\"396\" height=\"280\" \/><img loading=\"lazy\" decoding=\"async\" class=\"wp-image-4851\" src=\"https:\/\/pronjasmachinery.com\/wp-content\/uploads\/2024\/03\/%E5%9B%BE%E7%89%87243-300x212.png\" alt=\"\" width=\"396\" height=\"280\" \/><\/figure>\n\n<h2 class=\"wp-block-heading\"><strong>3 silindirli profil b\u00fckme makinesinin teknik k\u0131lavuzu<\/strong><\/h2>\n\n<p>W24S profil b\u00fckme makinesinin verimli \u00e7al\u0131\u015fmas\u0131n\u0131 sa\u011flamak i\u00e7in d\u00fczenli olarak yap\u0131lmas\u0131 gereken bak\u0131mlar a\u015fa\u011f\u0131daki gibidir:<\/p>\n\n<ul class=\"wp-block-list\">\n<li><strong>Hidrolik sistem kontrol\u00fc:<\/strong>\u00a0Ya\u011f\u0131 iyi durumda tutmak ve hidrolik sistemin normal \u00e7al\u0131\u015fmas\u0131n\u0131 sa\u011flamak i\u00e7in hidrolik ya\u011f\u0131 do\u011fru seviyede ve temiz tutun.<\/li>\n\n<li><strong>Silindir bak\u0131m\u0131:<\/strong>\u00a0Kaliteli haddeleme sa\u011flamak i\u00e7in silindirleri temiz tutun ve d\u00fczenli olarak ya\u011flay\u0131n, ayr\u0131ca a\u015f\u0131nma ve y\u0131pranma olup olmad\u0131\u011f\u0131n\u0131 kontrol edin.<\/li>\n\n<li><strong>Elektrik sistemi bak\u0131m\u0131:<\/strong>\u00a0\u00dcretimi etkileyebilecek ar\u0131zalar\u0131 \u00f6nlemek i\u00e7in PLC kontrol sistemi ve elektrik hatlar\u0131n\u0131n kontrol\u00fcnde \u00f6nleyici bak\u0131m.<\/li>\n\n<li><strong>Operasyon i\u00e7in e\u011fitim:<\/strong>\u00a0Kullan\u0131c\u0131, i\u015flevlere ve g\u00fcvenlik \u00f6nlemlerine a\u015fina olmak i\u00e7in ekipman\u0131n \u00e7al\u0131\u015ft\u0131r\u0131lmas\u0131 konusunda e\u011fitilmelidir.<\/li>\n<\/ul>\n\t\t\t\t\t\t\t\t<\/div>\n\t\t\t\t\t<\/div>\n\t\t\t\t<\/div>\n\t\t\t\t<\/div>","protected":false},"excerpt":{"rendered":"<p>The W24S 3-roll profile bending machine is a machine designed to efficiently process a wide range of shaped steel profiles, [&hellip;]<\/p>","protected":false},"author":4,"featured_media":6056,"menu_order":0,"template":"","format":"standard","meta":{"_acf_changed":false,"site-sidebar-layout":"default","site-content-layout":"","ast-site-content-layout":"default","site-content-style":"default","site-sidebar-style":"default","ast-global-header-display":"","ast-banner-title-visibility":"","ast-main-header-display":"","ast-hfb-above-header-display":"","ast-hfb-below-header-display":"","ast-hfb-mobile-header-display":"","site-post-title":"","ast-breadcrumbs-content":"","ast-featured-img":"","footer-sml-layout":"","ast-disable-related-posts":"","theme-transparent-header-meta":"","adv-header-id-meta":"","stick-header-meta":"","header-above-stick-meta":"","header-main-stick-meta":"","header-below-stick-meta":"","astra-migrate-meta-layouts":"set","ast-page-background-enabled":"default","ast-page-background-meta":{"desktop":{"background-color":"","background-image":"","background-repeat":"repeat","background-position":"center center","background-size":"auto","background-attachment":"scroll","background-type":"","background-media":"","overlay-type":"","overlay-color":"","overlay-opacity":"","overlay-gradient":""},"tablet":{"background-color":"","background-image":"","background-repeat":"repeat","background-position":"center center","background-size":"auto","background-attachment":"scroll","background-type":"","background-media":"","overlay-type":"","overlay-color":"","overlay-opacity":"","overlay-gradient":""},"mobile":{"background-color":"","background-image":"","background-repeat":"repeat","background-position":"center center","background-size":"auto","background-attachment":"scroll","background-type":"","background-media":"","overlay-type":"","overlay-color":"","overlay-opacity":"","overlay-gradient":""}},"ast-content-background-meta":{"desktop":{"background-color":"var(--ast-global-color-5)","background-image":"","background-repeat":"repeat","background-position":"center center","background-size":"auto","background-attachment":"scroll","background-type":"","background-media":"","overlay-type":"","overlay-color":"","overlay-opacity":"","overlay-gradient":""},"tablet":{"background-color":"var(--ast-global-color-5)","background-image":"","background-repeat":"repeat","background-position":"center center","background-size":"auto","background-attachment":"scroll","background-type":"","background-media":"","overlay-type":"","overlay-color":"","overlay-opacity":"","overlay-gradient":""},"mobile":{"background-color":"var(--ast-global-color-5)","background-image":"","background-repeat":"repeat","background-position":"center center","background-size":"auto","background-attachment":"scroll","background-type":"","background-media":"","overlay-type":"","overlay-color":"","overlay-opacity":"","overlay-gradient":""}},"footnotes":""},"product-category":[33],"product-tag":[],"class_list":["post-26700","product","type-product","status-publish","format-standard","has-post-thumbnail","hentry","product-category-profile-bending-machine"],"acf":[],"_links":{"self":[{"href":"https:\/\/pronjasmachinery.com\/tr\/wp-json\/wp\/v2\/product\/26700","targetHints":{"allow":["GET"]}}],"collection":[{"href":"https:\/\/pronjasmachinery.com\/tr\/wp-json\/wp\/v2\/product"}],"about":[{"href":"https:\/\/pronjasmachinery.com\/tr\/wp-json\/wp\/v2\/types\/product"}],"author":[{"embeddable":true,"href":"https:\/\/pronjasmachinery.com\/tr\/wp-json\/wp\/v2\/users\/4"}],"version-history":[{"count":0,"href":"https:\/\/pronjasmachinery.com\/tr\/wp-json\/wp\/v2\/product\/26700\/revisions"}],"wp:featuredmedia":[{"embeddable":true,"href":"https:\/\/pronjasmachinery.com\/tr\/wp-json\/wp\/v2\/media\/6056"}],"wp:attachment":[{"href":"https:\/\/pronjasmachinery.com\/tr\/wp-json\/wp\/v2\/media?parent=26700"}],"wp:term":[{"taxonomy":"product-category","embeddable":true,"href":"https:\/\/pronjasmachinery.com\/tr\/wp-json\/wp\/v2\/product-category?post=26700"},{"taxonomy":"product-tag","embeddable":true,"href":"https:\/\/pronjasmachinery.com\/tr\/wp-json\/wp\/v2\/product-tag?post=26700"}],"curies":[{"name":"wp","href":"https:\/\/api.w.org\/{rel}","templated":true}]}}